{"id":11331,"date":"2024-07-24T13:23:06","date_gmt":"2024-07-24T11:23:06","guid":{"rendered":"https:\/\/isga.ma\/isga\/?page_id=11331"},"modified":"2024-07-24T13:47:13","modified_gmt":"2024-07-24T11:47:13","slug":"nos-temoignages","status":"publish","type":"page","link":"https:\/\/isga.ma\/isga\/nos-temoignages\/","title":{"rendered":"T\u00e9moignages \u00e9tudiants"},"content":{"rendered":"<p>[et_pb_section fb_built=\u00a0\u00bb1&Prime; fullwidth=\u00a0\u00bbon\u00a0\u00bb module_class=\u00a0\u00bbde-inner-page-header\u00a0\u00bb _builder_version=\u00a0\u00bb4.9.7&Prime; background_color=\u00a0\u00bbrgba(6,22,47,0.6)\u00a0\u00bb background_enable_color=\u00a0\u00bboff\u00a0\u00bb background_image=\u00a0\u00bbhttps:\/\/isga.ma\/isga\/wp-content\/uploads\/2021\/06\/about-header.jpg\u00a0\u00bb parallax=\u00a0\u00bbon\u00a0\u00bb][et_pb_fullwidth_post_title meta=\u00a0\u00bboff\u00a0\u00bb featured_image=\u00a0\u00bboff\u00a0\u00bb text_color=\u00a0\u00bblight\u00a0\u00bb admin_label=\u00a0\u00bbPage Title\u00a0\u00bb _builder_version=\u00a0\u00bb4.4.1&Prime; title_font=\u00a0\u00bb|300|||||||\u00a0\u00bb title_font_size=\u00a0\u00bb60px\u00a0\u00bb parallax=\u00a0\u00bbon\u00a0\u00bb parallax_method=\u00a0\u00bboff\u00a0\u00bb title_font_size_tablet=\u00a0\u00bb50px\u00a0\u00bb title_font_size_phone=\u00a0\u00bb40px\u00a0\u00bb title_font_size_last_edited=\u00a0\u00bbon|phone\u00a0\u00bb parallax_effect=\u00a0\u00bbon\u00a0\u00bb border_style=\u00a0\u00bbsolid\u00a0\u00bb][\/et_pb_fullwidth_post_title][\/et_pb_section][et_pb_section fb_built=\u00a0\u00bb1&Prime; module_class=\u00a0\u00bbstudent-services-section\u00a0\u00bb _builder_version=\u00a0\u00bb4.9.7&Prime; custom_margin=\u00a0\u00bb||||false|false\u00a0\u00bb transparent_background=\u00a0\u00bboff\u00a0\u00bb make_fullwidth=\u00a0\u00bboff\u00a0\u00bb use_custom_width=\u00a0\u00bboff\u00a0\u00bb width_unit=\u00a0\u00bbon\u00a0\u00bb locked=\u00a0\u00bboff\u00a0\u00bb][et_pb_row column_structure=\u00a0\u00bb1_4,3_4&Prime; _builder_version=\u00a0\u00bb4.9.7&Prime; _module_preset=\u00a0\u00bbdefault\u00a0\u00bb custom_margin=\u00a0\u00bb20px||20px||false|false\u00a0\u00bb custom_css_main_element=\u00a0\u00bb    box-shadow: -3px 0px 6px 0px #0000006e;||    padding: 31px;||    margin-bottom: 20px;\u00a0\u00bb][et_pb_column type=\u00a0\u00bb1_4&Prime; _builder_version=\u00a0\u00bb4.9.7&Prime; _module_preset=\u00a0\u00bbdefault\u00a0\u00bb][et_pb_text admin_label=\u00a0\u00bbTextedxcccgggg\u00a0\u00bb _builder_version=\u00a0\u00bb4.9.7&Prime; _module_preset=\u00a0\u00bbdefault\u00a0\u00bb]<\/p>\n<h1 style=\"color: #1b9476;\">Arfa Chaimae<\/h1>\n<h4>Master sp\u00e9cialis\u00e9 en comptabilit\u00e9 contr\u00f4le\u00a0et\u00a0audit<\/h4>\n<p>[\/et_pb_text][\/et_pb_column][et_pb_column type=\u00a0\u00bb3_4&Prime; _builder_version=\u00a0\u00bb4.9.7&Prime; _module_preset=\u00a0\u00bbdefault\u00a0\u00bb][et_pb_text admin_label=\u00a0\u00bbTexted\u00a0\u00bb _builder_version=\u00a0\u00bb4.9.7&Prime; _module_preset=\u00a0\u00bbdefault\u00a0\u00bb custom_css_before=\u00a0\u00bb    content: %22,,%22;||    font-size: 54px;||    left: 50%;||    position: absolute;||    top: -47px;||    \/* background: #f5f5f5; *\/||    border-radius: 31px;||    z-index: 2;||    left: 0;||    height: 10px;\u00a0\u00bb]<\/p>\n<p data-pm-slice=\"1 1 []\">Je suis tr\u00e8s satisfaite de mon exp\u00e9rience \u00e0 l&rsquo;ISGA F\u00e8s, o\u00f9 j&rsquo;ai \u00e9tudi\u00e9 le Master en Comptabilit\u00e9 et Contr\u00f4le Audit. Cette \u00e9cole m&rsquo;a s\u00e9duite par son excellence acad\u00e9mique et la qualit\u00e9 de son enseignement. Les cours sont bien structur\u00e9s, alliant th\u00e9orie et pratique, et les enseignants sont hautement qualifi\u00e9s. Gr\u00e2ce \u00e0 l&rsquo;ISGA F\u00e8s, j&rsquo;ai d\u00e9velopp\u00e9 des comp\u00e9tences essentielles en comptabilit\u00e9, contr\u00f4le audit, communication et leadership. Je recommande vivement cette institution \u00e0 ceux qui aspirent \u00e0 une formation de haut niveau.<\/p>\n<p>[\/et_pb_text][\/et_pb_column][\/et_pb_row][et_pb_row column_structure=\u00a0\u00bb1_4,3_4&Prime; _builder_version=\u00a0\u00bb4.9.7&Prime; _module_preset=\u00a0\u00bbdefault\u00a0\u00bb custom_margin=\u00a0\u00bb20px||20px||false|false\u00a0\u00bb custom_css_main_element=\u00a0\u00bb    box-shadow: -3px 0px 6px 0px #0000006e;||    padding: 31px;||    margin-bottom: 20px;\u00a0\u00bb][et_pb_column type=\u00a0\u00bb1_4&Prime; _builder_version=\u00a0\u00bb4.9.7&Prime; _module_preset=\u00a0\u00bbdefault\u00a0\u00bb][et_pb_text admin_label=\u00a0\u00bbTextedxcccgggg\u00a0\u00bb _builder_version=\u00a0\u00bb4.9.7&Prime; _module_preset=\u00a0\u00bbdefault\u00a0\u00bb]<\/p>\n<h1 style=\"color: #1b9476;\">Mohammed Chadmi<\/h1>\n<h4>1re ann\u00e9e en Management d&rsquo;entreprises<\/h4>\n<p>[\/et_pb_text][\/et_pb_column][et_pb_column type=\u00a0\u00bb3_4&Prime; _builder_version=\u00a0\u00bb4.9.7&Prime; _module_preset=\u00a0\u00bbdefault\u00a0\u00bb][et_pb_text admin_label=\u00a0\u00bbTexted\u00a0\u00bb _builder_version=\u00a0\u00bb4.9.7&Prime; _module_preset=\u00a0\u00bbdefault\u00a0\u00bb custom_css_before=\u00a0\u00bb    content: %22,,%22;||    font-size: 54px;||    left: 50%;||    position: absolute;||    top: -47px;||    \/* background: #f5f5f5; *\/||    border-radius: 31px;||    z-index: 2;||    left: 0;||    height: 10px;\u00a0\u00bb]<\/p>\n<p data-pm-slice=\"1 1 []\">Mon exp\u00e9rience \u00e0 l&rsquo;ISGA F\u00e8s a \u00e9t\u00e9 tr\u00e8s positive jusqu&rsquo;\u00e0 pr\u00e9sent. D\u00e8s ma premi\u00e8re ann\u00e9e, j&rsquo;ai \u00e9t\u00e9 impressionn\u00e9 par la qualit\u00e9 de l&rsquo;enseignement et l&rsquo;encadrement des professeurs. Les cours sont bien structur\u00e9s, m\u00ealant apports th\u00e9oriques et applications pratiques, ce qui m&rsquo;a permis de d\u00e9velopper une solide compr\u00e9hension des fondamentaux de l&rsquo;ing\u00e9nierie. Les salles de TP et les \u00e9quipements modernes nous offrent l&rsquo;opportunit\u00e9 de mettre en pratique nos connaissances. Je me sens soutenu et motiv\u00e9 pour poursuivre cette formation d&rsquo;excellence. Je suis convaincu que l&rsquo;ISGA F\u00e8s me permettra d&rsquo;acqu\u00e9rir les comp\u00e9tences n\u00e9cessaires pour r\u00e9ussir dans ma carri\u00e8re d&rsquo;ing\u00e9nieur.<\/p>\n<p>[\/et_pb_text][\/et_pb_column][\/et_pb_row][et_pb_row column_structure=\u00a0\u00bb1_4,3_4&Prime; _builder_version=\u00a0\u00bb4.9.7&Prime; _module_preset=\u00a0\u00bbdefault\u00a0\u00bb custom_margin=\u00a0\u00bb20px||20px||false|false\u00a0\u00bb custom_css_main_element=\u00a0\u00bb    box-shadow: -3px 0px 6px 0px #0000006e;||    padding: 31px;||    margin-bottom: 20px;\u00a0\u00bb][et_pb_column type=\u00a0\u00bb1_4&Prime; _builder_version=\u00a0\u00bb4.9.7&Prime; _module_preset=\u00a0\u00bbdefault\u00a0\u00bb][et_pb_text admin_label=\u00a0\u00bbTextedxcccgggg\u00a0\u00bb _builder_version=\u00a0\u00bb4.9.7&Prime; _module_preset=\u00a0\u00bbdefault\u00a0\u00bb]<\/p>\n<h1 style=\"color: #1b9476;\">Oughegi Hiba<\/h1>\n<h4>2e ann\u00e9e en Syst\u00e8me d\u2019information et management d\u2019entreprise<\/h4>\n<p>[\/et_pb_text][\/et_pb_column][et_pb_column type=\u00a0\u00bb3_4&Prime; _builder_version=\u00a0\u00bb4.9.7&Prime; _module_preset=\u00a0\u00bbdefault\u00a0\u00bb][et_pb_text admin_label=\u00a0\u00bbTexted\u00a0\u00bb _builder_version=\u00a0\u00bb4.9.7&Prime; _module_preset=\u00a0\u00bbdefault\u00a0\u00bb custom_css_before=\u00a0\u00bb    content: %22,,%22;||    font-size: 54px;||    left: 50%;||    position: absolute;||    top: -47px;||    \/* background: #f5f5f5; *\/||    border-radius: 31px;||    z-index: 2;||    left: 0;||    height: 10px;\u00a0\u00bb]<\/p>\n<p data-pm-slice=\"1 1 []\">Depuis deux ans, j&rsquo;ai \u00e9t\u00e9 immerg\u00e9e dans le monde du management \u00e0 l&rsquo;ISGA de F\u00e8s. Cette exp\u00e9rience m&rsquo;a permis de d\u00e9velopper des comp\u00e9tences professionnelles solides et a \u00e9t\u00e9 incroyablement enrichissante sur le plan personnel, me pr\u00e9parant ainsi efficacement pour le march\u00e9 du travail. L&rsquo;ISGA est bien plus qu&rsquo;une \u00e9cole ; c&rsquo;est un lieu o\u00f9 l&rsquo;on devient un professionnel accompli tout en se sentant chez soi. L&rsquo;atmosph\u00e8re chaleureuse et familiale entre les \u00e9tudiants et les enseignants est unique, et le soutien constant de mes professeurs et de l&rsquo;administration a \u00e9t\u00e9 inestimable.<\/p>\n<p>En dehors des cours, l&rsquo;ISGA propose de nombreuses activit\u00e9s extrascolaires essentielles \u00e0 notre d\u00e9veloppement. Ces activit\u00e9s m&rsquo;ont permis de rencontrer de nouvelles personnes, de travailler en \u00e9quipe et de grandir en tant qu&rsquo;individu. Elles ont rendu mon exp\u00e9rience encore plus enrichissante et m\u00e9morable, ajoutant une dimension suppl\u00e9mentaire \u00e0 ma formation acad\u00e9mique.<\/p>\n<p>[\/et_pb_text][\/et_pb_column][\/et_pb_row][et_pb_row column_structure=\u00a0\u00bb1_4,3_4&Prime; _builder_version=\u00a0\u00bb4.9.7&Prime; _module_preset=\u00a0\u00bbdefault\u00a0\u00bb custom_margin=\u00a0\u00bb20px||20px||false|false\u00a0\u00bb custom_css_main_element=\u00a0\u00bb    box-shadow: -3px 0px 6px 0px #0000006e;||    padding: 31px;||    margin-bottom: 20px;\u00a0\u00bb][et_pb_column type=\u00a0\u00bb1_4&Prime; _builder_version=\u00a0\u00bb4.9.7&Prime; _module_preset=\u00a0\u00bbdefault\u00a0\u00bb][et_pb_text admin_label=\u00a0\u00bbTextedxcccgggg\u00a0\u00bb _builder_version=\u00a0\u00bb4.9.7&Prime; _module_preset=\u00a0\u00bbdefault\u00a0\u00bb]<\/p>\n<h1 style=\"color: #1b9476;\">MOURROU Aya<\/h1>\n<h4>2e ann\u00e9e du cycle d\u2019ing\u00e9nieur des syst\u00e8mes informatiques<\/h4>\n<p>[\/et_pb_text][\/et_pb_column][et_pb_column type=\u00a0\u00bb3_4&Prime; _builder_version=\u00a0\u00bb4.9.7&Prime; _module_preset=\u00a0\u00bbdefault\u00a0\u00bb][et_pb_text admin_label=\u00a0\u00bbTexted\u00a0\u00bb _builder_version=\u00a0\u00bb4.9.7&Prime; _module_preset=\u00a0\u00bbdefault\u00a0\u00bb custom_css_before=\u00a0\u00bb    content: %22,,%22;||    font-size: 54px;||    left: 50%;||    position: absolute;||    top: -47px;||    \/* background: #f5f5f5; *\/||    border-radius: 31px;||    z-index: 2;||    left: 0;||    height: 10px;\u00a0\u00bb]<\/p>\n<p data-pm-slice=\"1 1 []\">Je suis actuellement en deuxi\u00e8me ann\u00e9e du cycle d\u2019ing\u00e9nieur \u00e0 l\u2019Institut Sup\u00e9rieur d\u2019Ing\u00e9nierie et des Affaires (ISGA), et je suis extr\u00eamement reconnaissante pour l\u2019exp\u00e9rience que j\u2019y ai v\u00e9cue. Les cadres, les enseignants et les professeurs sont tous remarquables et contribuent \u00e0 cr\u00e9er un environnement d\u2019apprentissage exceptionnel. Il ne me reste plus qu\u2019une ann\u00e9e avant de terminer, et je ressens d\u00e9j\u00e0 la nostalgie de quitter cet endroit qui m\u2019a tant apport\u00e9.<\/p>\n<p>[\/et_pb_text][\/et_pb_column][\/et_pb_row][\/et_pb_section][et_pb_section fb_built=\u00a0\u00bb1&Prime; _builder_version=\u00a0\u00bb4.9.7&Prime; background_enable_color=\u00a0\u00bboff\u00a0\u00bb custom_css_before=\u00a0\u00bbposition: absolute;||    top: -5px;||    left: 0;||    content: %22%22;||    pointer-events: none;||    width: 30%;||    height: 5px;||    background-color: #317ac1!important;\u00a0\u00bb transparent_background=\u00a0\u00bboff\u00a0\u00bb make_fullwidth=\u00a0\u00bboff\u00a0\u00bb use_custom_width=\u00a0\u00bboff\u00a0\u00bb width_unit=\u00a0\u00bbon\u00a0\u00bb locked=\u00a0\u00bboff\u00a0\u00bb][et_pb_row module_class=\u00a0\u00bbcta-blue-btn\u00a0\u00bb _builder_version=\u00a0\u00bb4.9.7&Prime; background_size=\u00a0\u00bbinitial\u00a0\u00bb background_position=\u00a0\u00bbtop_left\u00a0\u00bb background_repeat=\u00a0\u00bbrepeat\u00a0\u00bb custom_margin=\u00a0\u00bb-4%||||false|false\u00a0\u00bb make_fullwidth=\u00a0\u00bboff\u00a0\u00bb use_custom_width=\u00a0\u00bboff\u00a0\u00bb width_unit=\u00a0\u00bbon\u00a0\u00bb][et_pb_column type=\u00a0\u00bb4_4&Prime; _builder_version=\u00a0\u00bb3.25&Prime; custom_padding=\u00a0\u00bb|||\u00a0\u00bb custom_padding__hover=\u00a0\u00bb|||\u00a0\u00bb][et_pb_cta title=\u00a0\u00bbPour plus d&rsquo;informations sur nos programmes de formation n&rsquo;h\u00e9sitez pas \u00e0 nous contacter en cliquant ci-dessous\u00a0\u00bb button_url=\u00a0\u00bb@ET-DC@eyJkeW5hbWljIjp0cnVlLCJjb250ZW50IjoicG9zdF9saW5rX3VybF9wYWdlIiwic2V0dGluZ3MiOnsicG9zdF9pZCI6IjM1NiJ9fQ==@\u00a0\u00bb button_text=\u00a0\u00bbContactez-nous !\u00a0\u00bb module_class=\u00a0\u00bbcta-light\u00a0\u00bb _builder_version=\u00a0\u00bb4.9.7&Prime; _dynamic_attributes=\u00a0\u00bbbutton_url\u00a0\u00bb header_level=\u00a0\u00bbh4&Prime; header_font=\u00a0\u00bbRaleway|700|||||||\u00a0\u00bb header_text_color=\u00a0\u00bb#555556&Prime; header_font_size=\u00a0\u00bb30px\u00a0\u00bb header_line_height=\u00a0\u00bb1.3em\u00a0\u00bb background_enable_color=\u00a0\u00bboff\u00a0\u00bb background_size=\u00a0\u00bbinitial\u00a0\u00bb background_position=\u00a0\u00bbtop_left\u00a0\u00bb background_repeat=\u00a0\u00bbrepeat\u00a0\u00bb custom_button=\u00a0\u00bbon\u00a0\u00bb button_text_size=\u00a0\u00bb15px\u00a0\u00bb button_text_color=\u00a0\u00bb#ffffff\u00a0\u00bb button_bg_color=\u00a0\u00bb#1b9476&Prime; button_border_width=\u00a0\u00bb2px\u00a0\u00bb button_border_radius=\u00a0\u00bb10px\u00a0\u00bb button_font=\u00a0\u00bb|800||on|||||\u00a0\u00bb button_use_icon=\u00a0\u00bboff\u00a0\u00bb button_custom_padding=\u00a0\u00bb10px|10px|10px|10px|true|true\u00a0\u00bb background_layout=\u00a0\u00bblight\u00a0\u00bb animation_style=\u00a0\u00bbzoom\u00a0\u00bb hover_enabled=\u00a0\u00bb0&Prime; header_font_size_tablet=\u00a0\u00bb20px\u00a0\u00bb header_font_size_phone=\u00a0\u00bb\u00a0\u00bb header_font_size_last_edited=\u00a0\u00bbon|tablet\u00a0\u00bb box_shadow_style_button=\u00a0\u00bbpreset3&Prime; use_border_color=\u00a0\u00bboff\u00a0\u00bb border_color=\u00a0\u00bb#ffffff\u00a0\u00bb border_style=\u00a0\u00bbsolid\u00a0\u00bb button_letter_spacing_hover=\u00a0\u00bb0&Prime; button_text_size__hover_enabled=\u00a0\u00bboff\u00a0\u00bb button_one_text_size__hover_enabled=\u00a0\u00bboff\u00a0\u00bb button_two_text_size__hover_enabled=\u00a0\u00bboff\u00a0\u00bb button_text_color__hover_enabled=\u00a0\u00bboff\u00a0\u00bb button_one_text_color__hover_enabled=\u00a0\u00bboff\u00a0\u00bb button_two_text_color__hover_enabled=\u00a0\u00bboff\u00a0\u00bb button_border_width__hover_enabled=\u00a0\u00bboff\u00a0\u00bb button_one_border_width__hover_enabled=\u00a0\u00bboff\u00a0\u00bb button_two_border_width__hover_enabled=\u00a0\u00bboff\u00a0\u00bb button_border_color__hover_enabled=\u00a0\u00bboff\u00a0\u00bb button_one_border_color__hover_enabled=\u00a0\u00bboff\u00a0\u00bb button_two_border_color__hover_enabled=\u00a0\u00bboff\u00a0\u00bb button_border_radius__hover_enabled=\u00a0\u00bboff\u00a0\u00bb button_one_border_radius__hover_enabled=\u00a0\u00bboff\u00a0\u00bb button_two_border_radius__hover_enabled=\u00a0\u00bboff\u00a0\u00bb button_letter_spacing__hover_enabled=\u00a0\u00bbon\u00a0\u00bb button_letter_spacing__hover=\u00a0\u00bb0&Prime; button_one_letter_spacing__hover_enabled=\u00a0\u00bboff\u00a0\u00bb button_two_letter_spacing__hover_enabled=\u00a0\u00bboff\u00a0\u00bb button_bg_color__hover_enabled=\u00a0\u00bbon|hover\u00a0\u00bb button_one_bg_color__hover_enabled=\u00a0\u00bboff\u00a0\u00bb button_two_bg_color__hover_enabled=\u00a0\u00bboff\u00a0\u00bb sticky_enabled=\u00a0\u00bb0&Prime;][\/et_pb_cta][\/et_pb_column][\/et_pb_row][\/et_pb_section]<\/p>\n","protected":false},"excerpt":{"rendered":"<p>[et_pb_section fb_built=\u00a0\u00bb1&Prime; fullwidth=\u00a0\u00bbon\u00a0\u00bb module_class=\u00a0\u00bbde-inner-page-header\u00a0\u00bb _builder_version=\u00a0\u00bb4.9.7&Prime; background_color=\u00a0\u00bbrgba(6,22,47,0.6)\u00a0\u00bb background_enable_color=\u00a0\u00bboff\u00a0\u00bb background_image=\u00a0\u00bbhttps:\/\/isga.ma\/isga\/wp-content\/uploads\/2021\/06\/about-header.jpg\u00a0\u00bb parallax=\u00a0\u00bbon\u00a0\u00bb][et_pb_fullwidth_post_title meta=\u00a0\u00bboff\u00a0\u00bb featured_image=\u00a0\u00bboff\u00a0\u00bb text_color=\u00a0\u00bblight\u00a0\u00bb admin_label=\u00a0\u00bbPage Title\u00a0\u00bb _builder_version=\u00a0\u00bb4.4.1&Prime; title_font=\u00a0\u00bb|300|||||||\u00a0\u00bb title_font_size=\u00a0\u00bb60px\u00a0\u00bb parallax=\u00a0\u00bbon\u00a0\u00bb parallax_method=\u00a0\u00bboff\u00a0\u00bb title_font_size_tablet=\u00a0\u00bb50px\u00a0\u00bb title_font_size_phone=\u00a0\u00bb40px\u00a0\u00bb title_font_size_last_edited=\u00a0\u00bbon|phone\u00a0\u00bb parallax_effect=\u00a0\u00bbon\u00a0\u00bb border_style=\u00a0\u00bbsolid\u00a0\u00bb][\/et_pb_fullwidth_post_title][\/et_pb_section][et_pb_section fb_built=\u00a0\u00bb1&Prime; module_class=\u00a0\u00bbstudent-services-section\u00a0\u00bb _builder_version=\u00a0\u00bb4.9.7&Prime; custom_margin=\u00a0\u00bb||||false|false\u00a0\u00bb transparent_background=\u00a0\u00bboff\u00a0\u00bb make_fullwidth=\u00a0\u00bboff\u00a0\u00bb use_custom_width=\u00a0\u00bboff\u00a0\u00bb width_unit=\u00a0\u00bbon\u00a0\u00bb locked=\u00a0\u00bboff\u00a0\u00bb][et_pb_row column_structure=\u00a0\u00bb1_4,3_4&Prime; _builder_version=\u00a0\u00bb4.9.7&Prime; _module_preset=\u00a0\u00bbdefault\u00a0\u00bb custom_margin=\u00a0\u00bb20px||20px||false|false\u00a0\u00bb custom_css_main_element=\u00a0\u00bb box-shadow: -3px 0px 6px 0px #0000006e;|| padding: 31px;|| margin-bottom: 20px;\u00a0\u00bb][et_pb_column type=\u00a0\u00bb1_4&Prime; _builder_version=\u00a0\u00bb4.9.7&Prime; _module_preset=\u00a0\u00bbdefault\u00a0\u00bb][et_pb_text admin_label=\u00a0\u00bbTextedxcccgggg\u00a0\u00bb _builder_version=\u00a0\u00bb4.9.7&Prime; _module_preset=\u00a0\u00bbdefault\u00a0\u00bb] Arfa [&hellip;]<\/p>\n","protected":false},"author":4,"featured_media":0,"parent":0,"menu_order":0,"comment_status":"closed","ping_status":"closed","template":"","meta":{"_et_pb_use_builder":"on","_et_pb_old_content":"","_et_gb_content_width":"","content-type":"","footnotes":""},"class_list":["post-11331","page","type-page","status-publish","hentry"],"yoast_head":"<!-- This site is optimized with the Yoast SEO plugin v27.5 - https:\/\/yoast.com\/product\/yoast-seo-wordpress\/ -->\n<title>T\u00e9moignages \u00e9tudiants - ISGA Institut Sup\u00e9rieur d&#039;Ing\u00e9nierie &amp; des Affaires<\/title>\n<meta name=\"description\" content=\"D\u00e9couvrez tous les t\u00e9moignages des anciens laur\u00e9ats de l&#039;ISGA.\" \/>\n<meta name=\"robots\" content=\"noindex, follow, max-snippet:-1, max-image-preview:large, max-video-preview:-1\" \/>\n<meta property=\"og:locale\" content=\"fr_FR\" \/>\n<meta property=\"og:type\" content=\"article\" \/>\n<meta property=\"og:title\" content=\"T\u00e9moignages \u00e9tudiants - ISGA Institut Sup\u00e9rieur d&#039;Ing\u00e9nierie &amp; des Affaires\" \/>\n<meta property=\"og:description\" content=\"D\u00e9couvrez tous les t\u00e9moignages des anciens laur\u00e9ats de l&#039;ISGA.\" \/>\n<meta property=\"og:url\" content=\"https:\/\/isga.ma\/isga\/nos-temoignages\/\" \/>\n<meta property=\"og:site_name\" content=\"ISGA Institut Sup\u00e9rieur d&#039;Ing\u00e9nierie &amp; des Affaires\" \/>\n<meta property=\"article:modified_time\" content=\"2024-07-24T11:47:13+00:00\" \/>\n<meta name=\"twitter:card\" content=\"summary_large_image\" \/>\n<meta name=\"twitter:label1\" content=\"Dur\u00e9e de lecture estim\u00e9e\" \/>\n\t<meta name=\"twitter:data1\" content=\"6 minutes\" \/>\n<script type=\"application\/ld+json\" class=\"yoast-schema-graph\">{\"@context\":\"https:\\\/\\\/schema.org\",\"@graph\":[{\"@type\":\"WebPage\",\"@id\":\"https:\\\/\\\/isga.ma\\\/isga\\\/nos-temoignages\\\/\",\"url\":\"https:\\\/\\\/isga.ma\\\/isga\\\/nos-temoignages\\\/\",\"name\":\"T\u00e9moignages \u00e9tudiants - ISGA Institut Sup\u00e9rieur d&#039;Ing\u00e9nierie &amp; des Affaires\",\"isPartOf\":{\"@id\":\"https:\\\/\\\/isga.ma\\\/isga\\\/#website\"},\"datePublished\":\"2024-07-24T11:23:06+00:00\",\"dateModified\":\"2024-07-24T11:47:13+00:00\",\"description\":\"D\u00e9couvrez tous les t\u00e9moignages des anciens laur\u00e9ats de l'ISGA.\",\"breadcrumb\":{\"@id\":\"https:\\\/\\\/isga.ma\\\/isga\\\/nos-temoignages\\\/#breadcrumb\"},\"inLanguage\":\"fr-FR\",\"potentialAction\":[{\"@type\":\"ReadAction\",\"target\":[\"https:\\\/\\\/isga.ma\\\/isga\\\/nos-temoignages\\\/\"]}]},{\"@type\":\"BreadcrumbList\",\"@id\":\"https:\\\/\\\/isga.ma\\\/isga\\\/nos-temoignages\\\/#breadcrumb\",\"itemListElement\":[{\"@type\":\"ListItem\",\"position\":1,\"name\":\"Accueil\",\"item\":\"https:\\\/\\\/isga.ma\\\/isga\\\/\"},{\"@type\":\"ListItem\",\"position\":2,\"name\":\"T\u00e9moignages \u00e9tudiants\"}]},{\"@type\":\"WebSite\",\"@id\":\"https:\\\/\\\/isga.ma\\\/isga\\\/#website\",\"url\":\"https:\\\/\\\/isga.ma\\\/isga\\\/\",\"name\":\"ISGA Institut Sup\u00e9rieur d&#039;Ing\u00e9nierie &amp; des Affaires\",\"description\":\"Le chemin de la r\u00e9ussite depuis 1981\",\"potentialAction\":[{\"@type\":\"SearchAction\",\"target\":{\"@type\":\"EntryPoint\",\"urlTemplate\":\"https:\\\/\\\/isga.ma\\\/isga\\\/?s={search_term_string}\"},\"query-input\":{\"@type\":\"PropertyValueSpecification\",\"valueRequired\":true,\"valueName\":\"search_term_string\"}}],\"inLanguage\":\"fr-FR\"}]}<\/script>\n<!-- \/ Yoast SEO plugin. -->","yoast_head_json":{"title":"T\u00e9moignages \u00e9tudiants - ISGA Institut Sup\u00e9rieur d&#039;Ing\u00e9nierie &amp; des Affaires","description":"D\u00e9couvrez tous les t\u00e9moignages des anciens laur\u00e9ats de l'ISGA.","robots":{"index":"noindex","follow":"follow","max-snippet":"max-snippet:-1","max-image-preview":"max-image-preview:large","max-video-preview":"max-video-preview:-1"},"og_locale":"fr_FR","og_type":"article","og_title":"T\u00e9moignages \u00e9tudiants - ISGA Institut Sup\u00e9rieur d&#039;Ing\u00e9nierie &amp; des Affaires","og_description":"D\u00e9couvrez tous les t\u00e9moignages des anciens laur\u00e9ats de l'ISGA.","og_url":"https:\/\/isga.ma\/isga\/nos-temoignages\/","og_site_name":"ISGA Institut Sup\u00e9rieur d&#039;Ing\u00e9nierie &amp; des Affaires","article_modified_time":"2024-07-24T11:47:13+00:00","twitter_card":"summary_large_image","twitter_misc":{"Dur\u00e9e de lecture estim\u00e9e":"6 minutes"},"schema":{"@context":"https:\/\/schema.org","@graph":[{"@type":"WebPage","@id":"https:\/\/isga.ma\/isga\/nos-temoignages\/","url":"https:\/\/isga.ma\/isga\/nos-temoignages\/","name":"T\u00e9moignages \u00e9tudiants - ISGA Institut Sup\u00e9rieur d&#039;Ing\u00e9nierie &amp; des Affaires","isPartOf":{"@id":"https:\/\/isga.ma\/isga\/#website"},"datePublished":"2024-07-24T11:23:06+00:00","dateModified":"2024-07-24T11:47:13+00:00","description":"D\u00e9couvrez tous les t\u00e9moignages des anciens laur\u00e9ats de l'ISGA.","breadcrumb":{"@id":"https:\/\/isga.ma\/isga\/nos-temoignages\/#breadcrumb"},"inLanguage":"fr-FR","potentialAction":[{"@type":"ReadAction","target":["https:\/\/isga.ma\/isga\/nos-temoignages\/"]}]},{"@type":"BreadcrumbList","@id":"https:\/\/isga.ma\/isga\/nos-temoignages\/#breadcrumb","itemListElement":[{"@type":"ListItem","position":1,"name":"Accueil","item":"https:\/\/isga.ma\/isga\/"},{"@type":"ListItem","position":2,"name":"T\u00e9moignages \u00e9tudiants"}]},{"@type":"WebSite","@id":"https:\/\/isga.ma\/isga\/#website","url":"https:\/\/isga.ma\/isga\/","name":"ISGA Institut Sup\u00e9rieur d&#039;Ing\u00e9nierie &amp; des Affaires","description":"Le chemin de la r\u00e9ussite depuis 1981","potentialAction":[{"@type":"SearchAction","target":{"@type":"EntryPoint","urlTemplate":"https:\/\/isga.ma\/isga\/?s={search_term_string}"},"query-input":{"@type":"PropertyValueSpecification","valueRequired":true,"valueName":"search_term_string"}}],"inLanguage":"fr-FR"}]}},"_links":{"self":[{"href":"https:\/\/isga.ma\/isga\/wp-json\/wp\/v2\/pages\/11331","targetHints":{"allow":["GET"]}}],"collection":[{"href":"https:\/\/isga.ma\/isga\/wp-json\/wp\/v2\/pages"}],"about":[{"href":"https:\/\/isga.ma\/isga\/wp-json\/wp\/v2\/types\/page"}],"author":[{"embeddable":true,"href":"https:\/\/isga.ma\/isga\/wp-json\/wp\/v2\/users\/4"}],"replies":[{"embeddable":true,"href":"https:\/\/isga.ma\/isga\/wp-json\/wp\/v2\/comments?post=11331"}],"version-history":[{"count":16,"href":"https:\/\/isga.ma\/isga\/wp-json\/wp\/v2\/pages\/11331\/revisions"}],"predecessor-version":[{"id":11355,"href":"https:\/\/isga.ma\/isga\/wp-json\/wp\/v2\/pages\/11331\/revisions\/11355"}],"wp:attachment":[{"href":"https:\/\/isga.ma\/isga\/wp-json\/wp\/v2\/media?parent=11331"}],"curies":[{"name":"wp","href":"https:\/\/api.w.org\/{rel}","templated":true}]}}