{"id":2947,"date":"2021-10-10T10:21:55","date_gmt":"2021-10-10T08:21:55","guid":{"rendered":"https:\/\/isga.ma\/isga\/?page_id=2947"},"modified":"2025-07-02T10:32:11","modified_gmt":"2025-07-02T08:32:11","slug":"actualites","status":"publish","type":"page","link":"https:\/\/isga.ma\/isga\/actualites\/","title":{"rendered":"Actualit\u00e9s"},"content":{"rendered":"<p>[et_pb_section fb_built=\u00a0\u00bb1&Prime; fullwidth=\u00a0\u00bbon\u00a0\u00bb module_class=\u00a0\u00bbde-inner-page-header\u00a0\u00bb _builder_version=\u00a0\u00bb4.9.7&Prime; background_color=\u00a0\u00bbrgba(6,22,47,0.6)\u00a0\u00bb background_enable_color=\u00a0\u00bboff\u00a0\u00bb use_background_color_gradient=\u00a0\u00bbon\u00a0\u00bb background_color_gradient_start=\u00a0\u00bbrgba(6,22,47,0.6)\u00a0\u00bb background_color_gradient_end=\u00a0\u00bbrgba(6,22,47,0.6)\u00a0\u00bb background_color_gradient_overlays_image=\u00a0\u00bbon\u00a0\u00bb background_image=\u00a0\u00bbhttps:\/\/isga.ma\/isga\/wp-content\/uploads\/2021\/09\/Poster-3-home-isga.jpg\u00a0\u00bb parallax=\u00a0\u00bbon\u00a0\u00bb locked=\u00a0\u00bboff\u00a0\u00bb][et_pb_fullwidth_post_title meta=\u00a0\u00bboff\u00a0\u00bb featured_image=\u00a0\u00bboff\u00a0\u00bb text_color=\u00a0\u00bblight\u00a0\u00bb admin_label=\u00a0\u00bbPage Title\u00a0\u00bb _builder_version=\u00a0\u00bb4.4.1&Prime; title_font=\u00a0\u00bb|300|||||||\u00a0\u00bb title_font_size=\u00a0\u00bb60px\u00a0\u00bb parallax=\u00a0\u00bbon\u00a0\u00bb parallax_method=\u00a0\u00bboff\u00a0\u00bb title_font_size_tablet=\u00a0\u00bb50px\u00a0\u00bb title_font_size_phone=\u00a0\u00bb40px\u00a0\u00bb title_font_size_last_edited=\u00a0\u00bbon|phone\u00a0\u00bb parallax_effect=\u00a0\u00bbon\u00a0\u00bb use_border_color=\u00a0\u00bboff\u00a0\u00bb border_color=\u00a0\u00bb#ffffff\u00a0\u00bb border_style=\u00a0\u00bbsolid\u00a0\u00bb][\/et_pb_fullwidth_post_title][\/et_pb_section][et_pb_section fb_built=\u00a0\u00bb1&Prime; _builder_version=\u00a0\u00bb4.9.7&Prime; background_color=\u00a0\u00bb#f7f7f7&Prime; custom_css_main_element=\u00a0\u00bbmax-width: 100%;\u00a0\u00bb locked=\u00a0\u00bboff\u00a0\u00bb][et_pb_row _builder_version=\u00a0\u00bb4.9.7&Prime; custom_css_main_element=\u00a0\u00bbwidth: 100%;\u00a0\u00bb][et_pb_column type=\u00a0\u00bb4_4&Prime; _builder_version=\u00a0\u00bb4.9.7&Prime; custom_css_main_element=\u00a0\u00bbwidth: 100% !important;\u00a0\u00bb][et_pb_blog fullwidth=\u00a0\u00bboff\u00a0\u00bb posts_number=\u00a0\u00bb50&Prime; include_categories=\u00a0\u00bb36&Prime; excerpt_length=\u00a0\u00bb120&Prime; show_author=\u00a0\u00bboff\u00a0\u00bb show_date=\u00a0\u00bboff\u00a0\u00bb show_categories=\u00a0\u00bboff\u00a0\u00bb module_id=\u00a0\u00bbposts\u00a0\u00bb module_class=\u00a0\u00bbel-blog-1&Prime; _builder_version=\u00a0\u00bb4.9.7&Prime; header_font=\u00a0\u00bbSource Sans Pro|700|||||||\u00a0\u00bb header_text_align=\u00a0\u00bbleft\u00a0\u00bb header_text_color=\u00a0\u00bb#1b9476&Prime; header_font_size=\u00a0\u00bb24px\u00a0\u00bb header_line_height=\u00a0\u00bb1.2em\u00a0\u00bb body_font=\u00a0\u00bbSource Sans Pro||||||||\u00a0\u00bb body_text_color=\u00a0\u00bb#000000&Prime; read_more_text_color=\u00a0\u00bb#000000&Prime; pagination_font=\u00a0\u00bbRaleway|500|||||||\u00a0\u00bb pagination_font_size=\u00a0\u00bb15px\u00a0\u00bb pagination_letter_spacing=\u00a0\u00bb1px\u00a0\u00bb background_enable_color=\u00a0\u00bboff\u00a0\u00bb text_orientation=\u00a0\u00bbleft\u00a0\u00bb max_width=\u00a0\u00bb80%\u00a0\u00bb max_width_tablet=\u00a0\u00bb100%\u00a0\u00bb max_width_phone=\u00a0\u00bb\u00a0\u00bb max_width_last_edited=\u00a0\u00bbon|desktop\u00a0\u00bb module_alignment=\u00a0\u00bbcenter\u00a0\u00bb custom_padding=\u00a0\u00bb|||10px|false|false\u00a0\u00bb animation_style=\u00a0\u00bbslide\u00a0\u00bb animation_direction=\u00a0\u00bbbottom\u00a0\u00bb hover_enabled=\u00a0\u00bb0&Prime; header_font_size_tablet=\u00a0\u00bb\u00a0\u00bb header_font_size_phone=\u00a0\u00bb20px\u00a0\u00bb header_font_size_last_edited=\u00a0\u00bbon|desktop\u00a0\u00bb custom_css_title=\u00a0\u00bbmargin-left: 0px;\u00a0\u00bb custom_css_content=\u00a0\u00bbmargin-bottom: 10px;\u00a0\u00bb pagination_text_shadow_style=\u00a0\u00bbpreset1&Prime; sticky_enabled=\u00a0\u00bb0&Prime;][\/et_pb_blog][\/et_pb_column][\/et_pb_row][\/et_pb_section]<\/p>\n","protected":false},"excerpt":{"rendered":"<p>[et_pb_section fb_built=\u00a0\u00bb1&Prime; fullwidth=\u00a0\u00bbon\u00a0\u00bb module_class=\u00a0\u00bbde-inner-page-header\u00a0\u00bb _builder_version=\u00a0\u00bb4.9.7&Prime; background_color=\u00a0\u00bbrgba(6,22,47,0.6)\u00a0\u00bb background_enable_color=\u00a0\u00bboff\u00a0\u00bb use_background_color_gradient=\u00a0\u00bbon\u00a0\u00bb background_color_gradient_start=\u00a0\u00bbrgba(6,22,47,0.6)\u00a0\u00bb background_color_gradient_end=\u00a0\u00bbrgba(6,22,47,0.6)\u00a0\u00bb background_color_gradient_overlays_image=\u00a0\u00bbon\u00a0\u00bb background_image=\u00a0\u00bbhttps:\/\/isga.ma\/isga\/wp-content\/uploads\/2021\/09\/Poster-3-home-isga.jpg\u00a0\u00bb parallax=\u00a0\u00bbon\u00a0\u00bb locked=\u00a0\u00bboff\u00a0\u00bb][et_pb_fullwidth_post_title meta=\u00a0\u00bboff\u00a0\u00bb featured_image=\u00a0\u00bboff\u00a0\u00bb text_color=\u00a0\u00bblight\u00a0\u00bb admin_label=\u00a0\u00bbPage Title\u00a0\u00bb _builder_version=\u00a0\u00bb4.4.1&Prime; title_font=\u00a0\u00bb|300|||||||\u00a0\u00bb title_font_size=\u00a0\u00bb60px\u00a0\u00bb parallax=\u00a0\u00bbon\u00a0\u00bb parallax_method=\u00a0\u00bboff\u00a0\u00bb title_font_size_tablet=\u00a0\u00bb50px\u00a0\u00bb title_font_size_phone=\u00a0\u00bb40px\u00a0\u00bb title_font_size_last_edited=\u00a0\u00bbon|phone\u00a0\u00bb parallax_effect=\u00a0\u00bbon\u00a0\u00bb use_border_color=\u00a0\u00bboff\u00a0\u00bb border_color=\u00a0\u00bb#ffffff\u00a0\u00bb border_style=\u00a0\u00bbsolid\u00a0\u00bb][\/et_pb_fullwidth_post_title][\/et_pb_section][et_pb_section fb_built=\u00a0\u00bb1&Prime; _builder_version=\u00a0\u00bb4.9.7&Prime; background_color=\u00a0\u00bb#f7f7f7&Prime; custom_css_main_element=\u00a0\u00bbmax-width: 100%;\u00a0\u00bb locked=\u00a0\u00bboff\u00a0\u00bb][et_pb_row _builder_version=\u00a0\u00bb4.9.7&Prime; custom_css_main_element=\u00a0\u00bbwidth: 100%;\u00a0\u00bb][et_pb_column type=\u00a0\u00bb4_4&Prime; _builder_version=\u00a0\u00bb4.9.7&Prime; custom_css_main_element=\u00a0\u00bbwidth: 100% !important;\u00a0\u00bb][et_pb_blog fullwidth=\u00a0\u00bboff\u00a0\u00bb posts_number=\u00a0\u00bb50&Prime; include_categories=\u00a0\u00bb36&Prime; excerpt_length=\u00a0\u00bb120&Prime; show_author=\u00a0\u00bboff\u00a0\u00bb show_date=\u00a0\u00bboff\u00a0\u00bb show_categories=\u00a0\u00bboff\u00a0\u00bb module_id=\u00a0\u00bbposts\u00a0\u00bb module_class=\u00a0\u00bbel-blog-1&Prime; _builder_version=\u00a0\u00bb4.9.7&Prime; [&hellip;]<\/p>\n","protected":false},"author":4,"featured_media":0,"parent":0,"menu_order":0,"comment_status":"closed","ping_status":"closed","template":"","meta":{"_et_pb_use_builder":"on","_et_pb_old_content":"","_et_gb_content_width":"","content-type":"","footnotes":""},"class_list":["post-2947","page","type-page","status-publish","hentry"],"yoast_head":"<!-- This site is optimized with the Yoast SEO plugin v27.5 - https:\/\/yoast.com\/product\/yoast-seo-wordpress\/ -->\n<title>Actualit\u00e9s - ISGA Institut Sup\u00e9rieur d&#039;Ing\u00e9nierie &amp; des Affaires<\/title>\n<meta name=\"description\" content=\"Suivez toute l&#039;actualit\u00e9 de l&#039;ISGA, pour \u00eatre inform\u00e9 de tous les \u00e9v\u00e9nements organis\u00e9s dans ses diff\u00e9rents campus : Casablanca, Rabat, Marrakech et F\u00e8s.\" \/>\n<meta name=\"robots\" content=\"noindex, follow, max-snippet:-1, max-image-preview:large, max-video-preview:-1\" \/>\n<meta property=\"og:locale\" content=\"fr_FR\" \/>\n<meta property=\"og:type\" content=\"article\" \/>\n<meta property=\"og:title\" content=\"Actualit\u00e9s - ISGA Institut Sup\u00e9rieur d&#039;Ing\u00e9nierie &amp; des Affaires\" \/>\n<meta property=\"og:description\" content=\"Suivez toute l&#039;actualit\u00e9 de l&#039;ISGA, pour \u00eatre inform\u00e9 de tous les \u00e9v\u00e9nements organis\u00e9s dans ses diff\u00e9rents campus : Casablanca, Rabat, Marrakech et F\u00e8s.\" \/>\n<meta property=\"og:url\" content=\"https:\/\/isga.ma\/isga\/actualites\/\" \/>\n<meta property=\"og:site_name\" content=\"ISGA Institut Sup\u00e9rieur d&#039;Ing\u00e9nierie &amp; des Affaires\" \/>\n<meta property=\"article:modified_time\" content=\"2025-07-02T08:32:11+00:00\" \/>\n<meta name=\"twitter:card\" content=\"summary_large_image\" \/>\n<meta name=\"twitter:label1\" content=\"Dur\u00e9e de lecture estim\u00e9e\" \/>\n\t<meta name=\"twitter:data1\" content=\"23 minutes\" \/>\n<script type=\"application\/ld+json\" class=\"yoast-schema-graph\">{\"@context\":\"https:\\\/\\\/schema.org\",\"@graph\":[{\"@type\":\"WebPage\",\"@id\":\"https:\\\/\\\/isga.ma\\\/isga\\\/actualites\\\/\",\"url\":\"https:\\\/\\\/isga.ma\\\/isga\\\/actualites\\\/\",\"name\":\"Actualit\u00e9s - ISGA Institut Sup\u00e9rieur d&#039;Ing\u00e9nierie &amp; des Affaires\",\"isPartOf\":{\"@id\":\"https:\\\/\\\/isga.ma\\\/isga\\\/#website\"},\"datePublished\":\"2021-10-10T08:21:55+00:00\",\"dateModified\":\"2025-07-02T08:32:11+00:00\",\"description\":\"Suivez toute l'actualit\u00e9 de l'ISGA, pour \u00eatre inform\u00e9 de tous les \u00e9v\u00e9nements organis\u00e9s dans ses diff\u00e9rents campus : Casablanca, Rabat, Marrakech et F\u00e8s.\",\"breadcrumb\":{\"@id\":\"https:\\\/\\\/isga.ma\\\/isga\\\/actualites\\\/#breadcrumb\"},\"inLanguage\":\"fr-FR\",\"potentialAction\":[{\"@type\":\"ReadAction\",\"target\":[\"https:\\\/\\\/isga.ma\\\/isga\\\/actualites\\\/\"]}]},{\"@type\":\"BreadcrumbList\",\"@id\":\"https:\\\/\\\/isga.ma\\\/isga\\\/actualites\\\/#breadcrumb\",\"itemListElement\":[{\"@type\":\"ListItem\",\"position\":1,\"name\":\"Accueil\",\"item\":\"https:\\\/\\\/isga.ma\\\/isga\\\/\"},{\"@type\":\"ListItem\",\"position\":2,\"name\":\"Actualit\u00e9s\"}]},{\"@type\":\"WebSite\",\"@id\":\"https:\\\/\\\/isga.ma\\\/isga\\\/#website\",\"url\":\"https:\\\/\\\/isga.ma\\\/isga\\\/\",\"name\":\"ISGA Institut Sup\u00e9rieur d&#039;Ing\u00e9nierie &amp; des Affaires\",\"description\":\"Le chemin de la r\u00e9ussite depuis 1981\",\"potentialAction\":[{\"@type\":\"SearchAction\",\"target\":{\"@type\":\"EntryPoint\",\"urlTemplate\":\"https:\\\/\\\/isga.ma\\\/isga\\\/?s={search_term_string}\"},\"query-input\":{\"@type\":\"PropertyValueSpecification\",\"valueRequired\":true,\"valueName\":\"search_term_string\"}}],\"inLanguage\":\"fr-FR\"}]}<\/script>\n<!-- \/ Yoast SEO plugin. -->","yoast_head_json":{"title":"Actualit\u00e9s - ISGA Institut Sup\u00e9rieur d&#039;Ing\u00e9nierie &amp; des Affaires","description":"Suivez toute l'actualit\u00e9 de l'ISGA, pour \u00eatre inform\u00e9 de tous les \u00e9v\u00e9nements organis\u00e9s dans ses diff\u00e9rents campus : Casablanca, Rabat, Marrakech et F\u00e8s.","robots":{"index":"noindex","follow":"follow","max-snippet":"max-snippet:-1","max-image-preview":"max-image-preview:large","max-video-preview":"max-video-preview:-1"},"og_locale":"fr_FR","og_type":"article","og_title":"Actualit\u00e9s - ISGA Institut Sup\u00e9rieur d&#039;Ing\u00e9nierie &amp; des Affaires","og_description":"Suivez toute l'actualit\u00e9 de l'ISGA, pour \u00eatre inform\u00e9 de tous les \u00e9v\u00e9nements organis\u00e9s dans ses diff\u00e9rents campus : Casablanca, Rabat, Marrakech et F\u00e8s.","og_url":"https:\/\/isga.ma\/isga\/actualites\/","og_site_name":"ISGA Institut Sup\u00e9rieur d&#039;Ing\u00e9nierie &amp; des Affaires","article_modified_time":"2025-07-02T08:32:11+00:00","twitter_card":"summary_large_image","twitter_misc":{"Dur\u00e9e de lecture estim\u00e9e":"23 minutes"},"schema":{"@context":"https:\/\/schema.org","@graph":[{"@type":"WebPage","@id":"https:\/\/isga.ma\/isga\/actualites\/","url":"https:\/\/isga.ma\/isga\/actualites\/","name":"Actualit\u00e9s - ISGA Institut Sup\u00e9rieur d&#039;Ing\u00e9nierie &amp; des Affaires","isPartOf":{"@id":"https:\/\/isga.ma\/isga\/#website"},"datePublished":"2021-10-10T08:21:55+00:00","dateModified":"2025-07-02T08:32:11+00:00","description":"Suivez toute l'actualit\u00e9 de l'ISGA, pour \u00eatre inform\u00e9 de tous les \u00e9v\u00e9nements organis\u00e9s dans ses diff\u00e9rents campus : Casablanca, Rabat, Marrakech et F\u00e8s.","breadcrumb":{"@id":"https:\/\/isga.ma\/isga\/actualites\/#breadcrumb"},"inLanguage":"fr-FR","potentialAction":[{"@type":"ReadAction","target":["https:\/\/isga.ma\/isga\/actualites\/"]}]},{"@type":"BreadcrumbList","@id":"https:\/\/isga.ma\/isga\/actualites\/#breadcrumb","itemListElement":[{"@type":"ListItem","position":1,"name":"Accueil","item":"https:\/\/isga.ma\/isga\/"},{"@type":"ListItem","position":2,"name":"Actualit\u00e9s"}]},{"@type":"WebSite","@id":"https:\/\/isga.ma\/isga\/#website","url":"https:\/\/isga.ma\/isga\/","name":"ISGA Institut Sup\u00e9rieur d&#039;Ing\u00e9nierie &amp; des Affaires","description":"Le chemin de la r\u00e9ussite depuis 1981","potentialAction":[{"@type":"SearchAction","target":{"@type":"EntryPoint","urlTemplate":"https:\/\/isga.ma\/isga\/?s={search_term_string}"},"query-input":{"@type":"PropertyValueSpecification","valueRequired":true,"valueName":"search_term_string"}}],"inLanguage":"fr-FR"}]}},"_links":{"self":[{"href":"https:\/\/isga.ma\/isga\/wp-json\/wp\/v2\/pages\/2947","targetHints":{"allow":["GET"]}}],"collection":[{"href":"https:\/\/isga.ma\/isga\/wp-json\/wp\/v2\/pages"}],"about":[{"href":"https:\/\/isga.ma\/isga\/wp-json\/wp\/v2\/types\/page"}],"author":[{"embeddable":true,"href":"https:\/\/isga.ma\/isga\/wp-json\/wp\/v2\/users\/4"}],"replies":[{"embeddable":true,"href":"https:\/\/isga.ma\/isga\/wp-json\/wp\/v2\/comments?post=2947"}],"version-history":[{"count":35,"href":"https:\/\/isga.ma\/isga\/wp-json\/wp\/v2\/pages\/2947\/revisions"}],"predecessor-version":[{"id":12068,"href":"https:\/\/isga.ma\/isga\/wp-json\/wp\/v2\/pages\/2947\/revisions\/12068"}],"wp:attachment":[{"href":"https:\/\/isga.ma\/isga\/wp-json\/wp\/v2\/media?parent=2947"}],"curies":[{"name":"wp","href":"https:\/\/api.w.org\/{rel}","templated":true}]}}