{"id":4205,"date":"2021-10-26T10:05:58","date_gmt":"2021-10-26T08:05:58","guid":{"rendered":"https:\/\/isga.ma\/isga\/?page_id=4205"},"modified":"2022-11-11T11:18:26","modified_gmt":"2022-11-11T10:18:26","slug":"poursuite-detudes-a-linternational","status":"publish","type":"page","link":"https:\/\/isga.ma\/isga\/poursuite-detudes-a-linternational\/","title":{"rendered":"Poursuite d\u2019\u00e9tudes \u00e0 l\u2019international"},"content":{"rendered":"<p>[et_pb_section fb_built=\u00a0\u00bb1&Prime; fullwidth=\u00a0\u00bbon\u00a0\u00bb module_class=\u00a0\u00bbde-inner-page-header\u00a0\u00bb _builder_version=\u00a0\u00bb4.9.7&Prime; background_color=\u00a0\u00bbrgba(6,22,47,0.6)\u00a0\u00bb background_enable_color=\u00a0\u00bboff\u00a0\u00bb background_image=\u00a0\u00bbhttps:\/\/isga.ma\/isga\/wp-content\/uploads\/2021\/10\/IMG_8351-Modifier.jpg\u00a0\u00bb parallax=\u00a0\u00bbon\u00a0\u00bb][et_pb_fullwidth_post_title meta=\u00a0\u00bboff\u00a0\u00bb featured_image=\u00a0\u00bboff\u00a0\u00bb text_color=\u00a0\u00bblight\u00a0\u00bb admin_label=\u00a0\u00bbPage Title\u00a0\u00bb _builder_version=\u00a0\u00bb4.4.1&Prime; title_font=\u00a0\u00bb|300|||||||\u00a0\u00bb title_font_size=\u00a0\u00bb60px\u00a0\u00bb parallax=\u00a0\u00bbon\u00a0\u00bb parallax_method=\u00a0\u00bboff\u00a0\u00bb title_font_size_tablet=\u00a0\u00bb50px\u00a0\u00bb title_font_size_phone=\u00a0\u00bb40px\u00a0\u00bb title_font_size_last_edited=\u00a0\u00bbon|phone\u00a0\u00bb parallax_effect=\u00a0\u00bbon\u00a0\u00bb border_style=\u00a0\u00bbsolid\u00a0\u00bb][\/et_pb_fullwidth_post_title][\/et_pb_section][et_pb_section fb_built=\u00a0\u00bb1&Prime; admin_label=\u00a0\u00bbsection\u00a0\u00bb module_id=\u00a0\u00bbcourse-overview\u00a0\u00bb _builder_version=\u00a0\u00bb4.9.7&Prime; background_enable_color=\u00a0\u00bboff\u00a0\u00bb custom_css_main_element=\u00a0\u00bb box-shadow: 0px 0px 30px rgba(0, 0, 0, 0.2);\u00a0\u00bb transparent_background=\u00a0\u00bboff\u00a0\u00bb make_fullwidth=\u00a0\u00bboff\u00a0\u00bb use_custom_width=\u00a0\u00bboff\u00a0\u00bb width_unit=\u00a0\u00bbon\u00a0\u00bb][et_pb_row _builder_version=\u00a0\u00bb4.9.7&Prime; _module_preset=\u00a0\u00bbdefault\u00a0\u00bb][et_pb_column type=\u00a0\u00bb4_4&Prime; _builder_version=\u00a0\u00bb4.9.7&Prime; _module_preset=\u00a0\u00bbdefault\u00a0\u00bb][et_pb_blurb title=\u00a0\u00bbLe projet d\u2019\u00e9tudes \u00e0 l\u2019international concerne les \u00e9tudiants ing\u00e9nieurs et managers \u00a0\u00bb icon_placement=\u00a0\u00bbleft\u00a0\u00bb admin_label=\u00a0\u00bbOverview Content 1&Prime; _builder_version=\u00a0\u00bb4.9.7&Prime; header_level=\u00a0\u00bbh2&Prime; header_font=\u00a0\u00bbRaleway|700|||||||\u00a0\u00bb header_text_align=\u00a0\u00bbleft\u00a0\u00bb header_text_color=\u00a0\u00bb#1c9576&Prime; header_font_size=\u00a0\u00bb21px\u00a0\u00bb body_font=\u00a0\u00bb||||||||\u00a0\u00bb body_text_align=\u00a0\u00bbleft\u00a0\u00bb body_text_color=\u00a0\u00bb#555556&Prime; background_size=\u00a0\u00bbinitial\u00a0\u00bb background_position=\u00a0\u00bbtop_left\u00a0\u00bb background_repeat=\u00a0\u00bbrepeat\u00a0\u00bb custom_margin=\u00a0\u00bb|10%|||false|false\u00a0\u00bb custom_css_blurb_content=\u00a0\u00bb max-width: 100%;\u00a0\u00bb use_border_color=\u00a0\u00bboff\u00a0\u00bb border_color=\u00a0\u00bb#ffffff\u00a0\u00bb border_style=\u00a0\u00bbsolid\u00a0\u00bb]<\/p>\n<p><span data-contrast=\"none\">Il se pr\u00e9pare au sein de l&rsquo;ISGA, pendant le <strong>Bac +2, le Bac +3\u00a0ou le Bac +4<\/strong> selon si l\u2019\u00e9tudiant\u00a0opte pour une\u00a0<\/span><b><span data-contrast=\"none\">licence<\/span><\/b><span data-contrast=\"none\">\u00a0ou\u00a0un\u00a0<\/span><b><span data-contrast=\"none\">master<\/span><\/b><span data-contrast=\"none\">.\u00a0\u00a0<\/span><span data-contrast=\"none\"><strong>L\u2019\u00e9quipe p\u00e9dagogique<\/strong> conseille l\u2019\u00e9tudiant dans ses choix pour qu\u2019il trouve\u00a0la formation\u00a0id\u00e9ale\u00a0en fonction de son parcours, de ses aspirations, du contexte et des enjeux socio-\u00e9conomiques de sa discipline.<\/span><span data-ccp-props=\"{&quot;134233117&quot;:true,&quot;134233118&quot;:true,&quot;201341983&quot;:0,&quot;335551550&quot;:6,&quot;335551620&quot;:6,&quot;335559740&quot;:276}\">\u00a0<\/span><span data-contrast=\"none\"><strong>Les d\u00e9marches administratives<\/strong> sont \u00e9galement bien connues des \u00e9quipes de l&rsquo;ISGA, qui ont l\u2019habitude de soutenir et de renseigner l\u2019\u00e9tudiant pour qu\u2019il formalise son voyage d\u2019\u00e9tudes.<\/span><\/p>\n<p>[\/et_pb_blurb][\/et_pb_column][\/et_pb_row][et_pb_row column_structure=\u00a0\u00bb1_2,1_2&Prime; _builder_version=\u00a0\u00bb4.9.7&Prime; _module_preset=\u00a0\u00bbdefault\u00a0\u00bb][et_pb_column type=\u00a0\u00bb1_2&Prime; _builder_version=\u00a0\u00bb4.9.7&Prime; _module_preset=\u00a0\u00bbdefault\u00a0\u00bb][et_pb_blurb title=\u00a0\u00bbL\u2019exp\u00e9rience internationale valorise le CV et augmente l\u2019employabilit\u00e9. \u00a0\u00bb icon_placement=\u00a0\u00bbleft\u00a0\u00bb admin_label=\u00a0\u00bbOverview Content 1&Prime; _builder_version=\u00a0\u00bb4.9.7&Prime; header_level=\u00a0\u00bbh2&Prime; header_font=\u00a0\u00bbRaleway|700|||||||\u00a0\u00bb header_text_align=\u00a0\u00bbleft\u00a0\u00bb header_text_color=\u00a0\u00bb#1c9576&Prime; header_font_size=\u00a0\u00bb21px\u00a0\u00bb body_font=\u00a0\u00bb||||||||\u00a0\u00bb body_text_align=\u00a0\u00bbleft\u00a0\u00bb body_text_color=\u00a0\u00bb#555556&Prime; background_size=\u00a0\u00bbinitial\u00a0\u00bb background_position=\u00a0\u00bbtop_left\u00a0\u00bb background_repeat=\u00a0\u00bbrepeat\u00a0\u00bb custom_margin=\u00a0\u00bb||||false|false\u00a0\u00bb custom_css_blurb_content=\u00a0\u00bb max-width: 100%;\u00a0\u00bb use_border_color=\u00a0\u00bboff\u00a0\u00bb border_color=\u00a0\u00bb#ffffff\u00a0\u00bb border_style=\u00a0\u00bbsolid\u00a0\u00bb]<\/p>\n<p class=\"p1\"><span class=\"TextRun SCXW55425653 BCX0\" lang=\"FR-FR\" xml:lang=\"FR-FR\" data-contrast=\"auto\"><span class=\"NormalTextRun SCXW55425653 BCX0\" data-ccp-parastyle=\"Normal (Web)\">Dans un contexte globalisant, <strong>les futurs managers et ing\u00e9nieurs<\/strong> auront besoin d\u2019acqu\u00e9rir une vision large de leur discipline et de\u00a0<\/span><span class=\"NormalTextRun SCXW55425653 BCX0\" data-ccp-parastyle=\"Normal (Web)\">leur<\/span><span class=\"NormalTextRun SCXW55425653 BCX0\" data-ccp-parastyle=\"Normal (Web)\">\u00a0environnement<\/span><span class=\"NormalTextRun SCXW55425653 BCX0\" data-ccp-parastyle=\"Normal (Web)\">\u00a0mondial<\/span><span class=\"NormalTextRun SCXW55425653 BCX0\" data-ccp-parastyle=\"Normal (Web)\">.\u00a0<\/span><\/span><\/p>\n<p><span data-contrast=\"auto\">Confronter ses savoirs et ses comp\u00e9tences \u00e0 des m\u00e9thodes\u00a0et des enjeux\u00a0diff\u00e9rents d\u00e9veloppe l\u2019acuit\u00e9 intellectuelle,\u00a0permet d\u2019acqu\u00e9rir\u00a0une agilit\u00e9 rare et une perception transversale des sujets.<\/span><span data-ccp-props=\"{&quot;134233117&quot;:true,&quot;134233118&quot;:true,&quot;201341983&quot;:0,&quot;335559740&quot;:276}\">\u00a0<\/span><\/p>\n<p><span data-contrast=\"auto\">Les \u00e9tudes internationales contribuent \u00e0 faire na\u00eetre\u00a0<\/span><b><span data-contrast=\"auto\">des experts intuitifs et visionnaires<\/span><\/b><span data-contrast=\"auto\">\u00a0qui\u00a0r\u00e9volutionneront le march\u00e9 mondial.\u00a0<\/span><span data-ccp-props=\"{&quot;134233117&quot;:true,&quot;134233118&quot;:true,&quot;201341983&quot;:0,&quot;335559740&quot;:276}\">\u00a0<\/span><\/p>\n<p><span class=\"TextRun Highlight SCXW124957959 BCX0\" lang=\"FR-FR\" xml:lang=\"FR-FR\" data-contrast=\"auto\"><a href=\"https:\/\/isga.ma\/isga\/doubles-diplomes\/\"><strong><span class=\"NormalTextRun SCXW124957959 BCX0\" data-ccp-parastyle=\"Normal (Web)\">Les doubles dipl\u00f4mes internationaux<\/span><\/strong><\/a><span class=\"NormalTextRun SCXW124957959 BCX0\" data-ccp-parastyle=\"Normal (Web)\">\u00a0<\/span><\/span><span class=\"TextRun SCXW124957959 BCX0\" lang=\"FR-FR\" xml:lang=\"FR-FR\" data-contrast=\"auto\"><span class=\"NormalTextRun SCXW124957959 BCX0\" data-ccp-parastyle=\"Normal (Web)\">offrent une\u00a0<\/span><\/span><span class=\"TextRun SCXW124957959 BCX0\" lang=\"FR-FR\" xml:lang=\"FR-FR\" data-contrast=\"auto\"><span class=\"NormalTextRun SCXW124957959 BCX0\" data-ccp-parastyle=\"Normal (Web)\">expertise renforc\u00e9e de l<\/span><span class=\"NormalTextRun SCXW124957959 BCX0\" data-ccp-parastyle=\"Normal (Web)\">a<\/span><span class=\"NormalTextRun SCXW124957959 BCX0\" data-ccp-parastyle=\"Normal (Web)\">\u00a0sp\u00e9cialisation<\/span><\/span><span class=\"TextRun SCXW124957959 BCX0\" lang=\"FR-FR\" xml:lang=\"FR-FR\" data-contrast=\"auto\"><span class=\"NormalTextRun SCXW124957959 BCX0\" data-ccp-parastyle=\"Normal (Web)\">, abord\u00e9e dans un\u00a0<\/span><\/span><span class=\"TextRun SCXW124957959 BCX0\" lang=\"FR-FR\" xml:lang=\"FR-FR\" data-contrast=\"auto\"><span class=\"NormalTextRun SCXW124957959 BCX0\" data-ccp-parastyle=\"Normal (Web)\">contexte socio-\u00e9conomique diff\u00e9rent<\/span><\/span><span class=\"TextRun SCXW124957959 BCX0\" lang=\"FR-FR\" xml:lang=\"FR-FR\" data-contrast=\"auto\"><span class=\"NormalTextRun SCXW124957959 BCX0\" data-ccp-parastyle=\"Normal (Web)\">. Les \u00e9tudiants acqui\u00e8rent alors une\u00a0<\/span><\/span><span class=\"TextRun SCXW124957959 BCX0\" lang=\"FR-FR\" xml:lang=\"FR-FR\" data-contrast=\"auto\"><span class=\"NormalTextRun SCXW124957959 BCX0\" data-ccp-parastyle=\"Normal (Web)\">perception globale et transversale de l\u2019ing\u00e9nierie et du monde des affaires<\/span><\/span><span class=\"TextRun SCXW124957959 BCX0\" lang=\"FR-FR\" xml:lang=\"FR-FR\" data-contrast=\"auto\"><span class=\"NormalTextRun SCXW124957959 BCX0\" data-ccp-parastyle=\"Normal (Web)\">,\u00a0<\/span><span class=\"NormalTextRun SCXW124957959 BCX0\" data-ccp-parastyle=\"Normal (Web)\">tout en augmentant\u00a0<\/span><span class=\"NormalTextRun SCXW124957959 BCX0\" data-ccp-parastyle=\"Normal (Web)\">l<\/span><span class=\"NormalTextRun SCXW124957959 BCX0\" data-ccp-parastyle=\"Normal (Web)\">eurs<\/span><span class=\"NormalTextRun SCXW124957959 BCX0\" data-ccp-parastyle=\"Normal (Web)\">\u00a0comp\u00e9tences et qualit\u00e9s\u00a0<\/span><span class=\"NormalTextRun SCXW124957959 BCX0\" data-ccp-parastyle=\"Normal (Web)\">professionnelles<\/span><span class=\"NormalTextRun SCXW124957959 BCX0\" data-ccp-parastyle=\"Normal (Web)\">.\u00a0<\/span><\/span><span class=\"EOP SCXW124957959 BCX0\" data-ccp-props=\"{&quot;134233117&quot;:true,&quot;134233118&quot;:true,&quot;201341983&quot;:0,&quot;335559740&quot;:276}\">\u00a0<\/span><\/p>\n<p><strong><span data-contrast=\"none\">L&rsquo;ISGA<\/span>se d\u00e9veloppe en s\u2019appuyant sur sa triple expertise technologique, \u00e9thique et business.\u00a0\u00a0<\/strong><\/p>\n<p>[\/et_pb_blurb][\/et_pb_column][et_pb_column type=\u00a0\u00bb1_2&Prime; _builder_version=\u00a0\u00bb4.9.7&Prime; _module_preset=\u00a0\u00bbdefault\u00a0\u00bb][et_pb_image src=\u00a0\u00bbhttps:\/\/isga.ma\/isga\/wp-content\/uploads\/2022\/10\/IMG_6852-Modifier.webp\u00a0\u00bb alt=\u00a0\u00bbEtudes \u00e0 l&rsquo;international\u00a0\u00bb title_text=\u00a0\u00bbEtudes \u00e0 l&rsquo;international\u00a0\u00bb _builder_version=\u00a0\u00bb4.9.7&Prime; _module_preset=\u00a0\u00bbdefault\u00a0\u00bb custom_margin=\u00a0\u00bb||||false|false\u00a0\u00bb][\/et_pb_image][\/et_pb_column][\/et_pb_row][\/et_pb_section][et_pb_section fb_built=\u00a0\u00bb1&Prime; _builder_version=\u00a0\u00bb4.9.7&Prime; background_enable_color=\u00a0\u00bboff\u00a0\u00bb custom_css_before=\u00a0\u00bbposition: absolute;|| top: -5px;|| left: 0;|| content: %22%22;|| pointer-events: none;|| width: 30%;|| height: 5px;|| background-color: #317ac1!important;\u00a0\u00bb transparent_background=\u00a0\u00bboff\u00a0\u00bb make_fullwidth=\u00a0\u00bboff\u00a0\u00bb use_custom_width=\u00a0\u00bboff\u00a0\u00bb width_unit=\u00a0\u00bbon\u00a0\u00bb locked=\u00a0\u00bboff\u00a0\u00bb][et_pb_row module_class=\u00a0\u00bbcta-blue-btn\u00a0\u00bb _builder_version=\u00a0\u00bb4.9.7&Prime; background_size=\u00a0\u00bbinitial\u00a0\u00bb background_position=\u00a0\u00bbtop_left\u00a0\u00bb background_repeat=\u00a0\u00bbrepeat\u00a0\u00bb custom_margin=\u00a0\u00bb-4%||||false|false\u00a0\u00bb make_fullwidth=\u00a0\u00bboff\u00a0\u00bb use_custom_width=\u00a0\u00bboff\u00a0\u00bb width_unit=\u00a0\u00bbon\u00a0\u00bb][et_pb_column type=\u00a0\u00bb4_4&Prime; _builder_version=\u00a0\u00bb3.25&Prime; custom_padding=\u00a0\u00bb|||\u00a0\u00bb custom_padding__hover=\u00a0\u00bb|||\u00a0\u00bb][et_pb_cta title=\u00a0\u00bbPour plus d&rsquo;informations sur la poursuite d&rsquo;\u00e9tudes \u00e0 l&rsquo;international n&rsquo;h\u00e9sitez pas \u00e0 nous contacter en cliquant ci-dessous\u00a0\u00bb button_url=\u00a0\u00bb@ET-DC@eyJkeW5hbWljIjp0cnVlLCJjb250ZW50IjoicG9zdF9saW5rX3VybF9wYWdlIiwic2V0dGluZ3MiOnsicG9zdF9pZCI6IjM1NiJ9fQ==@\u00a0\u00bb button_text=\u00a0\u00bbContactez-nous !\u00a0\u00bb module_class=\u00a0\u00bbcta-light\u00a0\u00bb _builder_version=\u00a0\u00bb4.9.7&Prime; _dynamic_attributes=\u00a0\u00bbbutton_url\u00a0\u00bb header_level=\u00a0\u00bbh3&Prime; header_font=\u00a0\u00bbRaleway|700|||||||\u00a0\u00bb header_text_color=\u00a0\u00bb#555556&Prime; header_font_size=\u00a0\u00bb30px\u00a0\u00bb header_line_height=\u00a0\u00bb1.3em\u00a0\u00bb background_enable_color=\u00a0\u00bboff\u00a0\u00bb background_size=\u00a0\u00bbinitial\u00a0\u00bb background_position=\u00a0\u00bbtop_left\u00a0\u00bb background_repeat=\u00a0\u00bbrepeat\u00a0\u00bb custom_button=\u00a0\u00bbon\u00a0\u00bb button_text_size=\u00a0\u00bb15px\u00a0\u00bb button_text_color=\u00a0\u00bb#ffffff\u00a0\u00bb button_bg_color=\u00a0\u00bb#1b9476&Prime; button_border_width=\u00a0\u00bb2px\u00a0\u00bb button_border_radius=\u00a0\u00bb10px\u00a0\u00bb button_font=\u00a0\u00bb|800||on|||||\u00a0\u00bb button_use_icon=\u00a0\u00bboff\u00a0\u00bb button_custom_padding=\u00a0\u00bb10px|10px|10px|10px|true|true\u00a0\u00bb background_layout=\u00a0\u00bblight\u00a0\u00bb animation_style=\u00a0\u00bbzoom\u00a0\u00bb header_font_size_tablet=\u00a0\u00bb20px\u00a0\u00bb header_font_size_phone=\u00a0\u00bb\u00a0\u00bb header_font_size_last_edited=\u00a0\u00bbon|tablet\u00a0\u00bb box_shadow_style_button=\u00a0\u00bbpreset3&Prime; use_border_color=\u00a0\u00bboff\u00a0\u00bb border_color=\u00a0\u00bb#ffffff\u00a0\u00bb border_style=\u00a0\u00bbsolid\u00a0\u00bb button_letter_spacing_hover=\u00a0\u00bb0&Prime; button_text_size__hover_enabled=\u00a0\u00bboff\u00a0\u00bb button_one_text_size__hover_enabled=\u00a0\u00bboff\u00a0\u00bb button_two_text_size__hover_enabled=\u00a0\u00bboff\u00a0\u00bb button_text_color__hover_enabled=\u00a0\u00bboff\u00a0\u00bb button_one_text_color__hover_enabled=\u00a0\u00bboff\u00a0\u00bb button_two_text_color__hover_enabled=\u00a0\u00bboff\u00a0\u00bb button_border_width__hover_enabled=\u00a0\u00bboff\u00a0\u00bb button_one_border_width__hover_enabled=\u00a0\u00bboff\u00a0\u00bb button_two_border_width__hover_enabled=\u00a0\u00bboff\u00a0\u00bb button_border_color__hover_enabled=\u00a0\u00bboff\u00a0\u00bb button_one_border_color__hover_enabled=\u00a0\u00bboff\u00a0\u00bb button_two_border_color__hover_enabled=\u00a0\u00bboff\u00a0\u00bb button_border_radius__hover_enabled=\u00a0\u00bboff\u00a0\u00bb button_one_border_radius__hover_enabled=\u00a0\u00bboff\u00a0\u00bb button_two_border_radius__hover_enabled=\u00a0\u00bboff\u00a0\u00bb button_letter_spacing__hover_enabled=\u00a0\u00bbon\u00a0\u00bb button_letter_spacing__hover=\u00a0\u00bb0&Prime; button_one_letter_spacing__hover_enabled=\u00a0\u00bboff\u00a0\u00bb button_two_letter_spacing__hover_enabled=\u00a0\u00bboff\u00a0\u00bb button_bg_color__hover_enabled=\u00a0\u00bbon|hover\u00a0\u00bb button_one_bg_color__hover_enabled=\u00a0\u00bboff\u00a0\u00bb button_two_bg_color__hover_enabled=\u00a0\u00bboff\u00a0\u00bb][\/et_pb_cta][\/et_pb_column][\/et_pb_row][\/et_pb_section]<\/p>\n","protected":false},"excerpt":{"rendered":"<p>[et_pb_section fb_built=\u00a0\u00bb1&Prime; fullwidth=\u00a0\u00bbon\u00a0\u00bb module_class=\u00a0\u00bbde-inner-page-header\u00a0\u00bb _builder_version=\u00a0\u00bb4.9.7&Prime; background_color=\u00a0\u00bbrgba(6,22,47,0.6)\u00a0\u00bb background_enable_color=\u00a0\u00bboff\u00a0\u00bb background_image=\u00a0\u00bbhttps:\/\/isga.ma\/isga\/wp-content\/uploads\/2021\/10\/IMG_8351-Modifier.jpg\u00a0\u00bb parallax=\u00a0\u00bbon\u00a0\u00bb][et_pb_fullwidth_post_title meta=\u00a0\u00bboff\u00a0\u00bb featured_image=\u00a0\u00bboff\u00a0\u00bb text_color=\u00a0\u00bblight\u00a0\u00bb admin_label=\u00a0\u00bbPage Title\u00a0\u00bb _builder_version=\u00a0\u00bb4.4.1&Prime; title_font=\u00a0\u00bb|300|||||||\u00a0\u00bb title_font_size=\u00a0\u00bb60px\u00a0\u00bb parallax=\u00a0\u00bbon\u00a0\u00bb parallax_method=\u00a0\u00bboff\u00a0\u00bb title_font_size_tablet=\u00a0\u00bb50px\u00a0\u00bb title_font_size_phone=\u00a0\u00bb40px\u00a0\u00bb title_font_size_last_edited=\u00a0\u00bbon|phone\u00a0\u00bb parallax_effect=\u00a0\u00bbon\u00a0\u00bb border_style=\u00a0\u00bbsolid\u00a0\u00bb][\/et_pb_fullwidth_post_title][\/et_pb_section][et_pb_section fb_built=\u00a0\u00bb1&Prime; admin_label=\u00a0\u00bbsection\u00a0\u00bb module_id=\u00a0\u00bbcourse-overview\u00a0\u00bb _builder_version=\u00a0\u00bb4.9.7&Prime; background_enable_color=\u00a0\u00bboff\u00a0\u00bb custom_css_main_element=\u00a0\u00bb box-shadow: 0px 0px 30px rgba(0, 0, 0, 0.2);\u00a0\u00bb transparent_background=\u00a0\u00bboff\u00a0\u00bb make_fullwidth=\u00a0\u00bboff\u00a0\u00bb use_custom_width=\u00a0\u00bboff\u00a0\u00bb width_unit=\u00a0\u00bbon\u00a0\u00bb][et_pb_row _builder_version=\u00a0\u00bb4.9.7&Prime; _module_preset=\u00a0\u00bbdefault\u00a0\u00bb][et_pb_column type=\u00a0\u00bb4_4&Prime; _builder_version=\u00a0\u00bb4.9.7&Prime; _module_preset=\u00a0\u00bbdefault\u00a0\u00bb][et_pb_blurb title=\u00a0\u00bbLe projet d\u2019\u00e9tudes \u00e0 l\u2019international concerne les \u00e9tudiants [&hellip;]<\/p>\n","protected":false},"author":4,"featured_media":0,"parent":0,"menu_order":0,"comment_status":"closed","ping_status":"closed","template":"","meta":{"_et_pb_use_builder":"on","_et_pb_old_content":"","_et_gb_content_width":"","content-type":"","footnotes":""},"class_list":["post-4205","page","type-page","status-publish","hentry"],"yoast_head":"<!-- This site is optimized with the Yoast SEO plugin v27.5 - https:\/\/yoast.com\/product\/yoast-seo-wordpress\/ -->\n<title>Poursuite d\u2019\u00e9tudes \u00e0 l\u2019international - ISGA Institut Sup\u00e9rieur d&#039;Ing\u00e9nierie &amp; des Affaires<\/title>\n<meta name=\"description\" content=\"L&#039;ISGA vous offre la possibilit\u00e9 d&#039;obtenir un double dipl\u00f4me international vous permettant de valoriser votre CV et de b\u00e2tir une carri\u00e8re \u00e0 l&#039;internationale.\" \/>\n<meta name=\"robots\" content=\"noindex, follow, max-snippet:-1, max-image-preview:large, max-video-preview:-1\" \/>\n<meta property=\"og:locale\" content=\"fr_FR\" \/>\n<meta property=\"og:type\" content=\"article\" \/>\n<meta property=\"og:title\" content=\"Poursuite d\u2019\u00e9tudes \u00e0 l\u2019international - ISGA Institut Sup\u00e9rieur d&#039;Ing\u00e9nierie &amp; des Affaires\" \/>\n<meta property=\"og:description\" content=\"L&#039;ISGA vous offre la possibilit\u00e9 d&#039;obtenir un double dipl\u00f4me international vous permettant de valoriser votre CV et de b\u00e2tir une carri\u00e8re \u00e0 l&#039;internationale.\" \/>\n<meta property=\"og:url\" content=\"https:\/\/isga.ma\/isga\/poursuite-detudes-a-linternational\/\" \/>\n<meta property=\"og:site_name\" content=\"ISGA Institut Sup\u00e9rieur d&#039;Ing\u00e9nierie &amp; des Affaires\" \/>\n<meta property=\"article:modified_time\" content=\"2022-11-11T10:18:26+00:00\" \/>\n<meta name=\"twitter:card\" content=\"summary_large_image\" \/>\n<meta name=\"twitter:label1\" content=\"Dur\u00e9e de lecture estim\u00e9e\" \/>\n\t<meta name=\"twitter:data1\" content=\"3 minutes\" \/>\n<script type=\"application\/ld+json\" class=\"yoast-schema-graph\">{\"@context\":\"https:\\\/\\\/schema.org\",\"@graph\":[{\"@type\":\"WebPage\",\"@id\":\"https:\\\/\\\/isga.ma\\\/isga\\\/poursuite-detudes-a-linternational\\\/\",\"url\":\"https:\\\/\\\/isga.ma\\\/isga\\\/poursuite-detudes-a-linternational\\\/\",\"name\":\"Poursuite d\u2019\u00e9tudes \u00e0 l\u2019international - ISGA Institut Sup\u00e9rieur d&#039;Ing\u00e9nierie &amp; des Affaires\",\"isPartOf\":{\"@id\":\"https:\\\/\\\/isga.ma\\\/isga\\\/#website\"},\"datePublished\":\"2021-10-26T08:05:58+00:00\",\"dateModified\":\"2022-11-11T10:18:26+00:00\",\"description\":\"L'ISGA vous offre la possibilit\u00e9 d'obtenir un double dipl\u00f4me international vous permettant de valoriser votre CV et de b\u00e2tir une carri\u00e8re \u00e0 l'internationale.\",\"breadcrumb\":{\"@id\":\"https:\\\/\\\/isga.ma\\\/isga\\\/poursuite-detudes-a-linternational\\\/#breadcrumb\"},\"inLanguage\":\"fr-FR\",\"potentialAction\":[{\"@type\":\"ReadAction\",\"target\":[\"https:\\\/\\\/isga.ma\\\/isga\\\/poursuite-detudes-a-linternational\\\/\"]}]},{\"@type\":\"BreadcrumbList\",\"@id\":\"https:\\\/\\\/isga.ma\\\/isga\\\/poursuite-detudes-a-linternational\\\/#breadcrumb\",\"itemListElement\":[{\"@type\":\"ListItem\",\"position\":1,\"name\":\"Accueil\",\"item\":\"https:\\\/\\\/isga.ma\\\/isga\\\/\"},{\"@type\":\"ListItem\",\"position\":2,\"name\":\"Poursuite d\u2019\u00e9tudes \u00e0 l\u2019international\"}]},{\"@type\":\"WebSite\",\"@id\":\"https:\\\/\\\/isga.ma\\\/isga\\\/#website\",\"url\":\"https:\\\/\\\/isga.ma\\\/isga\\\/\",\"name\":\"ISGA Institut Sup\u00e9rieur d&#039;Ing\u00e9nierie &amp; des Affaires\",\"description\":\"Le chemin de la r\u00e9ussite depuis 1981\",\"potentialAction\":[{\"@type\":\"SearchAction\",\"target\":{\"@type\":\"EntryPoint\",\"urlTemplate\":\"https:\\\/\\\/isga.ma\\\/isga\\\/?s={search_term_string}\"},\"query-input\":{\"@type\":\"PropertyValueSpecification\",\"valueRequired\":true,\"valueName\":\"search_term_string\"}}],\"inLanguage\":\"fr-FR\"}]}<\/script>\n<!-- \/ Yoast SEO plugin. -->","yoast_head_json":{"title":"Poursuite d\u2019\u00e9tudes \u00e0 l\u2019international - ISGA Institut Sup\u00e9rieur d&#039;Ing\u00e9nierie &amp; des Affaires","description":"L'ISGA vous offre la possibilit\u00e9 d'obtenir un double dipl\u00f4me international vous permettant de valoriser votre CV et de b\u00e2tir une carri\u00e8re \u00e0 l'internationale.","robots":{"index":"noindex","follow":"follow","max-snippet":"max-snippet:-1","max-image-preview":"max-image-preview:large","max-video-preview":"max-video-preview:-1"},"og_locale":"fr_FR","og_type":"article","og_title":"Poursuite d\u2019\u00e9tudes \u00e0 l\u2019international - ISGA Institut Sup\u00e9rieur d&#039;Ing\u00e9nierie &amp; des Affaires","og_description":"L'ISGA vous offre la possibilit\u00e9 d'obtenir un double dipl\u00f4me international vous permettant de valoriser votre CV et de b\u00e2tir une carri\u00e8re \u00e0 l'internationale.","og_url":"https:\/\/isga.ma\/isga\/poursuite-detudes-a-linternational\/","og_site_name":"ISGA Institut Sup\u00e9rieur d&#039;Ing\u00e9nierie &amp; des Affaires","article_modified_time":"2022-11-11T10:18:26+00:00","twitter_card":"summary_large_image","twitter_misc":{"Dur\u00e9e de lecture estim\u00e9e":"3 minutes"},"schema":{"@context":"https:\/\/schema.org","@graph":[{"@type":"WebPage","@id":"https:\/\/isga.ma\/isga\/poursuite-detudes-a-linternational\/","url":"https:\/\/isga.ma\/isga\/poursuite-detudes-a-linternational\/","name":"Poursuite d\u2019\u00e9tudes \u00e0 l\u2019international - ISGA Institut Sup\u00e9rieur d&#039;Ing\u00e9nierie &amp; des Affaires","isPartOf":{"@id":"https:\/\/isga.ma\/isga\/#website"},"datePublished":"2021-10-26T08:05:58+00:00","dateModified":"2022-11-11T10:18:26+00:00","description":"L'ISGA vous offre la possibilit\u00e9 d'obtenir un double dipl\u00f4me international vous permettant de valoriser votre CV et de b\u00e2tir une carri\u00e8re \u00e0 l'internationale.","breadcrumb":{"@id":"https:\/\/isga.ma\/isga\/poursuite-detudes-a-linternational\/#breadcrumb"},"inLanguage":"fr-FR","potentialAction":[{"@type":"ReadAction","target":["https:\/\/isga.ma\/isga\/poursuite-detudes-a-linternational\/"]}]},{"@type":"BreadcrumbList","@id":"https:\/\/isga.ma\/isga\/poursuite-detudes-a-linternational\/#breadcrumb","itemListElement":[{"@type":"ListItem","position":1,"name":"Accueil","item":"https:\/\/isga.ma\/isga\/"},{"@type":"ListItem","position":2,"name":"Poursuite d\u2019\u00e9tudes \u00e0 l\u2019international"}]},{"@type":"WebSite","@id":"https:\/\/isga.ma\/isga\/#website","url":"https:\/\/isga.ma\/isga\/","name":"ISGA Institut Sup\u00e9rieur d&#039;Ing\u00e9nierie &amp; des Affaires","description":"Le chemin de la r\u00e9ussite depuis 1981","potentialAction":[{"@type":"SearchAction","target":{"@type":"EntryPoint","urlTemplate":"https:\/\/isga.ma\/isga\/?s={search_term_string}"},"query-input":{"@type":"PropertyValueSpecification","valueRequired":true,"valueName":"search_term_string"}}],"inLanguage":"fr-FR"}]}},"_links":{"self":[{"href":"https:\/\/isga.ma\/isga\/wp-json\/wp\/v2\/pages\/4205","targetHints":{"allow":["GET"]}}],"collection":[{"href":"https:\/\/isga.ma\/isga\/wp-json\/wp\/v2\/pages"}],"about":[{"href":"https:\/\/isga.ma\/isga\/wp-json\/wp\/v2\/types\/page"}],"author":[{"embeddable":true,"href":"https:\/\/isga.ma\/isga\/wp-json\/wp\/v2\/users\/4"}],"replies":[{"embeddable":true,"href":"https:\/\/isga.ma\/isga\/wp-json\/wp\/v2\/comments?post=4205"}],"version-history":[{"count":19,"href":"https:\/\/isga.ma\/isga\/wp-json\/wp\/v2\/pages\/4205\/revisions"}],"predecessor-version":[{"id":9135,"href":"https:\/\/isga.ma\/isga\/wp-json\/wp\/v2\/pages\/4205\/revisions\/9135"}],"wp:attachment":[{"href":"https:\/\/isga.ma\/isga\/wp-json\/wp\/v2\/media?parent=4205"}],"curies":[{"name":"wp","href":"https:\/\/api.w.org\/{rel}","templated":true}]}}