{"id":5356,"date":"2021-10-29T12:12:17","date_gmt":"2021-10-29T10:12:17","guid":{"rendered":"https:\/\/isga.ma\/isga\/?page_id=5356"},"modified":"2024-10-30T11:08:53","modified_gmt":"2024-10-30T10:08:53","slug":"mentions-legales","status":"publish","type":"page","link":"https:\/\/isga.ma\/isga\/mentions-legales\/","title":{"rendered":"Mentions l\u00e9gales"},"content":{"rendered":"<p>ISGA Casablanca SA, Soci\u00e9t\u00e9 Anonyme \u00e0 conseil d\u2019administration portant les activit\u00e9s de formation initiale et continue des \u00e9coles ISGA \u00e0 Casablanca, Rabat, F\u00e8s et Marrakech au capital de 11.639.500 dirhams par la cr\u00e9ation, immatricul\u00e9 au registre du commerce de Casablanca n\u00b0 302449, dont le si\u00e8ge social est situ\u00e9 au 277, Boulevard Bir Anzarane, Maarif, Casablanca.<\/p>\n<p><strong>T\u00e9l\u00e9phone :\u00a0<\/strong>T\u00e9l : 05 22 25 55 96 \u2013 05 22 25 78 60<\/p>\n<p><strong>Directeur de la publication :<\/strong>\u00a0le Pr\u00e9sident de l\u2019ISGA<\/p>\n<p><strong>Editeur<\/strong><\/p>\n<p>ISGA<\/p>\n<p><strong>H\u00e9bergement<\/strong><\/p>\n<p>Ce site est h\u00e9berg\u00e9 par la soci\u00e9t\u00e9 DigitalOcean LLC., 101 6th Avenue, New-York, USA dans le datacenter de DigitalOcena FRA1 : Frankfurt, Germany.<\/p>\n<p><strong>Conditions d\u2019utilisation<\/strong><\/p>\n<p>Le site accessible par l\u2019url suivant : www.isga.ma est exploit\u00e9 dans le respect de la l\u00e9gislation marocaine. L\u2019utilisation de ce site est r\u00e9gie par les pr\u00e9sentes conditions g\u00e9n\u00e9rales. En utilisant le site, vous reconnaissez avoir pris connaissance de ces conditions et les avoir accept\u00e9es. Celles-ci pourront \u00eatre modifi\u00e9es \u00e0 tout moment et sans pr\u00e9avis par l\u2019ISGA.<\/p>\n<p><strong>Cookies<\/strong><\/p>\n<p>Pour am\u00e9liorer votre exp\u00e9rience sur notre site web, nous utilisons des traceurs (ou cookies) afin d\u2019am\u00e9liorer l\u2019interactivit\u00e9 et les services du site.<\/p>\n<p>Ces donn\u00e9es peuvent \u00eatre stock\u00e9es sur le terminal du sujet des donn\u00e9es dans un simple fichier texte auquel un serveur acc\u00e8de pour lire et enregistrer des informations. Les sites web de l\u2019ISGA ne peuvent lire ou \u00e9crire que les cookies qui leur appartiennent. Ces cookies permettent notamment de reconna\u00eetre le navigateur pendant la ou les visites, lier une action \u00e0 la fourniture du service demand\u00e9, enregistrer la langue parl\u00e9e ou les autres pr\u00e9f\u00e9rences n\u00e9cessaires pour fournir le service demand\u00e9, assurer l\u2019\u00e9quilibrage de la charge et g\u00e9rer le trafic, suivre l\u2019audience du site, \u00e9laborer des analyses statistiques, proposer des offres commerciales li\u00e9es ou non \u00e0 vos centres d\u2019int\u00e9r\u00eat.<\/p>\n<p>Afin de s\u2019opposer \u00e0 l\u2019utilisation de ces cookies, l\u2019utilisateur peut changer les r\u00e9glages relatifs aux cookies via son navigateur. La plupart des navigateurs sont param\u00e9tr\u00e9s par d\u00e9faut et acceptent l\u2019installation de cookies. L\u2019utilisateur a la possibilit\u00e9, s\u2019il le souhaite, de param\u00e9trer son navigateur afin qu\u2019il rejette syst\u00e9matiquement tous les cookies ou afin qu\u2019il accepte ou refuse, au cas par cas, les cookies pr\u00e9alablement \u00e0 leur installation. Il peut \u00e9galement r\u00e9guli\u00e8rement supprimer les cookies de son terminal via son navigateur. La configuration de chaque navigateur est diff\u00e9rente.<\/p>\n<p>De mani\u00e8re g\u00e9n\u00e9rale, l\u2019utilisateur peut d\u00e9sactiver l\u2019utilisation de cookies en s\u00e9lectionnant les param\u00e8tres appropri\u00e9s de son navigateur (ces r\u00e9glages sont habituellement disponibles dans le menu \u00ab options \u00bb ou \u00ab pr\u00e9f\u00e9rences \u00bb du navigateur). Il est pr\u00e9cis\u00e9 qu\u2019une d\u00e9sactivation totale des cookies pourrait emp\u00eacher l\u2019utilisation ou l\u2019acc\u00e8s \u00e0 certaines fonctionnalit\u00e9s des sites internet de l\u2019ISGA.<\/p>\n<p><strong>Cr\u00e9ation graphique\/d\u00e9veloppement technique<\/strong><\/p>\n<p>La cr\u00e9ation graphique et le d\u00e9veloppement est assur\u00e9 par la soci\u00e9t\u00e9 Perspectives.<\/p>\n<p>La mise \u00e0 jour du site est assur\u00e9e par l\u2019ISGA.<\/p>\n<p><strong>Droit d\u2019auteur et cr\u00e9dit photographique<\/strong><\/p>\n<p>Sauf pr\u00e9cision contraire, la mise en page, les visuels et les contenus pr\u00e9sents sur ce site (y compris les textes, photographies, dessins, sch\u00e9mas, marques et logos) sont des \u0153uvres prot\u00e9g\u00e9es par le droit de la propri\u00e9t\u00e9 intellectuelle et appartiennent \u00e0 l\u2019ISGA. Ainsi, et sous r\u00e9serve des dispositions du code de la propri\u00e9t\u00e9 intellectuelle, ces mises en page, visuels et contenus ne peuvent \u00eatre, m\u00eame partiellement, utilis\u00e9s, modifi\u00e9s, adapt\u00e9s, repr\u00e9sent\u00e9s, incorpor\u00e9s, ni traduits sans autorisation pr\u00e9alable et \u00e9crite de l\u2019ISGA, et ce dans le monde entier.<\/p>\n<p><strong>Responsabilit\u00e9<\/strong><\/p>\n<p>L\u2019ensemble des informations pr\u00e9sentes sur le site, sous quelque forme que ce soit, a un caract\u00e8re strictement informatif et ne saurait lier l\u2019ISGA. L\u2019ISGA ne garantit pas que lesdites informations sont exactes ni compl\u00e8tes. Les informations contenues sur ce site sont aussi pr\u00e9cises que possibles et le site est p\u00e9riodiquement remis \u00e0 jour, mais peut toutefois contenir des inexactitudes, des omissions ou des lacunes. Si vous constatez une lacune, erreur ou ce qui parait \u00eatre un dysfonctionnement, merci de bien vouloir le signaler par email \u00e0 l\u2019adresse\u00a0<u>contact@isga.ma<\/u><\/p>\n<p>Par ailleurs, l\u2019ISGA ne saurait \u00eatre tenu responsable des dommages directs ou indirects subis par un internaute lors de l\u2019utilisation du pr\u00e9sent site internet ou de l\u2019impossibilit\u00e9 d\u2019y acc\u00e9der.<\/p>\n<p><strong>Modification<\/strong><\/p>\n<p>L\u2019ISGA se r\u00e9serve le droit de modifier les pr\u00e9sentes mentions l\u00e9gales \u00e0 tout moment, sans avoir \u00e0 en avertir les utilisateurs. Il est de la seule responsabilit\u00e9 des utilisateurs d\u2019en v\u00e9rifier r\u00e9guli\u00e8rement le contenu. L\u2019ISGA ne contr\u00f4le pas les sites en connexion avec le sien, et ne saurait \u00eatre responsable de leur contenu. l\u2019ISGA ne peut en aucun cas \u00eatre tenue pour responsable des sites ayant un lien hypertexte avec le pr\u00e9sent site et d\u00e9cline toute responsabilit\u00e9 quant \u00e0 leur contenu et \u00e0 leur utilisation.<\/p>\n<p><strong>Protection des donn\u00e9es personnelles<\/strong><\/p>\n<p>Les informations recueillies sur les sites du groupe Edvantis font l\u2019objet d\u2019un traitement destin\u00e9 \u00e0 la gestion des demandes de renseignement.<\/p>\n<p>Le destinataire des donn\u00e9es est la soci\u00e9t\u00e9 \u00a0Edvantis Higher Education Group<\/p>\n<p>Conform\u00e9ment \u00e0 la loi n\u00b0 09-08 promulgu\u00e9e par le Dahir 1-09-15 du 18 f\u00e9vrier 2009, relative \u00e0 la protection des personnes physiques \u00e0 l\u2019\u00e9gard du traitement des donn\u00e9es \u00e0 caract\u00e8re personnel, l\u2019Utilisateur b\u00e9n\u00e9ficie d\u2019un droit d\u2019acc\u00e8s et de rectification aux informations qui vous concernent, que vous pouvez exercer via :<\/p>\n<p>Par mail \u00e0 \u00a0<a id=\"LPlnk216181\" title=\"mailto:contact@isga.ma\" href=\"mailto:contact@isga.ma\" data-linkindex=\"0\">contact@isga.ma<\/a>\u00a0;<\/p>\n<p>Par voie postale \u00e0 l\u2019adresse : ISGA 393, Route EL Jadida \u2013 Oasis MAROC<\/p>\n<p>Vous pouvez \u00e9galement, pour des motifs l\u00e9gitimes, vous opposer \u00e0 ce que les donn\u00e9es qui vous concernent fassent l\u2019objet d\u2019un traitement.<\/p>\n<p>Ce traitement a \u00e9t\u00e9 notifi\u00e9 \u00e0 la CNDP au titre de la d\u00e9claration n\u00b0 \u00a0(en cours )<\/p>\n<p>Le traitement fait aussi l\u2019objet d\u2019un transfert de donn\u00e9es \u00e0 l\u2019\u00e9tranger d\u00e9clar\u00e9 aupr\u00e8s de la CNDP sous la r\u00e9f\u00e9rence en cours \u2026<\/p>\n<p><strong>Fonctionnement<\/strong><\/p>\n<p>Pour toute remarque sur le fonctionnement du site, veuillez adresser un message au webmestre :\u00a0<a href=\"https:\/\/web.archive.org\/web\/20240413063227\/mailto:contact@aivancity.ai\">contact@isga.ma<\/a><\/p>\n<p><strong>Litiges<\/strong><\/p>\n<p>Les pr\u00e9sentes conditions sont r\u00e9gies par les lois marocaines et toute contestation ou litiges qui pourraient na\u00eetre de l\u2019interpr\u00e9tation ou de l\u2019ex\u00e9cution de celles-ci seront de la comp\u00e9tence exclusive des tribunaux dont d\u00e9pend le si\u00e8ge social de l\u2019ISGA. La langue de r\u00e9f\u00e9rence, pour le r\u00e8glement de contentieux \u00e9ventuels, est le fran\u00e7ais.<\/p>\n","protected":false},"excerpt":{"rendered":"<p>ISGA Casablanca SA, Soci\u00e9t\u00e9 Anonyme \u00e0 conseil d\u2019administration portant les activit\u00e9s de formation initiale et continue des \u00e9coles ISGA \u00e0 Casablanca, Rabat, F\u00e8s et Marrakech au capital de 11.639.500 dirhams par la cr\u00e9ation, immatricul\u00e9 au registre du commerce de Casablanca n\u00b0 302449, dont le si\u00e8ge social est situ\u00e9 au 277, Boulevard Bir Anzarane, Maarif, Casablanca. [&hellip;]<\/p>\n","protected":false},"author":4,"featured_media":0,"parent":0,"menu_order":0,"comment_status":"closed","ping_status":"closed","template":"","meta":{"_et_pb_use_builder":"off","_et_pb_old_content":"","_et_gb_content_width":"","content-type":"","footnotes":""},"class_list":["post-5356","page","type-page","status-publish","hentry"],"yoast_head":"<!-- This site is optimized with the Yoast SEO plugin v27.5 - https:\/\/yoast.com\/product\/yoast-seo-wordpress\/ -->\n<title>Mentions l\u00e9gales - ISGA Institut Sup\u00e9rieur d&#039;Ing\u00e9nierie &amp; des Affaires<\/title>\n<meta name=\"description\" content=\"ISGA Casablanca SA, Soci\u00e9t\u00e9 Anonyme \u00e0 conseil d\u2019administration portant les activit\u00e9s de formation initiale et continue des \u00e9coles ISGA \u00e0 Casablanca, Rabat, F\u00e8s et Marrakech au capital de 11.639.500 dirhams par la cr\u00e9ation, immatricul\u00e9 au registre du commerce de Casablanca n\u00b0 302449, dont le si\u00e8ge social est situ\u00e9 au 277, Boulevard Bir Anzarane, Maarif, Casablanca.\" \/>\n<meta name=\"robots\" content=\"noindex, follow, max-snippet:-1, max-image-preview:large, max-video-preview:-1\" \/>\n<meta property=\"og:locale\" content=\"fr_FR\" \/>\n<meta property=\"og:type\" content=\"article\" \/>\n<meta property=\"og:title\" content=\"Mentions l\u00e9gales - ISGA Institut Sup\u00e9rieur d&#039;Ing\u00e9nierie &amp; des Affaires\" \/>\n<meta property=\"og:description\" content=\"ISGA Casablanca SA, Soci\u00e9t\u00e9 Anonyme \u00e0 conseil d\u2019administration portant les activit\u00e9s de formation initiale et continue des \u00e9coles ISGA \u00e0 Casablanca, Rabat, F\u00e8s et Marrakech au capital de 11.639.500 dirhams par la cr\u00e9ation, immatricul\u00e9 au registre du commerce de Casablanca n\u00b0 302449, dont le si\u00e8ge social est situ\u00e9 au 277, Boulevard Bir Anzarane, Maarif, Casablanca.\" \/>\n<meta property=\"og:url\" content=\"https:\/\/isga.ma\/isga\/mentions-legales\/\" \/>\n<meta property=\"og:site_name\" content=\"ISGA Institut Sup\u00e9rieur d&#039;Ing\u00e9nierie &amp; des Affaires\" \/>\n<meta property=\"article:modified_time\" content=\"2024-10-30T10:08:53+00:00\" \/>\n<meta name=\"twitter:card\" content=\"summary_large_image\" \/>\n<meta name=\"twitter:label1\" content=\"Dur\u00e9e de lecture estim\u00e9e\" \/>\n\t<meta name=\"twitter:data1\" content=\"5 minutes\" \/>\n<script type=\"application\/ld+json\" class=\"yoast-schema-graph\">{\"@context\":\"https:\\\/\\\/schema.org\",\"@graph\":[{\"@type\":\"WebPage\",\"@id\":\"https:\\\/\\\/isga.ma\\\/isga\\\/mentions-legales\\\/\",\"url\":\"https:\\\/\\\/isga.ma\\\/isga\\\/mentions-legales\\\/\",\"name\":\"Mentions l\u00e9gales - ISGA Institut Sup\u00e9rieur d&#039;Ing\u00e9nierie &amp; des Affaires\",\"isPartOf\":{\"@id\":\"https:\\\/\\\/isga.ma\\\/isga\\\/#website\"},\"datePublished\":\"2021-10-29T10:12:17+00:00\",\"dateModified\":\"2024-10-30T10:08:53+00:00\",\"description\":\"ISGA Casablanca SA, Soci\u00e9t\u00e9 Anonyme \u00e0 conseil d\u2019administration portant les activit\u00e9s de formation initiale et continue des \u00e9coles ISGA \u00e0 Casablanca, Rabat, F\u00e8s et Marrakech au capital de 11.639.500 dirhams par la cr\u00e9ation, immatricul\u00e9 au registre du commerce de Casablanca n\u00b0 302449, dont le si\u00e8ge social est situ\u00e9 au 277, Boulevard Bir Anzarane, Maarif, Casablanca.\",\"breadcrumb\":{\"@id\":\"https:\\\/\\\/isga.ma\\\/isga\\\/mentions-legales\\\/#breadcrumb\"},\"inLanguage\":\"fr-FR\",\"potentialAction\":[{\"@type\":\"ReadAction\",\"target\":[\"https:\\\/\\\/isga.ma\\\/isga\\\/mentions-legales\\\/\"]}]},{\"@type\":\"BreadcrumbList\",\"@id\":\"https:\\\/\\\/isga.ma\\\/isga\\\/mentions-legales\\\/#breadcrumb\",\"itemListElement\":[{\"@type\":\"ListItem\",\"position\":1,\"name\":\"Accueil\",\"item\":\"https:\\\/\\\/isga.ma\\\/isga\\\/\"},{\"@type\":\"ListItem\",\"position\":2,\"name\":\"Mentions l\u00e9gales\"}]},{\"@type\":\"WebSite\",\"@id\":\"https:\\\/\\\/isga.ma\\\/isga\\\/#website\",\"url\":\"https:\\\/\\\/isga.ma\\\/isga\\\/\",\"name\":\"ISGA Institut Sup\u00e9rieur d&#039;Ing\u00e9nierie &amp; des Affaires\",\"description\":\"Le chemin de la r\u00e9ussite depuis 1981\",\"potentialAction\":[{\"@type\":\"SearchAction\",\"target\":{\"@type\":\"EntryPoint\",\"urlTemplate\":\"https:\\\/\\\/isga.ma\\\/isga\\\/?s={search_term_string}\"},\"query-input\":{\"@type\":\"PropertyValueSpecification\",\"valueRequired\":true,\"valueName\":\"search_term_string\"}}],\"inLanguage\":\"fr-FR\"}]}<\/script>\n<!-- \/ Yoast SEO plugin. -->","yoast_head_json":{"title":"Mentions l\u00e9gales - ISGA Institut Sup\u00e9rieur d&#039;Ing\u00e9nierie &amp; des Affaires","description":"ISGA Casablanca SA, Soci\u00e9t\u00e9 Anonyme \u00e0 conseil d\u2019administration portant les activit\u00e9s de formation initiale et continue des \u00e9coles ISGA \u00e0 Casablanca, Rabat, F\u00e8s et Marrakech au capital de 11.639.500 dirhams par la cr\u00e9ation, immatricul\u00e9 au registre du commerce de Casablanca n\u00b0 302449, dont le si\u00e8ge social est situ\u00e9 au 277, Boulevard Bir Anzarane, Maarif, Casablanca.","robots":{"index":"noindex","follow":"follow","max-snippet":"max-snippet:-1","max-image-preview":"max-image-preview:large","max-video-preview":"max-video-preview:-1"},"og_locale":"fr_FR","og_type":"article","og_title":"Mentions l\u00e9gales - ISGA Institut Sup\u00e9rieur d&#039;Ing\u00e9nierie &amp; des Affaires","og_description":"ISGA Casablanca SA, Soci\u00e9t\u00e9 Anonyme \u00e0 conseil d\u2019administration portant les activit\u00e9s de formation initiale et continue des \u00e9coles ISGA \u00e0 Casablanca, Rabat, F\u00e8s et Marrakech au capital de 11.639.500 dirhams par la cr\u00e9ation, immatricul\u00e9 au registre du commerce de Casablanca n\u00b0 302449, dont le si\u00e8ge social est situ\u00e9 au 277, Boulevard Bir Anzarane, Maarif, Casablanca.","og_url":"https:\/\/isga.ma\/isga\/mentions-legales\/","og_site_name":"ISGA Institut Sup\u00e9rieur d&#039;Ing\u00e9nierie &amp; des Affaires","article_modified_time":"2024-10-30T10:08:53+00:00","twitter_card":"summary_large_image","twitter_misc":{"Dur\u00e9e de lecture estim\u00e9e":"5 minutes"},"schema":{"@context":"https:\/\/schema.org","@graph":[{"@type":"WebPage","@id":"https:\/\/isga.ma\/isga\/mentions-legales\/","url":"https:\/\/isga.ma\/isga\/mentions-legales\/","name":"Mentions l\u00e9gales - ISGA Institut Sup\u00e9rieur d&#039;Ing\u00e9nierie &amp; des Affaires","isPartOf":{"@id":"https:\/\/isga.ma\/isga\/#website"},"datePublished":"2021-10-29T10:12:17+00:00","dateModified":"2024-10-30T10:08:53+00:00","description":"ISGA Casablanca SA, Soci\u00e9t\u00e9 Anonyme \u00e0 conseil d\u2019administration portant les activit\u00e9s de formation initiale et continue des \u00e9coles ISGA \u00e0 Casablanca, Rabat, F\u00e8s et Marrakech au capital de 11.639.500 dirhams par la cr\u00e9ation, immatricul\u00e9 au registre du commerce de Casablanca n\u00b0 302449, dont le si\u00e8ge social est situ\u00e9 au 277, Boulevard Bir Anzarane, Maarif, Casablanca.","breadcrumb":{"@id":"https:\/\/isga.ma\/isga\/mentions-legales\/#breadcrumb"},"inLanguage":"fr-FR","potentialAction":[{"@type":"ReadAction","target":["https:\/\/isga.ma\/isga\/mentions-legales\/"]}]},{"@type":"BreadcrumbList","@id":"https:\/\/isga.ma\/isga\/mentions-legales\/#breadcrumb","itemListElement":[{"@type":"ListItem","position":1,"name":"Accueil","item":"https:\/\/isga.ma\/isga\/"},{"@type":"ListItem","position":2,"name":"Mentions l\u00e9gales"}]},{"@type":"WebSite","@id":"https:\/\/isga.ma\/isga\/#website","url":"https:\/\/isga.ma\/isga\/","name":"ISGA Institut Sup\u00e9rieur d&#039;Ing\u00e9nierie &amp; des Affaires","description":"Le chemin de la r\u00e9ussite depuis 1981","potentialAction":[{"@type":"SearchAction","target":{"@type":"EntryPoint","urlTemplate":"https:\/\/isga.ma\/isga\/?s={search_term_string}"},"query-input":{"@type":"PropertyValueSpecification","valueRequired":true,"valueName":"search_term_string"}}],"inLanguage":"fr-FR"}]}},"_links":{"self":[{"href":"https:\/\/isga.ma\/isga\/wp-json\/wp\/v2\/pages\/5356","targetHints":{"allow":["GET"]}}],"collection":[{"href":"https:\/\/isga.ma\/isga\/wp-json\/wp\/v2\/pages"}],"about":[{"href":"https:\/\/isga.ma\/isga\/wp-json\/wp\/v2\/types\/page"}],"author":[{"embeddable":true,"href":"https:\/\/isga.ma\/isga\/wp-json\/wp\/v2\/users\/4"}],"replies":[{"embeddable":true,"href":"https:\/\/isga.ma\/isga\/wp-json\/wp\/v2\/comments?post=5356"}],"version-history":[{"count":11,"href":"https:\/\/isga.ma\/isga\/wp-json\/wp\/v2\/pages\/5356\/revisions"}],"predecessor-version":[{"id":11397,"href":"https:\/\/isga.ma\/isga\/wp-json\/wp\/v2\/pages\/5356\/revisions\/11397"}],"wp:attachment":[{"href":"https:\/\/isga.ma\/isga\/wp-json\/wp\/v2\/media?parent=5356"}],"curies":[{"name":"wp","href":"https:\/\/api.w.org\/{rel}","templated":true}]}}