{"id":5978,"date":"2022-01-04T14:41:52","date_gmt":"2022-01-04T13:41:52","guid":{"rendered":"https:\/\/isga.ma\/isga\/?page_id=5978"},"modified":"2025-12-11T20:33:25","modified_gmt":"2025-12-11T19:33:25","slug":"laboratoires-et-equipements","status":"publish","type":"page","link":"https:\/\/isga.ma\/isga\/laboratoires-et-equipements\/","title":{"rendered":"Laboratoires et \u00e9quipements"},"content":{"rendered":"<p>[et_pb_section fb_built=\u00a0\u00bb1&Prime; fullwidth=\u00a0\u00bbon\u00a0\u00bb module_class=\u00a0\u00bbde-inner-page-header\u00a0\u00bb _builder_version=\u00a0\u00bb4.9.7&Prime; background_color=\u00a0\u00bbrgba(6,22,47,0.6)\u00a0\u00bb background_enable_color=\u00a0\u00bboff\u00a0\u00bb background_image=\u00a0\u00bbhttps:\/\/isga.ma\/isga\/wp-content\/uploads\/2021\/10\/banner-recherche.jpg\u00a0\u00bb parallax=\u00a0\u00bbon\u00a0\u00bb][et_pb_fullwidth_post_title meta=\u00a0\u00bboff\u00a0\u00bb featured_image=\u00a0\u00bboff\u00a0\u00bb text_color=\u00a0\u00bblight\u00a0\u00bb admin_label=\u00a0\u00bbPage Title\u00a0\u00bb _builder_version=\u00a0\u00bb4.9.7&Prime; title_font=\u00a0\u00bb|300|||||||\u00a0\u00bb title_font_size=\u00a0\u00bb60px\u00a0\u00bb background_color=\u00a0\u00bbRGBA(0,0,0,0)\u00a0\u00bb parallax=\u00a0\u00bbon\u00a0\u00bb parallax_method=\u00a0\u00bboff\u00a0\u00bb title_font_size_tablet=\u00a0\u00bb50px\u00a0\u00bb title_font_size_phone=\u00a0\u00bb40px\u00a0\u00bb title_font_size_last_edited=\u00a0\u00bbon|phone\u00a0\u00bb title_line_height_tablet=\u00a0\u00bb2&Prime; meta_font_size_tablet=\u00a0\u00bb51&Prime; meta_line_height_tablet=\u00a0\u00bb2&Prime; border_style=\u00a0\u00bbsolid\u00a0\u00bb parallax_effect=\u00a0\u00bbon\u00a0\u00bb][\/et_pb_fullwidth_post_title][\/et_pb_section][et_pb_section fb_built=\u00a0\u00bb1&Prime; _builder_version=\u00a0\u00bb4.9.7&Prime; _module_preset=\u00a0\u00bbdefault\u00a0\u00bb background_enable_color=\u00a0\u00bboff\u00a0\u00bb custom_margin=\u00a0\u00bb0px||||false|false\u00a0\u00bb locked=\u00a0\u00bboff\u00a0\u00bb collapsed=\u00a0\u00bboff\u00a0\u00bb][et_pb_row _builder_version=\u00a0\u00bb4.9.7&Prime; _module_preset=\u00a0\u00bbdefault\u00a0\u00bb][et_pb_column type=\u00a0\u00bb4_4&Prime; _builder_version=\u00a0\u00bb4.9.7&Prime; _module_preset=\u00a0\u00bbdefault\u00a0\u00bb][et_pb_text admin_label=\u00a0\u00bbtitre-page-equipements\u00a0\u00bb _builder_version=\u00a0\u00bb4.9.7&Prime; _module_preset=\u00a0\u00bbdefault\u00a0\u00bb text_font=\u00a0\u00bb||||||||\u00a0\u00bb text_text_color=\u00a0\u00bb#000000&Prime; text_font_size=\u00a0\u00bb18px\u00a0\u00bb text_orientation=\u00a0\u00bbjustified\u00a0\u00bb custom_margin=\u00a0\u00bb||||false|false\u00a0\u00bb]<\/p>\n<h2>Des laboratoires p\u00e9dagogiques au service de la formation pratique des \u00e9tudiants<\/h2>\n<p>[\/et_pb_text][\/et_pb_column][\/et_pb_row][et_pb_row column_structure=\u00a0\u00bb1_2,1_2&Prime; _builder_version=\u00a0\u00bb4.9.7&Prime; _module_preset=\u00a0\u00bbdefault\u00a0\u00bb][et_pb_column type=\u00a0\u00bb1_2&Prime; _builder_version=\u00a0\u00bb4.9.7&Prime; _module_preset=\u00a0\u00bbdefault\u00a0\u00bb][et_pb_text _builder_version=\u00a0\u00bb4.9.7&Prime; _module_preset=\u00a0\u00bbdefault\u00a0\u00bb text_font=\u00a0\u00bb||||||||\u00a0\u00bb text_text_color=\u00a0\u00bb#000000&Prime; text_font_size=\u00a0\u00bb18px\u00a0\u00bb text_orientation=\u00a0\u00bbjustified\u00a0\u00bb custom_margin=\u00a0\u00bb||||false|false\u00a0\u00bb]<\/p>\n<p>L\u2019ISGA a engag\u00e9 un programme de modernisation de ses laboratoires scientifiques et techniques sur l\u2019ensemble de ses campus, afin d\u2019offrir aux \u00e9tudiants un environnement d\u2019apprentissage align\u00e9 sur les standards internationaux.<\/p>\n<p>Ce dispositif poursuit trois objectifs :<\/p>\n<ul>\n<li><strong>Moderniser<\/strong> les plateformes d\u2019exp\u00e9rimentation en \u00e9lectronique, automatique, syst\u00e8mes embarqu\u00e9s et syst\u00e8mes intelligents ;<\/li>\n<li><strong>Harmoniser<\/strong> les \u00e9quipements entre les campus pour garantir des conditions p\u00e9dagogiques \u00e9quivalentes ;<\/li>\n<li><strong>Renforcer<\/strong> la p\u00e9dagogie par projet et l\u2019apprentissage par l\u2019exp\u00e9rimentation.<\/li>\n<\/ul>\n<p>[\/et_pb_text][\/et_pb_column][et_pb_column type=\u00a0\u00bb1_2&Prime; _builder_version=\u00a0\u00bb4.9.7&Prime; _module_preset=\u00a0\u00bbdefault\u00a0\u00bb][et_pb_image src=\u00a0\u00bbhttps:\/\/isga.ma\/isga\/wp-content\/uploads\/2022\/10\/IMG_8032-Modifier.webp\u00a0\u00bb alt=\u00a0\u00bbISGA | Des laboratoires p\u00e9dagogiques\u00a0\u00bb title_text=\u00a0\u00bbISGA | Des laboratoires p\u00e9dagogiques\u00a0\u00bb _builder_version=\u00a0\u00bb4.9.7&Prime; _module_preset=\u00a0\u00bbdefault\u00a0\u00bb][\/et_pb_image][\/et_pb_column][\/et_pb_row][\/et_pb_section][et_pb_section fb_built=\u00a0\u00bb1&Prime; _builder_version=\u00a0\u00bb4.9.7&Prime; _module_preset=\u00a0\u00bbdefault\u00a0\u00bb background_color=\u00a0\u00bb#f2f2f2&Prime; collapsed=\u00a0\u00bboff\u00a0\u00bb][et_pb_row column_structure=\u00a0\u00bb1_2,1_2&Prime; _builder_version=\u00a0\u00bb4.9.7&Prime; _module_preset=\u00a0\u00bbdefault\u00a0\u00bb][et_pb_column type=\u00a0\u00bb1_2&Prime; _builder_version=\u00a0\u00bb4.9.7&Prime; _module_preset=\u00a0\u00bbdefault\u00a0\u00bb][et_pb_text admin_label=\u00a0\u00bb4534753783453&Prime; _builder_version=\u00a0\u00bb4.9.7&Prime; _module_preset=\u00a0\u00bbdefault\u00a0\u00bb]<\/p>\n<h3>Nos laboratoires d\u2019\u00e9lectronique et d\u2019\u00e9lectrotechnique<\/h3>\n<p>[\/et_pb_text][et_pb_text admin_label=\u00a0\u00bbTexte7698786&Prime; _builder_version=\u00a0\u00bb4.9.7&Prime; _module_preset=\u00a0\u00bbdefault\u00a0\u00bb text_orientation=\u00a0\u00bbjustified\u00a0\u00bb]<\/p>\n<p>Les laboratoires d\u2019\u00e9lectronique sont \u00e9quip\u00e9s de postes complets permettant d\u2019aborder l\u2019\u00e9lectronique analogique, num\u00e9rique et de puissance. Les \u00e9tudiants disposent d\u2019oscilloscopes num\u00e9riques, de g\u00e9n\u00e9rateurs de fonctions, d\u2019alimentations stabilis\u00e9es, de multim\u00e8tres et de cartes de prototypage pour concevoir, tester et mesurer leurs montages.<\/p>\n<p>Des bancs didactiques d\u2019\u00e9lectrotechnique int\u00e9grant machines \u00e9lectriques et dispositifs de commande permettent de traiter les notions de conversion, de transport et de qualit\u00e9 de l\u2019\u00e9nergie \u00e9lectrique, dans une logique proche des applications industrielles.<\/p>\n<p>[\/et_pb_text][et_pb_text admin_label=\u00a0\u00bb4444568&Prime; _builder_version=\u00a0\u00bb4.9.7&Prime; _module_preset=\u00a0\u00bbdefault\u00a0\u00bb text_orientation=\u00a0\u00bbjustified\u00a0\u00bb]<\/p>\n<h3>Nos laboratoires d\u2019automatique et d\u2019instrumentation<\/h3>\n<p>[\/et_pb_text][et_pb_text admin_label=\u00a0\u00bb77746456456&Prime; _builder_version=\u00a0\u00bb4.9.7&Prime; _module_preset=\u00a0\u00bbdefault\u00a0\u00bb text_orientation=\u00a0\u00bbjustified\u00a0\u00bb]<\/p>\n<p>Les laboratoires d\u2019automatique permettent d\u2019\u00e9tudier la commande et la r\u00e9gulation de proc\u00e9d\u00e9s industriels. Ils int\u00e8grent des bancs de r\u00e9gulation (niveau, d\u00e9bit, temp\u00e9rature, vitesse), des automates programmables industriels, des capteurs vari\u00e9s et des interfaces de supervision.<\/p>\n<p>Les \u00e9tudiants y apprennent \u00e0 concevoir des lois de commande, \u00e0 programmer des API et \u00e0 mettre en \u0153uvre des architectures d\u2019automatisation inspir\u00e9es des environnements industriels actuels.<\/p>\n<p>[\/et_pb_text][et_pb_text admin_label=\u00a0\u00bb123786&Prime; _builder_version=\u00a0\u00bb4.9.7&Prime; _module_preset=\u00a0\u00bbdefault\u00a0\u00bb text_orientation=\u00a0\u00bbjustified\u00a0\u00bb]<\/p>\n<h3>Nos laboratoires d\u2019informatique industrielle, d\u2019IoT et de robotique<\/h3>\n<p>[\/et_pb_text][et_pb_text admin_label=\u00a0\u00bb4445347553&Prime; _builder_version=\u00a0\u00bb4.9.7&Prime; _module_preset=\u00a0\u00bbdefault\u00a0\u00bb text_orientation=\u00a0\u00bbjustified\u00a0\u00bb]Les laboratoires d\u2019informatique industrielle et d\u2019IoT mettent \u00e0 disposition des kits de d\u00e9veloppement (microcontr\u00f4leurs, cartes de type Arduino, Raspberry Pi, etc.), des capteurs, des modules de communication sans fil et des interfaces de commande de moteurs. Ils permettent de d\u00e9velopper des syst\u00e8mes embarqu\u00e9s et des applications connect\u00e9es.[\/et_pb_text][\/et_pb_column][et_pb_column type=\u00a0\u00bb1_2&Prime; _builder_version=\u00a0\u00bb4.9.7&Prime; _module_preset=\u00a0\u00bbdefault\u00a0\u00bb][et_pb_text admin_label=\u00a0\u00bb4537888456&Prime; _builder_version=\u00a0\u00bb4.9.7&Prime; _module_preset=\u00a0\u00bbdefault\u00a0\u00bb text_orientation=\u00a0\u00bbjustified\u00a0\u00bb][\/et_pb_text][et_pb_text admin_label=\u00a0\u00bbtitre 1651651&Prime; _builder_version=\u00a0\u00bb4.9.7&Prime; _module_preset=\u00a0\u00bbdefault\u00a0\u00bb text_orientation=\u00a0\u00bbjustified\u00a0\u00bb]<\/p>\n<h3>Nos laboratoires de t\u00e9l\u00e9communications, r\u00e9seaux et cybers\u00e9curit\u00e9<\/h3>\n<p>[\/et_pb_text][et_pb_text admin_label=\u00a0\u00bb65198749865&Prime; _builder_version=\u00a0\u00bb4.9.7&Prime; _module_preset=\u00a0\u00bbdefault\u00a0\u00bb]Les plateformes de t\u00e9l\u00e9communications et r\u00e9seaux combinent \u00e9quipements de transmission, infrastructures de commutation et de routage, ainsi que des logiciels de simulation et de configuration. Elles sont utilis\u00e9es pour les travaux pratiques en signaux, r\u00e9seaux et s\u00e9curit\u00e9 des syst\u00e8mes.[\/et_pb_text][et_pb_text admin_label=\u00a0\u00bbtitre 453453453&Prime; _builder_version=\u00a0\u00bb4.9.7&Prime; _module_preset=\u00a0\u00bbdefault\u00a0\u00bb text_orientation=\u00a0\u00bbjustified\u00a0\u00bb]<\/p>\n<h3>Des investissements r\u00e9cents pour des laboratoires 4.0<\/h3>\n<p>[\/et_pb_text][et_pb_text admin_label=\u00a0\u00bb53453453&Prime; _builder_version=\u00a0\u00bb4.9.7&Prime; _module_preset=\u00a0\u00bbdefault\u00a0\u00bb]Un plan d\u2019investissement r\u00e9cent a permis le renouvellement d\u2019une grande partie du parc d\u2019\u00e9quipements (instruments de mesure, bancs didactiques, kits embarqu\u00e9s, modules de communication, logiciels de simulation et de conception). Cette mise \u00e0 niveau renforce la coh\u00e9rence entre les plateformes physiques et les outils num\u00e9riques, et rapproche les conditions de travail des \u00e9tudiants des pratiques observ\u00e9es en bureau d\u2019\u00e9tudes et en environnement industriel.[\/et_pb_text][\/et_pb_column][\/et_pb_row][\/et_pb_section][et_pb_section fb_built=\u00a0\u00bb1&Prime; _builder_version=\u00a0\u00bb3.22&Prime; locked=\u00a0\u00bboff\u00a0\u00bb collapsed=\u00a0\u00bboff\u00a0\u00bb][et_pb_row _builder_version=\u00a0\u00bb3.25&Prime; background_size=\u00a0\u00bbinitial\u00a0\u00bb background_position=\u00a0\u00bbtop_left\u00a0\u00bb background_repeat=\u00a0\u00bbrepeat\u00a0\u00bb][et_pb_column type=\u00a0\u00bb4_4&Prime; _builder_version=\u00a0\u00bb3.25&Prime; custom_padding=\u00a0\u00bb|||\u00a0\u00bb custom_padding__hover=\u00a0\u00bb|||\u00a0\u00bb][et_pb_text admin_label=\u00a0\u00bbGallery Title\u00a0\u00bb _builder_version=\u00a0\u00bb4.9.7&Prime; header_2_font_size=\u00a0\u00bb40px\u00a0\u00bb background_size=\u00a0\u00bbinitial\u00a0\u00bb background_position=\u00a0\u00bbtop_left\u00a0\u00bb background_repeat=\u00a0\u00bbrepeat\u00a0\u00bb text_orientation=\u00a0\u00bbcenter\u00a0\u00bb module_alignment=\u00a0\u00bbcenter\u00a0\u00bb header_2_font_size_tablet=\u00a0\u00bb30px\u00a0\u00bb header_2_font_size_phone=\u00a0\u00bb20px\u00a0\u00bb header_2_font_size_last_edited=\u00a0\u00bbon|phone\u00a0\u00bb header_2_2_font_size_tablet=\u00a0\u00bb30px\u00a0\u00bb header_3_2_font_size_tablet=\u00a0\u00bb30px\u00a0\u00bb header_4_2_font_size_tablet=\u00a0\u00bb30px\u00a0\u00bb header_5_2_font_size_tablet=\u00a0\u00bb30px\u00a0\u00bb header_6_2_font_size_tablet=\u00a0\u00bb30px\u00a0\u00bb header_2_2_font_size_phone=\u00a0\u00bb20px\u00a0\u00bb header_3_2_font_size_phone=\u00a0\u00bb20px\u00a0\u00bb header_4_2_font_size_phone=\u00a0\u00bb20px\u00a0\u00bb header_5_2_font_size_phone=\u00a0\u00bb20px\u00a0\u00bb header_6_2_font_size_phone=\u00a0\u00bb20px\u00a0\u00bb header_2_2_font_size_last_edited=\u00a0\u00bbon|phone\u00a0\u00bb header_3_2_font_size_last_edited=\u00a0\u00bbon|phone\u00a0\u00bb header_4_2_font_size_last_edited=\u00a0\u00bbon|phone\u00a0\u00bb header_5_2_font_size_last_edited=\u00a0\u00bbon|phone\u00a0\u00bb header_6_2_font_size_last_edited=\u00a0\u00bbon|phone\u00a0\u00bb]<\/p>\n<h2 style=\"font-weight: 600;\"><span class=\"TextRun SCXW16699239 BCX0\" lang=\"FR-FR\" xml:lang=\"FR-FR\" data-contrast=\"none\"><span class=\"NormalTextRun SCXW16699239 BCX0\">L&rsquo;apprentissage par la r\u00e9alisation de projets<br \/>\n<\/span><\/span><\/h2>\n<p>[\/et_pb_text][\/et_pb_column][\/et_pb_row][et_pb_row _builder_version=\u00a0\u00bb3.25&Prime; background_size=\u00a0\u00bbinitial\u00a0\u00bb background_position=\u00a0\u00bbtop_left\u00a0\u00bb background_repeat=\u00a0\u00bbrepeat\u00a0\u00bb][et_pb_column type=\u00a0\u00bb4_4&Prime; _builder_version=\u00a0\u00bb3.25&Prime; custom_padding=\u00a0\u00bb|||\u00a0\u00bb custom_padding__hover=\u00a0\u00bb|||\u00a0\u00bb][et_pb_gallery gallery_ids=\u00a0\u00bb6001,8938,8939,8940,8941,8942,8752,8885,8943,8944,8945,8946,8947,8948,8950,8768,8951,8952,8852,8953,8954,8955,8956,8957,8958,8959,8960,8961&Prime; gallery_orderby=\u00a0\u00bbrand\u00a0\u00bb posts_number=\u00a0\u00bb20&Prime; show_title_and_caption=\u00a0\u00bboff\u00a0\u00bb zoom_icon_color=\u00a0\u00bb#06162f\u00a0\u00bb _builder_version=\u00a0\u00bb4.9.7&Prime; background_size=\u00a0\u00bbinitial\u00a0\u00bb background_position=\u00a0\u00bbtop_left\u00a0\u00bb background_repeat=\u00a0\u00bbrepeat\u00a0\u00bb pagination_font_size_tablet=\u00a0\u00bb51&Prime; pagination_line_height_tablet=\u00a0\u00bb2&Prime; use_border_color=\u00a0\u00bboff\u00a0\u00bb][\/et_pb_gallery][\/et_pb_column][\/et_pb_row][\/et_pb_section][et_pb_section fb_built=\u00a0\u00bb1&Prime; _builder_version=\u00a0\u00bb4.9.7&Prime; _module_preset=\u00a0\u00bbdefault\u00a0\u00bb background_color=\u00a0\u00bb#da2d41&Prime; locked=\u00a0\u00bboff\u00a0\u00bb collapsed=\u00a0\u00bboff\u00a0\u00bb][et_pb_row admin_label=\u00a0\u00bbrow\u00a0\u00bb _builder_version=\u00a0\u00bb4.9.7&Prime; background_size=\u00a0\u00bbinitial\u00a0\u00bb background_position=\u00a0\u00bbtop_left\u00a0\u00bb background_repeat=\u00a0\u00bbrepeat\u00a0\u00bb make_fullwidth=\u00a0\u00bboff\u00a0\u00bb use_custom_width=\u00a0\u00bboff\u00a0\u00bb width_unit=\u00a0\u00bbon\u00a0\u00bb][et_pb_column type=\u00a0\u00bb4_4&Prime; _builder_version=\u00a0\u00bb4.9.7&Prime; custom_padding=\u00a0\u00bb|||\u00a0\u00bb custom_padding__hover=\u00a0\u00bb|||\u00a0\u00bb][et_pb_cta title=\u00a0\u00bbL\u2019ISGA accorde un int\u00e9r\u00eat particulier \u00e0 la recherche scientifique et technologique\u00a0\u00bb button_url=\u00a0\u00bbhttps:\/\/isga.ma\/isga\/recherche\/\u00a0\u00bb button_text=\u00a0\u00bbEn savoir plus\u00a0\u00bb _builder_version=\u00a0\u00bb4.9.7&Prime; _module_preset=\u00a0\u00bbdefault\u00a0\u00bb background_color=\u00a0\u00bb#da2d41&Prime;][\/et_pb_cta][\/et_pb_column][\/et_pb_row][\/et_pb_section]<\/p>\n","protected":false},"excerpt":{"rendered":"<p>[et_pb_section fb_built=\u00a0\u00bb1&Prime; fullwidth=\u00a0\u00bbon\u00a0\u00bb module_class=\u00a0\u00bbde-inner-page-header\u00a0\u00bb _builder_version=\u00a0\u00bb4.9.7&Prime; background_color=\u00a0\u00bbrgba(6,22,47,0.6)\u00a0\u00bb background_enable_color=\u00a0\u00bboff\u00a0\u00bb background_image=\u00a0\u00bbhttps:\/\/isga.ma\/isga\/wp-content\/uploads\/2021\/10\/banner-recherche.jpg\u00a0\u00bb parallax=\u00a0\u00bbon\u00a0\u00bb][et_pb_fullwidth_post_title meta=\u00a0\u00bboff\u00a0\u00bb featured_image=\u00a0\u00bboff\u00a0\u00bb text_color=\u00a0\u00bblight\u00a0\u00bb admin_label=\u00a0\u00bbPage Title\u00a0\u00bb _builder_version=\u00a0\u00bb4.9.7&Prime; title_font=\u00a0\u00bb|300|||||||\u00a0\u00bb title_font_size=\u00a0\u00bb60px\u00a0\u00bb background_color=\u00a0\u00bbRGBA(0,0,0,0)\u00a0\u00bb parallax=\u00a0\u00bbon\u00a0\u00bb parallax_method=\u00a0\u00bboff\u00a0\u00bb title_font_size_tablet=\u00a0\u00bb50px\u00a0\u00bb title_font_size_phone=\u00a0\u00bb40px\u00a0\u00bb title_font_size_last_edited=\u00a0\u00bbon|phone\u00a0\u00bb title_line_height_tablet=\u00a0\u00bb2&Prime; meta_font_size_tablet=\u00a0\u00bb51&Prime; meta_line_height_tablet=\u00a0\u00bb2&Prime; border_style=\u00a0\u00bbsolid\u00a0\u00bb parallax_effect=\u00a0\u00bbon\u00a0\u00bb][\/et_pb_fullwidth_post_title][\/et_pb_section][et_pb_section fb_built=\u00a0\u00bb1&Prime; _builder_version=\u00a0\u00bb4.9.7&Prime; _module_preset=\u00a0\u00bbdefault\u00a0\u00bb background_enable_color=\u00a0\u00bboff\u00a0\u00bb custom_margin=\u00a0\u00bb0px||||false|false\u00a0\u00bb locked=\u00a0\u00bboff\u00a0\u00bb collapsed=\u00a0\u00bboff\u00a0\u00bb][et_pb_row _builder_version=\u00a0\u00bb4.9.7&Prime; _module_preset=\u00a0\u00bbdefault\u00a0\u00bb][et_pb_column type=\u00a0\u00bb4_4&Prime; _builder_version=\u00a0\u00bb4.9.7&Prime; _module_preset=\u00a0\u00bbdefault\u00a0\u00bb][et_pb_text admin_label=\u00a0\u00bbtitre-page-equipements\u00a0\u00bb _builder_version=\u00a0\u00bb4.9.7&Prime; _module_preset=\u00a0\u00bbdefault\u00a0\u00bb text_font=\u00a0\u00bb||||||||\u00a0\u00bb text_text_color=\u00a0\u00bb#000000&Prime; text_font_size=\u00a0\u00bb18px\u00a0\u00bb text_orientation=\u00a0\u00bbjustified\u00a0\u00bb custom_margin=\u00a0\u00bb||||false|false\u00a0\u00bb] Des laboratoires p\u00e9dagogiques au service de la [&hellip;]<\/p>\n","protected":false},"author":4,"featured_media":0,"parent":0,"menu_order":0,"comment_status":"closed","ping_status":"closed","template":"","meta":{"_et_pb_use_builder":"on","_et_pb_old_content":"","_et_gb_content_width":"","content-type":"","footnotes":""},"class_list":["post-5978","page","type-page","status-publish","hentry"],"yoast_head":"<!-- This site is optimized with the Yoast SEO plugin v27.5 - https:\/\/yoast.com\/product\/yoast-seo-wordpress\/ -->\n<title>Laboratoires et \u00e9quipements - ISGA Institut Sup\u00e9rieur d&#039;Ing\u00e9nierie &amp; des Affaires<\/title>\n<meta name=\"description\" content=\"L\u2019ISGA dispose de plusieurs laboratoires p\u00e9dagogiques sur ses campus, destin\u00e9s \u00e0 la veille, \u00e0 l\u2019exp\u00e9rimentation et \u00e0 la recherche appliqu\u00e9e.\" \/>\n<meta name=\"robots\" content=\"noindex, follow, max-snippet:-1, max-image-preview:large, max-video-preview:-1\" \/>\n<meta property=\"og:locale\" content=\"fr_FR\" \/>\n<meta property=\"og:type\" content=\"article\" \/>\n<meta property=\"og:title\" content=\"Laboratoires et \u00e9quipements - ISGA Institut Sup\u00e9rieur d&#039;Ing\u00e9nierie &amp; des Affaires\" \/>\n<meta property=\"og:description\" content=\"L\u2019ISGA dispose de plusieurs laboratoires p\u00e9dagogiques sur ses campus, destin\u00e9s \u00e0 la veille, \u00e0 l\u2019exp\u00e9rimentation et \u00e0 la recherche appliqu\u00e9e.\" \/>\n<meta property=\"og:url\" content=\"https:\/\/isga.ma\/isga\/laboratoires-et-equipements\/\" \/>\n<meta property=\"og:site_name\" content=\"ISGA Institut Sup\u00e9rieur d&#039;Ing\u00e9nierie &amp; des Affaires\" \/>\n<meta property=\"article:modified_time\" content=\"2025-12-11T19:33:25+00:00\" \/>\n<meta name=\"twitter:card\" content=\"summary_large_image\" \/>\n<meta name=\"twitter:label1\" content=\"Dur\u00e9e de lecture estim\u00e9e\" \/>\n\t<meta name=\"twitter:data1\" content=\"8 minutes\" \/>\n<script type=\"application\/ld+json\" class=\"yoast-schema-graph\">{\"@context\":\"https:\\\/\\\/schema.org\",\"@graph\":[{\"@type\":\"WebPage\",\"@id\":\"https:\\\/\\\/isga.ma\\\/isga\\\/laboratoires-et-equipements\\\/\",\"url\":\"https:\\\/\\\/isga.ma\\\/isga\\\/laboratoires-et-equipements\\\/\",\"name\":\"Laboratoires et \u00e9quipements - ISGA Institut Sup\u00e9rieur d&#039;Ing\u00e9nierie &amp; des Affaires\",\"isPartOf\":{\"@id\":\"https:\\\/\\\/isga.ma\\\/isga\\\/#website\"},\"datePublished\":\"2022-01-04T13:41:52+00:00\",\"dateModified\":\"2025-12-11T19:33:25+00:00\",\"description\":\"L\u2019ISGA dispose de plusieurs laboratoires p\u00e9dagogiques sur ses campus, destin\u00e9s \u00e0 la veille, \u00e0 l\u2019exp\u00e9rimentation et \u00e0 la recherche appliqu\u00e9e.\",\"breadcrumb\":{\"@id\":\"https:\\\/\\\/isga.ma\\\/isga\\\/laboratoires-et-equipements\\\/#breadcrumb\"},\"inLanguage\":\"fr-FR\",\"potentialAction\":[{\"@type\":\"ReadAction\",\"target\":[\"https:\\\/\\\/isga.ma\\\/isga\\\/laboratoires-et-equipements\\\/\"]}]},{\"@type\":\"BreadcrumbList\",\"@id\":\"https:\\\/\\\/isga.ma\\\/isga\\\/laboratoires-et-equipements\\\/#breadcrumb\",\"itemListElement\":[{\"@type\":\"ListItem\",\"position\":1,\"name\":\"Accueil\",\"item\":\"https:\\\/\\\/isga.ma\\\/isga\\\/\"},{\"@type\":\"ListItem\",\"position\":2,\"name\":\"Laboratoires et \u00e9quipements\"}]},{\"@type\":\"WebSite\",\"@id\":\"https:\\\/\\\/isga.ma\\\/isga\\\/#website\",\"url\":\"https:\\\/\\\/isga.ma\\\/isga\\\/\",\"name\":\"ISGA Institut Sup\u00e9rieur d&#039;Ing\u00e9nierie &amp; des Affaires\",\"description\":\"Le chemin de la r\u00e9ussite depuis 1981\",\"potentialAction\":[{\"@type\":\"SearchAction\",\"target\":{\"@type\":\"EntryPoint\",\"urlTemplate\":\"https:\\\/\\\/isga.ma\\\/isga\\\/?s={search_term_string}\"},\"query-input\":{\"@type\":\"PropertyValueSpecification\",\"valueRequired\":true,\"valueName\":\"search_term_string\"}}],\"inLanguage\":\"fr-FR\"}]}<\/script>\n<!-- \/ Yoast SEO plugin. -->","yoast_head_json":{"title":"Laboratoires et \u00e9quipements - ISGA Institut Sup\u00e9rieur d&#039;Ing\u00e9nierie &amp; des Affaires","description":"L\u2019ISGA dispose de plusieurs laboratoires p\u00e9dagogiques sur ses campus, destin\u00e9s \u00e0 la veille, \u00e0 l\u2019exp\u00e9rimentation et \u00e0 la recherche appliqu\u00e9e.","robots":{"index":"noindex","follow":"follow","max-snippet":"max-snippet:-1","max-image-preview":"max-image-preview:large","max-video-preview":"max-video-preview:-1"},"og_locale":"fr_FR","og_type":"article","og_title":"Laboratoires et \u00e9quipements - ISGA Institut Sup\u00e9rieur d&#039;Ing\u00e9nierie &amp; des Affaires","og_description":"L\u2019ISGA dispose de plusieurs laboratoires p\u00e9dagogiques sur ses campus, destin\u00e9s \u00e0 la veille, \u00e0 l\u2019exp\u00e9rimentation et \u00e0 la recherche appliqu\u00e9e.","og_url":"https:\/\/isga.ma\/isga\/laboratoires-et-equipements\/","og_site_name":"ISGA Institut Sup\u00e9rieur d&#039;Ing\u00e9nierie &amp; des Affaires","article_modified_time":"2025-12-11T19:33:25+00:00","twitter_card":"summary_large_image","twitter_misc":{"Dur\u00e9e de lecture estim\u00e9e":"8 minutes"},"schema":{"@context":"https:\/\/schema.org","@graph":[{"@type":"WebPage","@id":"https:\/\/isga.ma\/isga\/laboratoires-et-equipements\/","url":"https:\/\/isga.ma\/isga\/laboratoires-et-equipements\/","name":"Laboratoires et \u00e9quipements - ISGA Institut Sup\u00e9rieur d&#039;Ing\u00e9nierie &amp; des Affaires","isPartOf":{"@id":"https:\/\/isga.ma\/isga\/#website"},"datePublished":"2022-01-04T13:41:52+00:00","dateModified":"2025-12-11T19:33:25+00:00","description":"L\u2019ISGA dispose de plusieurs laboratoires p\u00e9dagogiques sur ses campus, destin\u00e9s \u00e0 la veille, \u00e0 l\u2019exp\u00e9rimentation et \u00e0 la recherche appliqu\u00e9e.","breadcrumb":{"@id":"https:\/\/isga.ma\/isga\/laboratoires-et-equipements\/#breadcrumb"},"inLanguage":"fr-FR","potentialAction":[{"@type":"ReadAction","target":["https:\/\/isga.ma\/isga\/laboratoires-et-equipements\/"]}]},{"@type":"BreadcrumbList","@id":"https:\/\/isga.ma\/isga\/laboratoires-et-equipements\/#breadcrumb","itemListElement":[{"@type":"ListItem","position":1,"name":"Accueil","item":"https:\/\/isga.ma\/isga\/"},{"@type":"ListItem","position":2,"name":"Laboratoires et \u00e9quipements"}]},{"@type":"WebSite","@id":"https:\/\/isga.ma\/isga\/#website","url":"https:\/\/isga.ma\/isga\/","name":"ISGA Institut Sup\u00e9rieur d&#039;Ing\u00e9nierie &amp; des Affaires","description":"Le chemin de la r\u00e9ussite depuis 1981","potentialAction":[{"@type":"SearchAction","target":{"@type":"EntryPoint","urlTemplate":"https:\/\/isga.ma\/isga\/?s={search_term_string}"},"query-input":{"@type":"PropertyValueSpecification","valueRequired":true,"valueName":"search_term_string"}}],"inLanguage":"fr-FR"}]}},"_links":{"self":[{"href":"https:\/\/isga.ma\/isga\/wp-json\/wp\/v2\/pages\/5978","targetHints":{"allow":["GET"]}}],"collection":[{"href":"https:\/\/isga.ma\/isga\/wp-json\/wp\/v2\/pages"}],"about":[{"href":"https:\/\/isga.ma\/isga\/wp-json\/wp\/v2\/types\/page"}],"author":[{"embeddable":true,"href":"https:\/\/isga.ma\/isga\/wp-json\/wp\/v2\/users\/4"}],"replies":[{"embeddable":true,"href":"https:\/\/isga.ma\/isga\/wp-json\/wp\/v2\/comments?post=5978"}],"version-history":[{"count":51,"href":"https:\/\/isga.ma\/isga\/wp-json\/wp\/v2\/pages\/5978\/revisions"}],"predecessor-version":[{"id":12329,"href":"https:\/\/isga.ma\/isga\/wp-json\/wp\/v2\/pages\/5978\/revisions\/12329"}],"wp:attachment":[{"href":"https:\/\/isga.ma\/isga\/wp-json\/wp\/v2\/media?parent=5978"}],"curies":[{"name":"wp","href":"https:\/\/api.w.org\/{rel}","templated":true}]}}