{"id":6067,"date":"2022-01-12T16:58:41","date_gmt":"2022-01-12T15:58:41","guid":{"rendered":"https:\/\/isga.ma\/isga\/?page_id=6067"},"modified":"2022-11-01T10:31:19","modified_gmt":"2022-11-01T09:31:19","slug":"certifications-professionnelles","status":"publish","type":"page","link":"https:\/\/isga.ma\/isga\/certifications-professionnelles\/","title":{"rendered":"Certifications professionnelles"},"content":{"rendered":"<p>[et_pb_section fb_built=\u00a0\u00bb1&Prime; fullwidth=\u00a0\u00bbon\u00a0\u00bb module_class=\u00a0\u00bbde-inner-page-header\u00a0\u00bb _builder_version=\u00a0\u00bb4.4.1&Prime; background_color=\u00a0\u00bbrgba(6,22,47,0.6)\u00a0\u00bb background_enable_color=\u00a0\u00bboff\u00a0\u00bb use_background_color_gradient=\u00a0\u00bbon\u00a0\u00bb background_color_gradient_start=\u00a0\u00bbrgba(6,22,47,0.6)\u00a0\u00bb background_color_gradient_end=\u00a0\u00bbrgba(6,22,47,0.6)\u00a0\u00bb background_color_gradient_overlays_image=\u00a0\u00bbon\u00a0\u00bb background_image=\u00a0\u00bbhttps:\/\/isga.ma\/isga\/wp-content\/uploads\/2021\/06\/downloads-header.jpg\u00a0\u00bb background_position=\u00a0\u00bbtop_center\u00a0\u00bb][et_pb_fullwidth_post_title meta=\u00a0\u00bboff\u00a0\u00bb featured_image=\u00a0\u00bboff\u00a0\u00bb text_color=\u00a0\u00bblight\u00a0\u00bb admin_label=\u00a0\u00bbPage Title\u00a0\u00bb _builder_version=\u00a0\u00bb4.4.1&Prime; title_font=\u00a0\u00bb|300|||||||\u00a0\u00bb title_font_size=\u00a0\u00bb60px\u00a0\u00bb parallax=\u00a0\u00bbon\u00a0\u00bb parallax_method=\u00a0\u00bboff\u00a0\u00bb title_font_size_tablet=\u00a0\u00bb50px\u00a0\u00bb title_font_size_phone=\u00a0\u00bb40px\u00a0\u00bb title_font_size_last_edited=\u00a0\u00bbon|phone\u00a0\u00bb][\/et_pb_fullwidth_post_title][\/et_pb_section][et_pb_section fb_built=\u00a0\u00bb1&Prime; _builder_version=\u00a0\u00bb3.22&Prime;][et_pb_row column_structure=\u00a0\u00bb3_4,1_4&Prime; _builder_version=\u00a0\u00bb3.25&Prime; background_size=\u00a0\u00bbinitial\u00a0\u00bb background_position=\u00a0\u00bbtop_left\u00a0\u00bb background_repeat=\u00a0\u00bbrepeat\u00a0\u00bb][et_pb_column type=\u00a0\u00bb3_4&Prime; _builder_version=\u00a0\u00bb3.25&Prime; custom_padding=\u00a0\u00bb|||\u00a0\u00bb custom_padding__hover=\u00a0\u00bb|||\u00a0\u00bb][et_pb_text _builder_version=\u00a0\u00bb4.9.7&Prime; _module_preset=\u00a0\u00bbdefault\u00a0\u00bb text_font=\u00a0\u00bbSource Sans Pro||||||||\u00a0\u00bb text_text_color=\u00a0\u00bb#000000&Prime; text_font_size=\u00a0\u00bb17px\u00a0\u00bb]<\/p>\n<h2>Des certifications professionnelles fortement valoris\u00e9es par le march\u00e9 de l\u2019emploi<\/h2>\n<p>Conscient que la certification est un v\u00e9ritable gage d\u2019une expertise technique recherch\u00e9e par les recruteurs, l&rsquo;ISGA offre \u00e0 ses \u00e9tudiants, de tout niveau, une panoplie de certifications professionnelles reconnues \u00e0 l\u2019\u00e9chelle mondiale. Ces certifications viennent renforcer la cr\u00e9dibilit\u00e9 professionnelle des isgeaistes et leur savoir-faire dans leur domaine de sp\u00e9cialisation gr\u00e2ce \u00e0 :<\/p>\n<p>[\/et_pb_text][et_pb_text _builder_version=\u00a0\u00bb4.9.7&Prime; _module_preset=\u00a0\u00bbdefault\u00a0\u00bb text_font=\u00a0\u00bbSource Sans Pro||||||||\u00a0\u00bb text_text_color=\u00a0\u00bb#000000&Prime; text_font_size=\u00a0\u00bb17px\u00a0\u00bb]<\/p>\n<p>\u2981 des partenariats sign\u00e9s avec les grandes firmes internationales pionni\u00e8res dans le domaine des nouvelles technologies,<br \/>\u2981 un corps professoral qui regroupe plusieurs sp\u00e9cialistes certifi\u00e9s dans plusieurs domaines,<br \/>\u2981 des centres de certification dans tous les campus, dans les domaines des r\u00e9seaux, Cybers\u00e9curit\u00e9, le Cloud Computing, le Big Data, la sauvegarde, les Data Center et les IoT\u2026 Ces laboratoires sont utilis\u00e9s dans le cadre des enseignements des diff\u00e9rentes fili\u00e8res de l\u2019ISGA, mais aussi dans des projets tuteur\u00e9s ou de recherche.<\/p>\n<p>[\/et_pb_text][\/et_pb_column][et_pb_column type=\u00a0\u00bb1_4&Prime; _builder_version=\u00a0\u00bb3.25&Prime; custom_padding=\u00a0\u00bb|||\u00a0\u00bb custom_padding__hover=\u00a0\u00bb|||\u00a0\u00bb][et_pb_image src=\u00a0\u00bbhttps:\/\/isga.ma\/isga\/wp-content\/uploads\/2022\/07\/ISGA-RECONNU-PAR-LETAT.png\u00a0\u00bb title_text=\u00a0\u00bbISGA RECONNU PAR LETAT\u00a0\u00bb _builder_version=\u00a0\u00bb4.9.7&Prime; _module_preset=\u00a0\u00bbdefault\u00a0\u00bb][\/et_pb_image][\/et_pb_column][\/et_pb_row][\/et_pb_section][et_pb_section fb_built=\u00a0\u00bb1&Prime; _builder_version=\u00a0\u00bb4.9.7&Prime; _module_preset=\u00a0\u00bbdefault\u00a0\u00bb background_color=\u00a0\u00bb#dddddd\u00a0\u00bb][et_pb_row column_structure=\u00a0\u00bb1_3,2_3&Prime; _builder_version=\u00a0\u00bb4.9.7&Prime; _module_preset=\u00a0\u00bbdefault\u00a0\u00bb][et_pb_column type=\u00a0\u00bb1_3&Prime; _builder_version=\u00a0\u00bb4.9.7&Prime; _module_preset=\u00a0\u00bbdefault\u00a0\u00bb][et_pb_image src=\u00a0\u00bbhttps:\/\/isga.ma\/isga\/wp-content\/uploads\/2022\/01\/Cisco-1.png\u00a0\u00bb title_text=\u00a0\u00bbCisco\u00a0\u00bb _builder_version=\u00a0\u00bb4.9.7&Prime; _module_preset=\u00a0\u00bbdefault\u00a0\u00bb][\/et_pb_image][\/et_pb_column][et_pb_column type=\u00a0\u00bb2_3&Prime; _builder_version=\u00a0\u00bb4.9.7&Prime; _module_preset=\u00a0\u00bbdefault\u00a0\u00bb][et_pb_text _builder_version=\u00a0\u00bb4.9.7&Prime; _module_preset=\u00a0\u00bbdefault\u00a0\u00bb]<\/p>\n<p>Le groupe ISGA, acad\u00e9mie Cisco depuis plus de 20 ans, propose \u00e0 ses \u00e9tudiants les certifications Cisco Career Certifications, reconnues comme la norme industrielle en mati\u00e8re de conception et d\u2019assistance r\u00e9seau, validant les comp\u00e9tences et les connaissances techniques qu\u2019acqui\u00e8rent ses \u00e9tudiants et ce depuis les technologies \u00e9l\u00e9mentaires de mise en r\u00e9seau jusqu\u2019aux domaines techniques les plus sp\u00e9cifiques et les plus \u00e9volu\u00e9s comme la s\u00e9curit\u00e9, le sans-fil, les r\u00e9seaux de diffusion de contenu et la t\u00e9l\u00e9phonie IP. Cisco propose trois certifications g\u00e9n\u00e9rales repr\u00e9sentant des niveaux croissants de comp\u00e9tences : Associate, Professionnel et Expert. Un grand nombre de certifications Cisco Qualified Specialist sont \u00e9galement propos\u00e9es et garantissent la ma\u00eetrise des connaissances dans des technologies, des solutions ou des fonctions sp\u00e9cifiques.<br \/>Ainsi, nos \u00e9tudiants pr\u00e9parent durant leurs cursus de formation les certifications suivantes :<\/p>\n<ul>\n<li>Cybersecurity Operations<\/li>\n<li>CCNA : Enterprise Networking, Security &amp; Automation<\/li>\n<li>CCNA : Switching, Routing, and Wireless Essentials (SRWE)<\/li>\n<li>PCAP : Programming Essentials in Python<\/li>\n<li>IoT Fundamentals : IoT Security<\/li>\n<li>DevNet Associate<\/li>\n<li>IoT Fundamentals: Big Data &amp; Analytics\n<\/li>\n<\/ul>\n<p>[\/et_pb_text][\/et_pb_column][\/et_pb_row][\/et_pb_section][et_pb_section fb_built=\u00a0\u00bb1&Prime; _builder_version=\u00a0\u00bb4.9.7&Prime; _module_preset=\u00a0\u00bbdefault\u00a0\u00bb][et_pb_row column_structure=\u00a0\u00bb2_3,1_3&Prime; _builder_version=\u00a0\u00bb4.9.7&Prime; _module_preset=\u00a0\u00bbdefault\u00a0\u00bb][et_pb_column type=\u00a0\u00bb2_3&Prime; _builder_version=\u00a0\u00bb4.9.7&Prime; _module_preset=\u00a0\u00bbdefault\u00a0\u00bb][et_pb_text _builder_version=\u00a0\u00bb4.9.7&Prime; _module_preset=\u00a0\u00bbdefault\u00a0\u00bb]<\/p>\n<p>L\u2019ISGA est une acad\u00e9mie Oracle qui met \u00e0 la disposition de ses \u00e9tudiants un programme d\u2019expertise dans le domaine des technologies d\u2019innovation. Certifier ses \u00e9tudiants en Oracle est un moyen pour se d\u00e9marquer et r\u00e9ussir une insertion sur le mach\u00e9 de l\u2019emploi. L\u2019ISGA, \u00e0 travers la plateforme Oracle, propose \u00e0 ses \u00e9tudiants plusieurs certifications et les accompagne tout au long de la p\u00e9riode de formation certifiante. Le programme de certification organis\u00e9 en 3 niveaux, Oracle Certified Associate (OCA), Oracle Certified Professionnel (OCP) et Oracle Certified Master (OCM), propose plusieurs Certifications comme :<\/p>\n<ul>\n<li>Oracle Certified Professional: Java SE 17 Develope<\/li>\n<li>Oracle Certified Professional, MySQL 8.0 Database Administrator<\/li>\n<li>Oracle Database Administration 2019 Certified Professiona<\/li>\n<li>Oracle Cloud Infrastructure 2021 Certified Cloud Operations Associate<\/li>\n<li>Oracle Cloud Infrastructure 2021 Certified Architect Associate\n<\/li>\n<\/ul>\n<p>[\/et_pb_text][\/et_pb_column][et_pb_column type=\u00a0\u00bb1_3&Prime; _builder_version=\u00a0\u00bb4.9.7&Prime; _module_preset=\u00a0\u00bbdefault\u00a0\u00bb][et_pb_image src=\u00a0\u00bbhttps:\/\/isga.ma\/isga\/wp-content\/uploads\/2022\/01\/oracle-2.png\u00a0\u00bb title_text=\u00a0\u00bboracle\u00a0\u00bb _builder_version=\u00a0\u00bb4.9.7&Prime; _module_preset=\u00a0\u00bbdefault\u00a0\u00bb][\/et_pb_image][et_pb_image src=\u00a0\u00bbhttps:\/\/isga.ma\/isga\/wp-content\/uploads\/2022\/01\/java.png\u00a0\u00bb title_text=\u00a0\u00bbjava\u00a0\u00bb _builder_version=\u00a0\u00bb4.9.7&Prime; _module_preset=\u00a0\u00bbdefault\u00a0\u00bb][\/et_pb_image][\/et_pb_column][\/et_pb_row][\/et_pb_section][et_pb_section fb_built=\u00a0\u00bb1&Prime; _builder_version=\u00a0\u00bb4.9.7&Prime; _module_preset=\u00a0\u00bbdefault\u00a0\u00bb background_color=\u00a0\u00bb#dbdbdb\u00a0\u00bb][et_pb_row column_structure=\u00a0\u00bb1_3,2_3&Prime; _builder_version=\u00a0\u00bb4.9.7&Prime; _module_preset=\u00a0\u00bbdefault\u00a0\u00bb][et_pb_column type=\u00a0\u00bb1_3&Prime; _builder_version=\u00a0\u00bb4.9.7&Prime; _module_preset=\u00a0\u00bbdefault\u00a0\u00bb][et_pb_image src=\u00a0\u00bbhttps:\/\/isga.ma\/isga\/wp-content\/uploads\/2022\/01\/redhat.png\u00a0\u00bb title_text=\u00a0\u00bbredhat\u00a0\u00bb _builder_version=\u00a0\u00bb4.9.7&Prime; _module_preset=\u00a0\u00bbdefault\u00a0\u00bb][\/et_pb_image][\/et_pb_column][et_pb_column type=\u00a0\u00bb2_3&Prime; _builder_version=\u00a0\u00bb4.9.7&Prime; _module_preset=\u00a0\u00bbdefault\u00a0\u00bb][et_pb_text _builder_version=\u00a0\u00bb4.9.7&Prime; _module_preset=\u00a0\u00bbdefault\u00a0\u00bb]<\/p>\n<p>Les certifications Linux attestent la ma\u00eetrise du syst\u00e8me d&rsquo;exploitation Linux libre bas\u00e9 sur Unix. Un syst\u00e8me d\u2019exploitation tr\u00e8s performant, stable et s\u00fbr, install\u00e9 sur la majorit\u00e9 des serveurs Web. Il y a quatre certifications principales dans le monde Linux :<\/p>\n<ul>\n<li>RHCE (Red Hat Certified Engineer)<\/li>\n<li>RHCSA (Administrateur syst\u00e8me certifi\u00e9 Red Hat) : la certification RHCSA atteste des connaissances et comp\u00e9tences de base relatives \u00e0 l&rsquo;administration des syst\u00e8mes Red Hat Enterprise Linux.<\/li>\n<li>RHCE (Ing\u00e9nieur certifi\u00e9 Red Hat) : la certification RHCE permet de valider des comp\u00e9tences d&rsquo;un niveau plus avanc\u00e9, notamment en mati\u00e8re d&rsquo;automatisation du d\u00e9ploiement et de la configuration de Linux.\n<\/li>\n<\/ul>\n<p>[\/et_pb_text][\/et_pb_column][\/et_pb_row][\/et_pb_section][et_pb_section fb_built=\u00a0\u00bb1&Prime; _builder_version=\u00a0\u00bb4.9.7&Prime; _module_preset=\u00a0\u00bbdefault\u00a0\u00bb background_color=\u00a0\u00bb#FFFFFF\u00a0\u00bb collapsed=\u00a0\u00bboff\u00a0\u00bb][et_pb_row column_structure=\u00a0\u00bb2_3,1_3&Prime; _builder_version=\u00a0\u00bb4.9.7&Prime; _module_preset=\u00a0\u00bbdefault\u00a0\u00bb][et_pb_column type=\u00a0\u00bb2_3&Prime; _builder_version=\u00a0\u00bb4.9.7&Prime; _module_preset=\u00a0\u00bbdefault\u00a0\u00bb][et_pb_text _builder_version=\u00a0\u00bb4.9.7&Prime; _module_preset=\u00a0\u00bbdefault\u00a0\u00bb]<\/p>\n<p>L\u2019ISGA a sign\u00e9 une convention de partenariat dans le cadre du programme \u201cHuawei ICT Academy- Maroc\u201d, qui a permis la mise en mise en place de la Huawei ICT Academy au sein du groupe ISGA. La convention met l\u2019accent sur la promotion de l\u2019innovation, la consolidation de la formation et l\u2019encouragement de l\u2019excellence. Les programmes de formation sont mis en place par les deux partenaires au profit des enseignants et des \u00e9tudiants de l\u2019ISGA. La certification Huawei dans les technologies fondamentales et de pointe permet aux \u00e9tudiants de l\u2019ISGA une insertion professionnelle entant qu\u2019ing\u00e9nieurs certifi\u00e9s dans les nouvelles technologies ou jeunes entrepreneurs portant des projets innovants dans le secteur des TIC.<\/p>\n<p>[\/et_pb_text][\/et_pb_column][et_pb_column type=\u00a0\u00bb1_3&Prime; _builder_version=\u00a0\u00bb4.9.7&Prime; _module_preset=\u00a0\u00bbdefault\u00a0\u00bb][et_pb_image src=\u00a0\u00bbhttps:\/\/isga.ma\/isga\/wp-content\/uploads\/2022\/01\/huwai.png\u00a0\u00bb title_text=\u00a0\u00bbhuwai\u00a0\u00bb _builder_version=\u00a0\u00bb4.9.7&Prime; _module_preset=\u00a0\u00bbdefault\u00a0\u00bb][\/et_pb_image][\/et_pb_column][\/et_pb_row][\/et_pb_section][et_pb_section fb_built=\u00a0\u00bb1&Prime; _builder_version=\u00a0\u00bb4.9.7&Prime; _module_preset=\u00a0\u00bbdefault\u00a0\u00bb background_color=\u00a0\u00bb#dbdbdb\u00a0\u00bb collapsed=\u00a0\u00bboff\u00a0\u00bb][et_pb_row column_structure=\u00a0\u00bb1_3,2_3&Prime; _builder_version=\u00a0\u00bb4.9.7&Prime; _module_preset=\u00a0\u00bbdefault\u00a0\u00bb][et_pb_column type=\u00a0\u00bb1_3&Prime; _builder_version=\u00a0\u00bb4.9.7&Prime; _module_preset=\u00a0\u00bbdefault\u00a0\u00bb][et_pb_image src=\u00a0\u00bbhttps:\/\/isga.ma\/isga\/wp-content\/uploads\/2022\/01\/google-acade.png\u00a0\u00bb title_text=\u00a0\u00bbgoogle acade\u00a0\u00bb _builder_version=\u00a0\u00bb4.9.7&Prime; _module_preset=\u00a0\u00bbdefault\u00a0\u00bb][\/et_pb_image][\/et_pb_column][et_pb_column type=\u00a0\u00bb2_3&Prime; _builder_version=\u00a0\u00bb4.9.7&Prime; _module_preset=\u00a0\u00bbdefault\u00a0\u00bb][et_pb_text _builder_version=\u00a0\u00bb4.9.7&Prime; _module_preset=\u00a0\u00bbdefault\u00a0\u00bb]<\/p>\n<p>La plate-forme Skillshop est un LMS regroupant toutes les formations destin\u00e9es aux utilisateurs des solutions et des outils professionnels de Google. Elle permet \u00e0 nos \u00e9tudiants de d\u00e9velopper des connaissances et une expertise dans le domaine de Marketing digital. Ainsi, nos \u00e9tudiants pr\u00e9parent les certifications :<\/p>\n<ul>\n<li>Google Ads Display Certification<\/li>\n<li>Google Ads Search Certification<\/li>\n<li>Google Ads &#8211; Measurement Certification<\/li>\n<li>Google Ads Video Certification<\/li>\n<li>Shopping ads Certification<\/li>\n<li>Google Ads Apps Certification<\/li>\n<\/ul>\n<p>\u00c0 la fin de chaque formation,<strong> chaque \u00e9tudiant obtiendra un badge de certification professionnel de la part de Google<\/strong>, reconnu \u00e0 l&rsquo;\u00e9chelle mondiale.<\/p>\n<p>[\/et_pb_text][\/et_pb_column][\/et_pb_row][\/et_pb_section][et_pb_section fb_built=\u00a0\u00bb1&Prime; _builder_version=\u00a0\u00bb4.9.7&Prime; _module_preset=\u00a0\u00bbdefault\u00a0\u00bb background_color=\u00a0\u00bb#FFFFFF\u00a0\u00bb collapsed=\u00a0\u00bboff\u00a0\u00bb][et_pb_row column_structure=\u00a0\u00bb2_3,1_3&Prime; _builder_version=\u00a0\u00bb4.9.7&Prime; _module_preset=\u00a0\u00bbdefault\u00a0\u00bb][et_pb_column type=\u00a0\u00bb2_3&Prime; _builder_version=\u00a0\u00bb4.9.7&Prime; _module_preset=\u00a0\u00bbdefault\u00a0\u00bb][et_pb_text _builder_version=\u00a0\u00bb4.9.7&Prime; _module_preset=\u00a0\u00bbdefault\u00a0\u00bb]<\/p>\n<p>En 2020, le Groupe ISGA a mis en place l&rsquo;Acad\u00e9mie Amazon en partenariat avec AWS (Amazon Web Services) un des leaders du march\u00e9 du Cloud. Ainsi, nos \u00e9tudiants disposent d\u2019un badge de certification officiel d\u2019Amazon. Ce partenariat permet \u00e0 nos \u00e9tudiants d&rsquo;acqu\u00e9rir de nouvelles comp\u00e9tences en transformation digitale. Les certificats offerts couvrent diff\u00e9rents domaines :<\/p>\n<ul>\n<li>AWS Certified Cloud Practitionel<\/li>\n<li>AWS Certified Solutions Architect \u2013 Associate<\/li>\n<li>AWS Certified SysOps Administrator \u2013 Associate<\/li>\n<li>AWS Certified Developer \u2013 Associate<\/li>\n<\/ul>\n<p>[\/et_pb_text][\/et_pb_column][et_pb_column type=\u00a0\u00bb1_3&Prime; _builder_version=\u00a0\u00bb4.9.7&Prime; _module_preset=\u00a0\u00bbdefault\u00a0\u00bb][et_pb_image src=\u00a0\u00bbhttps:\/\/isga.ma\/isga\/wp-content\/uploads\/2022\/01\/aws.png\u00a0\u00bb title_text=\u00a0\u00bbaws\u00a0\u00bb _builder_version=\u00a0\u00bb4.9.7&Prime; _module_preset=\u00a0\u00bbdefault\u00a0\u00bb][\/et_pb_image][\/et_pb_column][\/et_pb_row][\/et_pb_section][et_pb_section fb_built=\u00a0\u00bb1&Prime; _builder_version=\u00a0\u00bb4.9.7&Prime; _module_preset=\u00a0\u00bbdefault\u00a0\u00bb background_color=\u00a0\u00bb#dbdbdb\u00a0\u00bb collapsed=\u00a0\u00bboff\u00a0\u00bb][et_pb_row column_structure=\u00a0\u00bb1_3,2_3&Prime; _builder_version=\u00a0\u00bb4.9.7&Prime; _module_preset=\u00a0\u00bbdefault\u00a0\u00bb][et_pb_column type=\u00a0\u00bb1_3&Prime; _builder_version=\u00a0\u00bb4.9.7&Prime; _module_preset=\u00a0\u00bbdefault\u00a0\u00bb][et_pb_image src=\u00a0\u00bbhttps:\/\/isga.ma\/isga\/wp-content\/uploads\/2022\/01\/pearson.png\u00a0\u00bb title_text=\u00a0\u00bbpearson\u00a0\u00bb _builder_version=\u00a0\u00bb4.9.7&Prime; _module_preset=\u00a0\u00bbdefault\u00a0\u00bb][\/et_pb_image][\/et_pb_column][et_pb_column type=\u00a0\u00bb2_3&Prime; _builder_version=\u00a0\u00bb4.9.7&Prime; _module_preset=\u00a0\u00bbdefault\u00a0\u00bb][et_pb_text _builder_version=\u00a0\u00bb4.9.7&Prime; _module_preset=\u00a0\u00bbdefault\u00a0\u00bb]L&rsquo;ISGA dispose sur chacun de ses campus d&rsquo;un centre agr\u00e9\u00e9 Pearson Vue offrant \u00e0 ses \u00e9tudiants et aux externes la possibilit\u00e9 de passer sur place tout type de certificat (Cisco, Microsoft, Linux, Oracle, etc.)[\/et_pb_text][\/et_pb_column][\/et_pb_row][\/et_pb_section]<\/p>\n","protected":false},"excerpt":{"rendered":"<p>[et_pb_section fb_built=\u00a0\u00bb1&Prime; fullwidth=\u00a0\u00bbon\u00a0\u00bb module_class=\u00a0\u00bbde-inner-page-header\u00a0\u00bb _builder_version=\u00a0\u00bb4.4.1&Prime; background_color=\u00a0\u00bbrgba(6,22,47,0.6)\u00a0\u00bb background_enable_color=\u00a0\u00bboff\u00a0\u00bb use_background_color_gradient=\u00a0\u00bbon\u00a0\u00bb background_color_gradient_start=\u00a0\u00bbrgba(6,22,47,0.6)\u00a0\u00bb background_color_gradient_end=\u00a0\u00bbrgba(6,22,47,0.6)\u00a0\u00bb background_color_gradient_overlays_image=\u00a0\u00bbon\u00a0\u00bb background_image=\u00a0\u00bbhttps:\/\/isga.ma\/isga\/wp-content\/uploads\/2021\/06\/downloads-header.jpg\u00a0\u00bb background_position=\u00a0\u00bbtop_center\u00a0\u00bb][et_pb_fullwidth_post_title meta=\u00a0\u00bboff\u00a0\u00bb featured_image=\u00a0\u00bboff\u00a0\u00bb text_color=\u00a0\u00bblight\u00a0\u00bb admin_label=\u00a0\u00bbPage Title\u00a0\u00bb _builder_version=\u00a0\u00bb4.4.1&Prime; title_font=\u00a0\u00bb|300|||||||\u00a0\u00bb title_font_size=\u00a0\u00bb60px\u00a0\u00bb parallax=\u00a0\u00bbon\u00a0\u00bb parallax_method=\u00a0\u00bboff\u00a0\u00bb title_font_size_tablet=\u00a0\u00bb50px\u00a0\u00bb title_font_size_phone=\u00a0\u00bb40px\u00a0\u00bb title_font_size_last_edited=\u00a0\u00bbon|phone\u00a0\u00bb][\/et_pb_fullwidth_post_title][\/et_pb_section][et_pb_section fb_built=\u00a0\u00bb1&Prime; _builder_version=\u00a0\u00bb3.22&Prime;][et_pb_row column_structure=\u00a0\u00bb3_4,1_4&Prime; _builder_version=\u00a0\u00bb3.25&Prime; background_size=\u00a0\u00bbinitial\u00a0\u00bb background_position=\u00a0\u00bbtop_left\u00a0\u00bb background_repeat=\u00a0\u00bbrepeat\u00a0\u00bb][et_pb_column type=\u00a0\u00bb3_4&Prime; _builder_version=\u00a0\u00bb3.25&Prime; custom_padding=\u00a0\u00bb|||\u00a0\u00bb custom_padding__hover=\u00a0\u00bb|||\u00a0\u00bb][et_pb_text _builder_version=\u00a0\u00bb4.9.7&Prime; _module_preset=\u00a0\u00bbdefault\u00a0\u00bb text_font=\u00a0\u00bbSource Sans Pro||||||||\u00a0\u00bb text_text_color=\u00a0\u00bb#000000&Prime; text_font_size=\u00a0\u00bb17px\u00a0\u00bb] Des certifications professionnelles fortement valoris\u00e9es par le march\u00e9 de l\u2019emploi Conscient [&hellip;]<\/p>\n","protected":false},"author":4,"featured_media":0,"parent":0,"menu_order":0,"comment_status":"closed","ping_status":"closed","template":"","meta":{"_et_pb_use_builder":"on","_et_pb_old_content":"","_et_gb_content_width":"","content-type":"","footnotes":""},"class_list":["post-6067","page","type-page","status-publish","hentry"],"yoast_head":"<!-- This site is optimized with the Yoast SEO plugin v27.5 - https:\/\/yoast.com\/product\/yoast-seo-wordpress\/ -->\n<title>Certifications professionnelles - ISGA Institut Sup\u00e9rieur d&#039;Ing\u00e9nierie &amp; des Affaires<\/title>\n<meta name=\"description\" content=\"D\u00e9couvrez les certifications professionnelles propos\u00e9es par l&#039;ISGA qui sont fortement valoris\u00e9es par le march\u00e9 de l\u2019emploi\" \/>\n<meta name=\"robots\" content=\"noindex, follow, max-snippet:-1, max-image-preview:large, max-video-preview:-1\" \/>\n<meta property=\"og:locale\" content=\"fr_FR\" \/>\n<meta property=\"og:type\" content=\"article\" \/>\n<meta property=\"og:title\" content=\"Certifications professionnelles - ISGA Institut Sup\u00e9rieur d&#039;Ing\u00e9nierie &amp; des Affaires\" \/>\n<meta property=\"og:description\" content=\"D\u00e9couvrez les certifications professionnelles propos\u00e9es par l&#039;ISGA qui sont fortement valoris\u00e9es par le march\u00e9 de l\u2019emploi\" \/>\n<meta property=\"og:url\" content=\"https:\/\/isga.ma\/isga\/certifications-professionnelles\/\" \/>\n<meta property=\"og:site_name\" content=\"ISGA Institut Sup\u00e9rieur d&#039;Ing\u00e9nierie &amp; des Affaires\" \/>\n<meta property=\"article:modified_time\" content=\"2022-11-01T09:31:19+00:00\" \/>\n<meta name=\"twitter:card\" content=\"summary_large_image\" \/>\n<meta name=\"twitter:label1\" content=\"Dur\u00e9e de lecture estim\u00e9e\" \/>\n\t<meta name=\"twitter:data1\" content=\"6 minutes\" \/>\n<script type=\"application\/ld+json\" class=\"yoast-schema-graph\">{\"@context\":\"https:\\\/\\\/schema.org\",\"@graph\":[{\"@type\":\"WebPage\",\"@id\":\"https:\\\/\\\/isga.ma\\\/isga\\\/certifications-professionnelles\\\/\",\"url\":\"https:\\\/\\\/isga.ma\\\/isga\\\/certifications-professionnelles\\\/\",\"name\":\"Certifications professionnelles - ISGA Institut Sup\u00e9rieur d&#039;Ing\u00e9nierie &amp; des Affaires\",\"isPartOf\":{\"@id\":\"https:\\\/\\\/isga.ma\\\/isga\\\/#website\"},\"datePublished\":\"2022-01-12T15:58:41+00:00\",\"dateModified\":\"2022-11-01T09:31:19+00:00\",\"description\":\"D\u00e9couvrez les certifications professionnelles propos\u00e9es par l'ISGA qui sont fortement valoris\u00e9es par le march\u00e9 de l\u2019emploi\",\"breadcrumb\":{\"@id\":\"https:\\\/\\\/isga.ma\\\/isga\\\/certifications-professionnelles\\\/#breadcrumb\"},\"inLanguage\":\"fr-FR\",\"potentialAction\":[{\"@type\":\"ReadAction\",\"target\":[\"https:\\\/\\\/isga.ma\\\/isga\\\/certifications-professionnelles\\\/\"]}]},{\"@type\":\"BreadcrumbList\",\"@id\":\"https:\\\/\\\/isga.ma\\\/isga\\\/certifications-professionnelles\\\/#breadcrumb\",\"itemListElement\":[{\"@type\":\"ListItem\",\"position\":1,\"name\":\"Accueil\",\"item\":\"https:\\\/\\\/isga.ma\\\/isga\\\/\"},{\"@type\":\"ListItem\",\"position\":2,\"name\":\"Certifications professionnelles\"}]},{\"@type\":\"WebSite\",\"@id\":\"https:\\\/\\\/isga.ma\\\/isga\\\/#website\",\"url\":\"https:\\\/\\\/isga.ma\\\/isga\\\/\",\"name\":\"ISGA Institut Sup\u00e9rieur d&#039;Ing\u00e9nierie &amp; des Affaires\",\"description\":\"Le chemin de la r\u00e9ussite depuis 1981\",\"potentialAction\":[{\"@type\":\"SearchAction\",\"target\":{\"@type\":\"EntryPoint\",\"urlTemplate\":\"https:\\\/\\\/isga.ma\\\/isga\\\/?s={search_term_string}\"},\"query-input\":{\"@type\":\"PropertyValueSpecification\",\"valueRequired\":true,\"valueName\":\"search_term_string\"}}],\"inLanguage\":\"fr-FR\"}]}<\/script>\n<!-- \/ Yoast SEO plugin. -->","yoast_head_json":{"title":"Certifications professionnelles - ISGA Institut Sup\u00e9rieur d&#039;Ing\u00e9nierie &amp; des Affaires","description":"D\u00e9couvrez les certifications professionnelles propos\u00e9es par l'ISGA qui sont fortement valoris\u00e9es par le march\u00e9 de l\u2019emploi","robots":{"index":"noindex","follow":"follow","max-snippet":"max-snippet:-1","max-image-preview":"max-image-preview:large","max-video-preview":"max-video-preview:-1"},"og_locale":"fr_FR","og_type":"article","og_title":"Certifications professionnelles - ISGA Institut Sup\u00e9rieur d&#039;Ing\u00e9nierie &amp; des Affaires","og_description":"D\u00e9couvrez les certifications professionnelles propos\u00e9es par l'ISGA qui sont fortement valoris\u00e9es par le march\u00e9 de l\u2019emploi","og_url":"https:\/\/isga.ma\/isga\/certifications-professionnelles\/","og_site_name":"ISGA Institut Sup\u00e9rieur d&#039;Ing\u00e9nierie &amp; des Affaires","article_modified_time":"2022-11-01T09:31:19+00:00","twitter_card":"summary_large_image","twitter_misc":{"Dur\u00e9e de lecture estim\u00e9e":"6 minutes"},"schema":{"@context":"https:\/\/schema.org","@graph":[{"@type":"WebPage","@id":"https:\/\/isga.ma\/isga\/certifications-professionnelles\/","url":"https:\/\/isga.ma\/isga\/certifications-professionnelles\/","name":"Certifications professionnelles - ISGA Institut Sup\u00e9rieur d&#039;Ing\u00e9nierie &amp; des Affaires","isPartOf":{"@id":"https:\/\/isga.ma\/isga\/#website"},"datePublished":"2022-01-12T15:58:41+00:00","dateModified":"2022-11-01T09:31:19+00:00","description":"D\u00e9couvrez les certifications professionnelles propos\u00e9es par l'ISGA qui sont fortement valoris\u00e9es par le march\u00e9 de l\u2019emploi","breadcrumb":{"@id":"https:\/\/isga.ma\/isga\/certifications-professionnelles\/#breadcrumb"},"inLanguage":"fr-FR","potentialAction":[{"@type":"ReadAction","target":["https:\/\/isga.ma\/isga\/certifications-professionnelles\/"]}]},{"@type":"BreadcrumbList","@id":"https:\/\/isga.ma\/isga\/certifications-professionnelles\/#breadcrumb","itemListElement":[{"@type":"ListItem","position":1,"name":"Accueil","item":"https:\/\/isga.ma\/isga\/"},{"@type":"ListItem","position":2,"name":"Certifications professionnelles"}]},{"@type":"WebSite","@id":"https:\/\/isga.ma\/isga\/#website","url":"https:\/\/isga.ma\/isga\/","name":"ISGA Institut Sup\u00e9rieur d&#039;Ing\u00e9nierie &amp; des Affaires","description":"Le chemin de la r\u00e9ussite depuis 1981","potentialAction":[{"@type":"SearchAction","target":{"@type":"EntryPoint","urlTemplate":"https:\/\/isga.ma\/isga\/?s={search_term_string}"},"query-input":{"@type":"PropertyValueSpecification","valueRequired":true,"valueName":"search_term_string"}}],"inLanguage":"fr-FR"}]}},"_links":{"self":[{"href":"https:\/\/isga.ma\/isga\/wp-json\/wp\/v2\/pages\/6067","targetHints":{"allow":["GET"]}}],"collection":[{"href":"https:\/\/isga.ma\/isga\/wp-json\/wp\/v2\/pages"}],"about":[{"href":"https:\/\/isga.ma\/isga\/wp-json\/wp\/v2\/types\/page"}],"author":[{"embeddable":true,"href":"https:\/\/isga.ma\/isga\/wp-json\/wp\/v2\/users\/4"}],"replies":[{"embeddable":true,"href":"https:\/\/isga.ma\/isga\/wp-json\/wp\/v2\/comments?post=6067"}],"version-history":[{"count":16,"href":"https:\/\/isga.ma\/isga\/wp-json\/wp\/v2\/pages\/6067\/revisions"}],"predecessor-version":[{"id":9165,"href":"https:\/\/isga.ma\/isga\/wp-json\/wp\/v2\/pages\/6067\/revisions\/9165"}],"wp:attachment":[{"href":"https:\/\/isga.ma\/isga\/wp-json\/wp\/v2\/media?parent=6067"}],"curies":[{"name":"wp","href":"https:\/\/api.w.org\/{rel}","templated":true}]}}