{"id":617,"date":"2021-08-01T23:37:01","date_gmt":"2021-08-01T21:37:01","guid":{"rendered":"https:\/\/isga.ma\/isga\/?page_id=617"},"modified":"2025-05-22T10:07:47","modified_gmt":"2025-05-22T08:07:47","slug":"le-comite-de-direction-du-groupe-isga","status":"publish","type":"page","link":"https:\/\/isga.ma\/isga\/le-comite-de-direction-du-groupe-isga\/","title":{"rendered":"Le comit\u00e9 de direction du Groupe ISGA"},"content":{"rendered":"<p>[et_pb_section fb_built=\u00a0\u00bb1&Prime; fullwidth=\u00a0\u00bbon\u00a0\u00bb module_class=\u00a0\u00bbde-inner-page-header\u00a0\u00bb _builder_version=\u00a0\u00bb4.9.7&Prime; background_color=\u00a0\u00bbrgba(6,22,47,0.6)\u00a0\u00bb background_enable_color=\u00a0\u00bboff\u00a0\u00bb use_background_color_gradient=\u00a0\u00bbon\u00a0\u00bb background_color_gradient_start=\u00a0\u00bbrgba(6,22,47,0.6)\u00a0\u00bb background_color_gradient_end=\u00a0\u00bbrgba(6,22,47,0.6)\u00a0\u00bb background_color_gradient_overlays_image=\u00a0\u00bbon\u00a0\u00bb background_image=\u00a0\u00bbhttps:\/\/isga.ma\/isga\/wp-content\/uploads\/2021\/11\/ISGA-management-et-ingenierie.jpg\u00a0\u00bb parallax=\u00a0\u00bbon\u00a0\u00bb][et_pb_fullwidth_post_title meta=\u00a0\u00bboff\u00a0\u00bb featured_image=\u00a0\u00bboff\u00a0\u00bb text_color=\u00a0\u00bblight\u00a0\u00bb admin_label=\u00a0\u00bbPage Title\u00a0\u00bb _builder_version=\u00a0\u00bb4.4.1&Prime; title_font=\u00a0\u00bb|300|||||||\u00a0\u00bb title_font_size=\u00a0\u00bb60px\u00a0\u00bb parallax=\u00a0\u00bbon\u00a0\u00bb parallax_method=\u00a0\u00bboff\u00a0\u00bb title_font_size_tablet=\u00a0\u00bb50px\u00a0\u00bb title_font_size_phone=\u00a0\u00bb40px\u00a0\u00bb title_font_size_last_edited=\u00a0\u00bbon|phone\u00a0\u00bb parallax_effect=\u00a0\u00bbon\u00a0\u00bb border_style=\u00a0\u00bbsolid\u00a0\u00bb][\/et_pb_fullwidth_post_title][\/et_pb_section][et_pb_section fb_built=\u00a0\u00bb1&Prime; module_class=\u00a0\u00bbstudent-services-section\u00a0\u00bb _builder_version=\u00a0\u00bb3.22&Prime; transparent_background=\u00a0\u00bboff\u00a0\u00bb make_fullwidth=\u00a0\u00bboff\u00a0\u00bb use_custom_width=\u00a0\u00bboff\u00a0\u00bb width_unit=\u00a0\u00bbon\u00a0\u00bb][et_pb_row _builder_version=\u00a0\u00bb3.25&Prime; background_size=\u00a0\u00bbinitial\u00a0\u00bb background_position=\u00a0\u00bbtop_left\u00a0\u00bb background_repeat=\u00a0\u00bbrepeat\u00a0\u00bb][et_pb_column type=\u00a0\u00bb4_4&Prime; _builder_version=\u00a0\u00bb3.25&Prime; custom_padding=\u00a0\u00bb|||\u00a0\u00bb custom_padding__hover=\u00a0\u00bb|||\u00a0\u00bb][et_pb_text admin_label=\u00a0\u00bbChancellor\u00a0\u00bb module_class=\u00a0\u00bbde-special-heading\u00a0\u00bb _builder_version=\u00a0\u00bb4.9.7&Prime; header_2_font=\u00a0\u00bb|600||on|||||\u00a0\u00bb header_2_font_size=\u00a0\u00bb50px\u00a0\u00bb header_2_letter_spacing=\u00a0\u00bb2px\u00a0\u00bb header_3_font=\u00a0\u00bb|300||on|||||\u00a0\u00bb header_3_text_color=\u00a0\u00bb#000000&Prime; header_3_font_size=\u00a0\u00bb40px\u00a0\u00bb header_3_letter_spacing=\u00a0\u00bb1px\u00a0\u00bb background_size=\u00a0\u00bbinitial\u00a0\u00bb background_position=\u00a0\u00bbtop_left\u00a0\u00bb background_repeat=\u00a0\u00bbrepeat\u00a0\u00bb header_2_font_size_tablet=\u00a0\u00bb40px\u00a0\u00bb header_2_font_size_phone=\u00a0\u00bb30px\u00a0\u00bb header_2_font_size_last_edited=\u00a0\u00bbon|desktop\u00a0\u00bb header_3_font_size_tablet=\u00a0\u00bb30px\u00a0\u00bb header_3_font_size_phone=\u00a0\u00bb20px\u00a0\u00bb header_3_font_size_last_edited=\u00a0\u00bbon|desktop\u00a0\u00bb border_style=\u00a0\u00bbsolid\u00a0\u00bb]<\/p>\n<h3>Une \u00e9quipe dynamique<\/h3>\n<h2>Au service de l&rsquo;accompagnement des \u00e9tudiants<\/span><\/h2>\n<p>[\/et_pb_text][\/et_pb_column][\/et_pb_row][et_pb_row _builder_version=\u00a0\u00bb3.25&Prime; background_size=\u00a0\u00bbinitial\u00a0\u00bb background_position=\u00a0\u00bbtop_left\u00a0\u00bb background_repeat=\u00a0\u00bbrepeat\u00a0\u00bb][et_pb_column type=\u00a0\u00bb4_4&Prime; _builder_version=\u00a0\u00bb3.25&Prime; custom_padding=\u00a0\u00bb|||\u00a0\u00bb custom_padding__hover=\u00a0\u00bb|||\u00a0\u00bb][et_pb_team_member name=\u00a0\u00bbTawhid CHTIOUI\u00a0\u00bb position=\u00a0\u00bbPr\u00e9sident directeur g\u00e9n\u00e9ral\u00a0\u00bb image_url=\u00a0\u00bbhttps:\/\/isga.ma\/isga\/wp-content\/uploads\/2022\/10\/TC-1.webp\u00a0\u00bb admin_label=\u00a0\u00bbTawhid CHTIOUI\u00a0\u00bb _builder_version=\u00a0\u00bb4.9.7&Prime; header_font_size=\u00a0\u00bb30px\u00a0\u00bb header_font_size_tablet=\u00a0\u00bb20px\u00a0\u00bb header_font_size_phone=\u00a0\u00bb\u00a0\u00bb header_font_size_last_edited=\u00a0\u00bbon|desktop\u00a0\u00bb header_line_height_tablet=\u00a0\u00bb2&Prime; body_font_size_tablet=\u00a0\u00bb51&Prime; body_line_height_tablet=\u00a0\u00bb2&Prime;]<\/p>\n<p>Tawhid Chtioui, <strong>pr\u00e9sident fondateur d\u2019aivancity<\/strong>, est <strong>professeur<\/strong>, <strong>expert international<\/strong> et <strong>entrepreneur dans le domaine de l\u2019enseignement sup\u00e9rieur et la formation<\/strong>. Titulaire d\u2019un doctorat en sciences de gestion de l\u2019Universit\u00e9 Paris Dauphine et du leadership development program in Higher Education d\u2019Harvard University, il a occup\u00e9 des fonctions scientifiques et dirigeantes dans diff\u00e9rentes \u00e9coles de commerce en France. Apr\u00e8s avoir port\u00e9 le d\u00e9veloppement et le pilotage des activit\u00e9s d\u2019em lyon en Afrique pendant trois ans, il a \u00e9t\u00e9 pr\u00e9sident du directoire et directeur g\u00e9n\u00e9ral du groupe em lyon business school en 2019. Il est l\u2019auteur de plusieurs articles scientifiques et a enseign\u00e9 dans de nombreuses \u00e9coles et universit\u00e9s en France et l\u2019\u00e9tranger. Tawhid Chtioui est Chevalier de l\u2019ordre des Palmes Acad\u00e9miques (promotion du 14 juillet 2016) et a \u00e9galement re\u00e7u plusieurs prix internationaux \u00e0 l\u2019instar du \u00ab Top 100 Leaders in Education Award \u00bb du Global Forum on Education &amp; Learning (2019) et \u00ab The Name in science &amp; Education Award \u00bb du Socrates Committee Oxford Debate University of the Future (2019).<\/p>\n<p>[\/et_pb_team_member][et_pb_team_member name=\u00a0\u00bbKenza ALLOUCH\u00a0\u00bb position=\u00a0\u00bbDirectrice G\u00e9n\u00e9rale Adjointe (DGA) en charge des op\u00e9rations\u00a0\u00bb image_url=\u00a0\u00bbhttps:\/\/isga.ma\/isga\/wp-content\/uploads\/2023\/04\/Photo-Kenza-Allouch-ISGA.jpg\u00a0\u00bb admin_label=\u00a0\u00bbKenza ALLOUCH\u00a0\u00bb _builder_version=\u00a0\u00bb4.9.7&Prime; header_font_size=\u00a0\u00bb30px\u00a0\u00bb header_font_size_tablet=\u00a0\u00bb20px\u00a0\u00bb header_font_size_phone=\u00a0\u00bb\u00a0\u00bb header_font_size_last_edited=\u00a0\u00bbon|desktop\u00a0\u00bb header_line_height_tablet=\u00a0\u00bb2&Prime; body_font_size_tablet=\u00a0\u00bb51&Prime; body_line_height_tablet=\u00a0\u00bb2&Prime;]<\/p>\n<p>Dipl\u00f4m\u00e9e en Finance d\u2019entreprise et titulaire d\u2019un Executive MBA de l\u2019EM LYON Business School, Kenza Allouch compte 19 ann\u00e9es d\u2019exp\u00e9rience professionnelle dans la gestion des ressources financi\u00e8res et des richesses humaines de plusieurs entreprises.<\/p>\n<p>Elle a d\u00e9marr\u00e9 son parcours professionnel chez Attijariwafa Bank en 2003 o\u00f9 elle a occup\u00e9 diff\u00e9rentes fonctions en Centre d\u2019Affaires.<br \/>Depuis 2008, elle a dirig\u00e9 les directions administratives et financi\u00e8res d\u2019entit\u00e9s op\u00e9rant toutes dans le secteur des M\u00e9dias (Radio et groupe de Presse \u00e9crite &amp; digitale).<br \/>Elle a pass\u00e9 les huit derni\u00e8res ann\u00e9es chez la premi\u00e8re r\u00e9gie publicitaire nationale, o\u00f9 elle a occup\u00e9 les fonctions de Directrice Finance et Business Support de R\u00e9gie 3, et de Co-g\u00e9rante de la filiale digitale, R\u00e9gie 3 Online.<\/p>\n<p>Aujourd\u2019hui, elle rejoint le secteur de l\u2019enseignement sup\u00e9rieur qui la passionne profond\u00e9ment avec comme mission principale, d\u2019accompagner et de r\u00e9ussir le d\u00e9veloppement et la transformation majeure du groupe.<\/p>\n<p>[\/et_pb_team_member][et_pb_team_member name=\u00a0\u00bbZahia BENABDELJALIL\u00a0\u00bb position=\u00a0\u00bbDirectrice p\u00e9dagogique et de d\u00e9veloppement ARTCOM&rsquo;SUP\u00a0\u00bb image_url=\u00a0\u00bbhttps:\/\/isga.ma\/isga\/wp-content\/uploads\/2022\/10\/Zahia-BENABDELJALIL.webp\u00a0\u00bb admin_label=\u00a0\u00bbZahia BENABDELJALIL \u00a0\u00bb _builder_version=\u00a0\u00bb4.9.7&Prime; header_font_size=\u00a0\u00bb30px\u00a0\u00bb header_font_size_tablet=\u00a0\u00bb20px\u00a0\u00bb header_font_size_phone=\u00a0\u00bb\u00a0\u00bb header_font_size_last_edited=\u00a0\u00bbon|desktop\u00a0\u00bb header_line_height_tablet=\u00a0\u00bb2&Prime; body_font_size_tablet=\u00a0\u00bb51&Prime; body_line_height_tablet=\u00a0\u00bb2&Prime;]<\/p>\n<p>Titulaire d\u2019un <strong>master en Information et Communication \u00e0 la Paris-Sorbonne Universit\u00e9<\/strong>, Zahia Benabdeljalil a travaill\u00e9 dans les d\u00e9partements communication et marketing de plusieurs multinationales \u00e0 Paris, avant de rentrer au Maroc et se consacrer \u00e0 sa passion pour l\u2019\u00e9ducation au sein de Art\u2019Com Sup. D\u2019abord enseignante et directrice de la communication du groupe, elle devient directrice administrative et p\u00e9dagogiques en 2010 et b\u00e9n\u00e9ficie ainsi de 12 ann\u00e9es d\u2019exp\u00e9rience dans la direction des campus d\u2019Art\u2019Com Sup Casa et Rabat.<\/p>\n<p>[\/et_pb_team_member][et_pb_team_member name=\u00a0\u00bbDr. Said Harchi\u00a0\u00bb position=\u00a0\u00bbDirecteur du campus ISGA Casablanca\u00a0\u00bb image_url=\u00a0\u00bbhttps:\/\/isga.ma\/isga\/wp-content\/uploads\/2022\/10\/Said-Harchi.webp\u00a0\u00bb admin_label=\u00a0\u00bbSaid HARCHI\u00a0\u00bb _builder_version=\u00a0\u00bb4.9.7&Prime; header_font_size=\u00a0\u00bb30px\u00a0\u00bb header_font_size_tablet=\u00a0\u00bb20px\u00a0\u00bb header_font_size_phone=\u00a0\u00bb\u00a0\u00bb header_font_size_last_edited=\u00a0\u00bbon|desktop\u00a0\u00bb header_line_height_tablet=\u00a0\u00bb2&Prime; body_font_size_tablet=\u00a0\u00bb51&Prime; body_line_height_tablet=\u00a0\u00bb2&Prime;]<\/p>\n<p>Titulaire d\u2019un <strong>doctorat en automatisme, traitement du signal et des images, g\u00e9nie informatique<\/strong> de l\u2019Universit\u00e9 de Lorraine, il a particip\u00e9 \u00e0 la mise en place des laboratoires de travaux pratiques de l\u2019\u00e9cole d\u2019ing\u00e9nierie du groupe ISGA.<br \/><strong>Professeur expert dans les r\u00e9seaux informatiques<\/strong> et <strong>chef de projet e-learning<\/strong> du groupe ISGA, il a obtenu plusieurs certificats professionnels en technologie r\u00e9seau. Son exp\u00e9rience p\u00e9dagogique couvre une vingtaine d\u2019ann\u00e9es d\u2019accompagnement et d\u2019enseignement.<br \/>Membre du laboratoire d\u2019innovation en management et ing\u00e9nierie pour l\u2019entreprise (LIMITE), ses recherches portent sur les r\u00e9seaux informatiques, le e-learning et l\u2019intelligence artificielle.<\/p>\n<p>[\/et_pb_team_member][et_pb_team_member name=\u00a0\u00bbDr. Siham Ammari\u00a0\u00bb position=\u00a0\u00bbDirectrice du campus ISGA F\u00e8s\u00a0\u00bb image_url=\u00a0\u00bbhttps:\/\/isga.ma\/isga\/wp-content\/uploads\/2025\/05\/undefined.jpg.webp\u00a0\u00bb admin_label=\u00a0\u00bbSiham AMMARI\u00a0\u00bb _builder_version=\u00a0\u00bb4.9.7&Prime; header_font_size=\u00a0\u00bb30px\u00a0\u00bb hover_enabled=\u00a0\u00bb0&Prime; header_font_size_tablet=\u00a0\u00bb20px\u00a0\u00bb header_font_size_phone=\u00a0\u00bb\u00a0\u00bb header_font_size_last_edited=\u00a0\u00bbon|desktop\u00a0\u00bb header_line_height_tablet=\u00a0\u00bb2&Prime; body_font_size_tablet=\u00a0\u00bb51&Prime; body_line_height_tablet=\u00a0\u00bb2&Prime; sticky_enabled=\u00a0\u00bb0&Prime;]<\/p>\n<p>Siham Ammari est <strong>docteure en sciences \u00e9conomiques et gestion<\/strong>, experte en ing\u00e9nierie p\u00e9dagogique et en pilotage acad\u00e9mique.<br \/>Passionn\u00e9e par l\u2019enseignement sup\u00e9rieur et l\u2019entrepreneuriat, elle cumule plus de <strong>dix ans d\u2019exp\u00e9rience dans la gestion de programmes<\/strong>, l\u2019accompagnement des talents et le d\u00e9veloppement de projets p\u00e9dagogiques innovants.<br \/>Elle intervient au sein d\u2019\u00e9tablissements d\u2019enseignement sup\u00e9rieur, o\u00f9 elle allie rigueur scientifique, vision strat\u00e9gique et engagement pour promouvoir l\u2019excellence acad\u00e9mique et la professionnalisation.<br \/>Ses travaux de recherche portent sur les dynamiques entrepreneuriales, les <strong>transformations p\u00e9dagogiques et la gouvernance des institutions.<\/strong><\/p>\n<p>[\/et_pb_team_member][et_pb_team_member name=\u00a0\u00bbMohamed DAAQILI\u00a0\u00bb position=\u00a0\u00bbDirecteur p\u00e9dagogique | ISGA Marrakech\u00a0\u00bb image_url=\u00a0\u00bbhttps:\/\/isga.ma\/isga\/wp-content\/uploads\/2024\/03\/Mohamed-DAAQILI.png\u00a0\u00bb admin_label=\u00a0\u00bbMohamed DAAQILI\u00a0\u00bb _builder_version=\u00a0\u00bb4.9.7&Prime; header_font_size=\u00a0\u00bb30px\u00a0\u00bb header_font_size_tablet=\u00a0\u00bb20px\u00a0\u00bb header_font_size_phone=\u00a0\u00bb\u00a0\u00bb header_font_size_last_edited=\u00a0\u00bbon|desktop\u00a0\u00bb header_line_height_tablet=\u00a0\u00bb2&Prime; body_font_size_tablet=\u00a0\u00bb51&Prime; body_line_height_tablet=\u00a0\u00bb2&Prime;]<\/p>\n<div class=\"ewa-rteLine\">Titulaire d&rsquo;un doctorat en Sciences de Gestion obtenu \u00e0 l&rsquo;Universit\u00e9 de Nantes, il a consacr\u00e9 sa th\u00e8se \u00e0 la question de l&rsquo;adoption des Technologies de l&rsquo;Information et de la Communication dans l&rsquo;enseignement sup\u00e9rieur priv\u00e9 au Maroc. Il a \u00e9galement obtenu un DESA en Sciences Economiques sp\u00e9cialis\u00e9 en Strat\u00e9gie de l&rsquo;Universit\u00e9 Cadi Ayyad.<\/div>\n<div class=\"ewa-rteLine\">Depuis 2008, il occupe le poste d&rsquo;enseignant-chercheur et de directeur de l&rsquo;\u00e9cole de management \u00e0 l&rsquo;ISGA Marrakech. Dans ce r\u00f4le, il assume des responsabilit\u00e9s p\u00e9dagogiques et administratives vari\u00e9es. Il enseigne un large \u00e9ventail de mati\u00e8res li\u00e9es \u00e0 la gestion et \u00e0 la finance. En plus de ses activit\u00e9s d&rsquo;enseignement, il est \u00e9galement tr\u00e8s actif dans la recherche et la publication acad\u00e9mique, participant \u00e0 plusieurs colloques internationaux et publiant des articles dans des revues sp\u00e9cialis\u00e9es.<\/div>\n<p>[\/et_pb_team_member][et_pb_team_member name=\u00a0\u00bbMohamed BAIDADA\u00a0\u00bb position=\u00a0\u00bbDirecteur p\u00e9dagogique | ISGA Rabat\u00a0\u00bb image_url=\u00a0\u00bbhttps:\/\/isga.ma\/isga\/wp-content\/uploads\/2024\/03\/Mohamed-BAIDADA.png\u00a0\u00bb admin_label=\u00a0\u00bbMohamed BAIDADA\u00a0\u00bb _builder_version=\u00a0\u00bb4.9.7&Prime; header_font_size=\u00a0\u00bb30px\u00a0\u00bb header_font_size_tablet=\u00a0\u00bb20px\u00a0\u00bb header_font_size_phone=\u00a0\u00bb\u00a0\u00bb header_font_size_last_edited=\u00a0\u00bbon|desktop\u00a0\u00bb header_line_height_tablet=\u00a0\u00bb2&Prime; body_font_size_tablet=\u00a0\u00bb51&Prime; body_line_height_tablet=\u00a0\u00bb2&Prime;]<\/p>\n<div class=\"ewa-rteLine\">Titulaire d&rsquo;un doctorat en Informatique de l&rsquo;universit\u00e9 Bretagne-sud, j&rsquo;ai cumul\u00e9 une carri\u00e8re de 23 ans au sein du groupe ISGA. Au fil des ann\u00e9es, j&rsquo;ai occup\u00e9 divers postes, aussi bien techniques que p\u00e9dagogiques, qui ont contribu\u00e9 \u00e0 enrichir ma compr\u00e9hension globale du secteur.<\/div>\n<div class=\"ewa-rteLine\">Mes travaux de recherche sont orient\u00e9s vers les syst\u00e8mes de recommandation dans le domaine \u00e9ducatif. Mon engagement envers l&rsquo;avancement de la technologie et de l&rsquo;\u00e9ducation continue \u00e0 guider mes efforts professionnels.<\/div>\n<p>[\/et_pb_team_member][\/et_pb_column][\/et_pb_row][\/et_pb_section]<\/p>\n","protected":false},"excerpt":{"rendered":"<p>[et_pb_section fb_built=\u00a0\u00bb1&Prime; fullwidth=\u00a0\u00bbon\u00a0\u00bb module_class=\u00a0\u00bbde-inner-page-header\u00a0\u00bb _builder_version=\u00a0\u00bb4.9.7&Prime; background_color=\u00a0\u00bbrgba(6,22,47,0.6)\u00a0\u00bb background_enable_color=\u00a0\u00bboff\u00a0\u00bb use_background_color_gradient=\u00a0\u00bbon\u00a0\u00bb background_color_gradient_start=\u00a0\u00bbrgba(6,22,47,0.6)\u00a0\u00bb background_color_gradient_end=\u00a0\u00bbrgba(6,22,47,0.6)\u00a0\u00bb background_color_gradient_overlays_image=\u00a0\u00bbon\u00a0\u00bb background_image=\u00a0\u00bbhttps:\/\/isga.ma\/isga\/wp-content\/uploads\/2021\/11\/ISGA-management-et-ingenierie.jpg\u00a0\u00bb parallax=\u00a0\u00bbon\u00a0\u00bb][et_pb_fullwidth_post_title meta=\u00a0\u00bboff\u00a0\u00bb featured_image=\u00a0\u00bboff\u00a0\u00bb text_color=\u00a0\u00bblight\u00a0\u00bb admin_label=\u00a0\u00bbPage Title\u00a0\u00bb _builder_version=\u00a0\u00bb4.4.1&Prime; title_font=\u00a0\u00bb|300|||||||\u00a0\u00bb title_font_size=\u00a0\u00bb60px\u00a0\u00bb parallax=\u00a0\u00bbon\u00a0\u00bb parallax_method=\u00a0\u00bboff\u00a0\u00bb title_font_size_tablet=\u00a0\u00bb50px\u00a0\u00bb title_font_size_phone=\u00a0\u00bb40px\u00a0\u00bb title_font_size_last_edited=\u00a0\u00bbon|phone\u00a0\u00bb parallax_effect=\u00a0\u00bbon\u00a0\u00bb border_style=\u00a0\u00bbsolid\u00a0\u00bb][\/et_pb_fullwidth_post_title][\/et_pb_section][et_pb_section fb_built=\u00a0\u00bb1&Prime; module_class=\u00a0\u00bbstudent-services-section\u00a0\u00bb _builder_version=\u00a0\u00bb3.22&Prime; transparent_background=\u00a0\u00bboff\u00a0\u00bb make_fullwidth=\u00a0\u00bboff\u00a0\u00bb use_custom_width=\u00a0\u00bboff\u00a0\u00bb width_unit=\u00a0\u00bbon\u00a0\u00bb][et_pb_row _builder_version=\u00a0\u00bb3.25&Prime; background_size=\u00a0\u00bbinitial\u00a0\u00bb background_position=\u00a0\u00bbtop_left\u00a0\u00bb background_repeat=\u00a0\u00bbrepeat\u00a0\u00bb][et_pb_column type=\u00a0\u00bb4_4&Prime; _builder_version=\u00a0\u00bb3.25&Prime; custom_padding=\u00a0\u00bb|||\u00a0\u00bb custom_padding__hover=\u00a0\u00bb|||\u00a0\u00bb][et_pb_text admin_label=\u00a0\u00bbChancellor\u00a0\u00bb module_class=\u00a0\u00bbde-special-heading\u00a0\u00bb _builder_version=\u00a0\u00bb4.9.7&Prime; header_2_font=\u00a0\u00bb|600||on|||||\u00a0\u00bb header_2_font_size=\u00a0\u00bb50px\u00a0\u00bb header_2_letter_spacing=\u00a0\u00bb2px\u00a0\u00bb header_3_font=\u00a0\u00bb|300||on|||||\u00a0\u00bb header_3_text_color=\u00a0\u00bb#000000&Prime; header_3_font_size=\u00a0\u00bb40px\u00a0\u00bb header_3_letter_spacing=\u00a0\u00bb1px\u00a0\u00bb background_size=\u00a0\u00bbinitial\u00a0\u00bb background_position=\u00a0\u00bbtop_left\u00a0\u00bb [&hellip;]<\/p>\n","protected":false},"author":4,"featured_media":0,"parent":0,"menu_order":0,"comment_status":"closed","ping_status":"closed","template":"","meta":{"_et_pb_use_builder":"on","_et_pb_old_content":"","_et_gb_content_width":"","content-type":"","footnotes":""},"class_list":["post-617","page","type-page","status-publish","hentry"],"yoast_head":"<!-- This site is optimized with the Yoast SEO plugin v27.5 - https:\/\/yoast.com\/product\/yoast-seo-wordpress\/ -->\n<title>Le comit\u00e9 de direction du Groupe ISGA - ISGA Institut Sup\u00e9rieur d&#039;Ing\u00e9nierie &amp; des Affaires<\/title>\n<meta name=\"description\" content=\"D\u00e9couvrez le comit\u00e9 de direction du groupe ISGA qui sont au service de l&#039;accompagnement des \u00e9tudiants\" \/>\n<meta name=\"robots\" content=\"noindex, follow, max-snippet:-1, max-image-preview:large, max-video-preview:-1\" \/>\n<meta property=\"og:locale\" content=\"fr_FR\" \/>\n<meta property=\"og:type\" content=\"article\" \/>\n<meta property=\"og:title\" content=\"Le comit\u00e9 de direction du Groupe ISGA - ISGA Institut Sup\u00e9rieur d&#039;Ing\u00e9nierie &amp; des Affaires\" \/>\n<meta property=\"og:description\" content=\"D\u00e9couvrez le comit\u00e9 de direction du groupe ISGA qui sont au service de l&#039;accompagnement des \u00e9tudiants\" \/>\n<meta property=\"og:url\" content=\"https:\/\/isga.ma\/isga\/le-comite-de-direction-du-groupe-isga\/\" \/>\n<meta property=\"og:site_name\" content=\"ISGA Institut Sup\u00e9rieur d&#039;Ing\u00e9nierie &amp; des Affaires\" \/>\n<meta property=\"article:modified_time\" content=\"2025-05-22T08:07:47+00:00\" \/>\n<meta name=\"twitter:card\" content=\"summary_large_image\" \/>\n<meta name=\"twitter:label1\" content=\"Dur\u00e9e de lecture estim\u00e9e\" \/>\n\t<meta name=\"twitter:data1\" content=\"6 minutes\" \/>\n<script type=\"application\/ld+json\" class=\"yoast-schema-graph\">{\"@context\":\"https:\\\/\\\/schema.org\",\"@graph\":[{\"@type\":\"WebPage\",\"@id\":\"https:\\\/\\\/isga.ma\\\/isga\\\/le-comite-de-direction-du-groupe-isga\\\/\",\"url\":\"https:\\\/\\\/isga.ma\\\/isga\\\/le-comite-de-direction-du-groupe-isga\\\/\",\"name\":\"Le comit\u00e9 de direction du Groupe ISGA - ISGA Institut Sup\u00e9rieur d&#039;Ing\u00e9nierie &amp; des Affaires\",\"isPartOf\":{\"@id\":\"https:\\\/\\\/isga.ma\\\/isga\\\/#website\"},\"datePublished\":\"2021-08-01T21:37:01+00:00\",\"dateModified\":\"2025-05-22T08:07:47+00:00\",\"description\":\"D\u00e9couvrez le comit\u00e9 de direction du groupe ISGA qui sont au service de l'accompagnement des \u00e9tudiants\",\"breadcrumb\":{\"@id\":\"https:\\\/\\\/isga.ma\\\/isga\\\/le-comite-de-direction-du-groupe-isga\\\/#breadcrumb\"},\"inLanguage\":\"fr-FR\",\"potentialAction\":[{\"@type\":\"ReadAction\",\"target\":[\"https:\\\/\\\/isga.ma\\\/isga\\\/le-comite-de-direction-du-groupe-isga\\\/\"]}]},{\"@type\":\"BreadcrumbList\",\"@id\":\"https:\\\/\\\/isga.ma\\\/isga\\\/le-comite-de-direction-du-groupe-isga\\\/#breadcrumb\",\"itemListElement\":[{\"@type\":\"ListItem\",\"position\":1,\"name\":\"Accueil\",\"item\":\"https:\\\/\\\/isga.ma\\\/isga\\\/\"},{\"@type\":\"ListItem\",\"position\":2,\"name\":\"Le comit\u00e9 de direction du Groupe ISGA\"}]},{\"@type\":\"WebSite\",\"@id\":\"https:\\\/\\\/isga.ma\\\/isga\\\/#website\",\"url\":\"https:\\\/\\\/isga.ma\\\/isga\\\/\",\"name\":\"ISGA Institut Sup\u00e9rieur d&#039;Ing\u00e9nierie &amp; des Affaires\",\"description\":\"Le chemin de la r\u00e9ussite depuis 1981\",\"potentialAction\":[{\"@type\":\"SearchAction\",\"target\":{\"@type\":\"EntryPoint\",\"urlTemplate\":\"https:\\\/\\\/isga.ma\\\/isga\\\/?s={search_term_string}\"},\"query-input\":{\"@type\":\"PropertyValueSpecification\",\"valueRequired\":true,\"valueName\":\"search_term_string\"}}],\"inLanguage\":\"fr-FR\"}]}<\/script>\n<!-- \/ Yoast SEO plugin. -->","yoast_head_json":{"title":"Le comit\u00e9 de direction du Groupe ISGA - ISGA Institut Sup\u00e9rieur d&#039;Ing\u00e9nierie &amp; des Affaires","description":"D\u00e9couvrez le comit\u00e9 de direction du groupe ISGA qui sont au service de l'accompagnement des \u00e9tudiants","robots":{"index":"noindex","follow":"follow","max-snippet":"max-snippet:-1","max-image-preview":"max-image-preview:large","max-video-preview":"max-video-preview:-1"},"og_locale":"fr_FR","og_type":"article","og_title":"Le comit\u00e9 de direction du Groupe ISGA - ISGA Institut Sup\u00e9rieur d&#039;Ing\u00e9nierie &amp; des Affaires","og_description":"D\u00e9couvrez le comit\u00e9 de direction du groupe ISGA qui sont au service de l'accompagnement des \u00e9tudiants","og_url":"https:\/\/isga.ma\/isga\/le-comite-de-direction-du-groupe-isga\/","og_site_name":"ISGA Institut Sup\u00e9rieur d&#039;Ing\u00e9nierie &amp; des Affaires","article_modified_time":"2025-05-22T08:07:47+00:00","twitter_card":"summary_large_image","twitter_misc":{"Dur\u00e9e de lecture estim\u00e9e":"6 minutes"},"schema":{"@context":"https:\/\/schema.org","@graph":[{"@type":"WebPage","@id":"https:\/\/isga.ma\/isga\/le-comite-de-direction-du-groupe-isga\/","url":"https:\/\/isga.ma\/isga\/le-comite-de-direction-du-groupe-isga\/","name":"Le comit\u00e9 de direction du Groupe ISGA - ISGA Institut Sup\u00e9rieur d&#039;Ing\u00e9nierie &amp; des Affaires","isPartOf":{"@id":"https:\/\/isga.ma\/isga\/#website"},"datePublished":"2021-08-01T21:37:01+00:00","dateModified":"2025-05-22T08:07:47+00:00","description":"D\u00e9couvrez le comit\u00e9 de direction du groupe ISGA qui sont au service de l'accompagnement des \u00e9tudiants","breadcrumb":{"@id":"https:\/\/isga.ma\/isga\/le-comite-de-direction-du-groupe-isga\/#breadcrumb"},"inLanguage":"fr-FR","potentialAction":[{"@type":"ReadAction","target":["https:\/\/isga.ma\/isga\/le-comite-de-direction-du-groupe-isga\/"]}]},{"@type":"BreadcrumbList","@id":"https:\/\/isga.ma\/isga\/le-comite-de-direction-du-groupe-isga\/#breadcrumb","itemListElement":[{"@type":"ListItem","position":1,"name":"Accueil","item":"https:\/\/isga.ma\/isga\/"},{"@type":"ListItem","position":2,"name":"Le comit\u00e9 de direction du Groupe ISGA"}]},{"@type":"WebSite","@id":"https:\/\/isga.ma\/isga\/#website","url":"https:\/\/isga.ma\/isga\/","name":"ISGA Institut Sup\u00e9rieur d&#039;Ing\u00e9nierie &amp; des Affaires","description":"Le chemin de la r\u00e9ussite depuis 1981","potentialAction":[{"@type":"SearchAction","target":{"@type":"EntryPoint","urlTemplate":"https:\/\/isga.ma\/isga\/?s={search_term_string}"},"query-input":{"@type":"PropertyValueSpecification","valueRequired":true,"valueName":"search_term_string"}}],"inLanguage":"fr-FR"}]}},"_links":{"self":[{"href":"https:\/\/isga.ma\/isga\/wp-json\/wp\/v2\/pages\/617","targetHints":{"allow":["GET"]}}],"collection":[{"href":"https:\/\/isga.ma\/isga\/wp-json\/wp\/v2\/pages"}],"about":[{"href":"https:\/\/isga.ma\/isga\/wp-json\/wp\/v2\/types\/page"}],"author":[{"embeddable":true,"href":"https:\/\/isga.ma\/isga\/wp-json\/wp\/v2\/users\/4"}],"replies":[{"embeddable":true,"href":"https:\/\/isga.ma\/isga\/wp-json\/wp\/v2\/comments?post=617"}],"version-history":[{"count":43,"href":"https:\/\/isga.ma\/isga\/wp-json\/wp\/v2\/pages\/617\/revisions"}],"predecessor-version":[{"id":11887,"href":"https:\/\/isga.ma\/isga\/wp-json\/wp\/v2\/pages\/617\/revisions\/11887"}],"wp:attachment":[{"href":"https:\/\/isga.ma\/isga\/wp-json\/wp\/v2\/media?parent=617"}],"curies":[{"name":"wp","href":"https:\/\/api.w.org\/{rel}","templated":true}]}}