{"id":9340,"date":"2022-12-07T15:39:28","date_gmt":"2022-12-07T14:39:28","guid":{"rendered":"https:\/\/isga.ma\/isga\/?page_id=9340"},"modified":"2022-12-07T15:52:19","modified_gmt":"2022-12-07T14:52:19","slug":"onboarding-for-isga","status":"publish","type":"page","link":"https:\/\/isga.ma\/isga\/onboarding-for-isga\/","title":{"rendered":"Onboarding for ISGA"},"content":{"rendered":"<p>[et_pb_section fb_built=\u00a0\u00bb1&Prime; fullwidth=\u00a0\u00bbon\u00a0\u00bb module_class=\u00a0\u00bbde-inner-page-header\u00a0\u00bb _builder_version=\u00a0\u00bb4.9.7&Prime; background_color=\u00a0\u00bbrgba(6,22,47,0.6)\u00a0\u00bb background_enable_color=\u00a0\u00bboff\u00a0\u00bb background_image=\u00a0\u00bbhttps:\/\/isga.ma\/isga\/wp-content\/uploads\/2021\/09\/12.png\u00a0\u00bb parallax=\u00a0\u00bbon\u00a0\u00bb][et_pb_fullwidth_post_title meta=\u00a0\u00bboff\u00a0\u00bb featured_image=\u00a0\u00bboff\u00a0\u00bb text_color=\u00a0\u00bblight\u00a0\u00bb admin_label=\u00a0\u00bbPage Title\u00a0\u00bb _builder_version=\u00a0\u00bb4.4.1&Prime; title_font=\u00a0\u00bb|300|||||||\u00a0\u00bb title_font_size=\u00a0\u00bb60px\u00a0\u00bb parallax=\u00a0\u00bbon\u00a0\u00bb parallax_method=\u00a0\u00bboff\u00a0\u00bb title_font_size_tablet=\u00a0\u00bb50px\u00a0\u00bb title_font_size_phone=\u00a0\u00bb40px\u00a0\u00bb title_font_size_last_edited=\u00a0\u00bbon|phone\u00a0\u00bb parallax_effect=\u00a0\u00bbon\u00a0\u00bb border_style=\u00a0\u00bbsolid\u00a0\u00bb][\/et_pb_fullwidth_post_title][\/et_pb_section][et_pb_section fb_built=\u00a0\u00bb1&Prime; admin_label=\u00a0\u00bbsection\u00a0\u00bb module_id=\u00a0\u00bbcourse-overview\u00a0\u00bb _builder_version=\u00a0\u00bb4.9.7&Prime; background_enable_color=\u00a0\u00bboff\u00a0\u00bb custom_css_main_element=\u00a0\u00bb box-shadow: 0px 0px 30px rgba(0, 0, 0, 0.2);\u00a0\u00bb transparent_background=\u00a0\u00bboff\u00a0\u00bb make_fullwidth=\u00a0\u00bboff\u00a0\u00bb use_custom_width=\u00a0\u00bboff\u00a0\u00bb width_unit=\u00a0\u00bbon\u00a0\u00bb][et_pb_row column_structure=\u00a0\u00bb3_5,2_5&Prime; admin_label=\u00a0\u00bbrow\u00a0\u00bb _builder_version=\u00a0\u00bb4.9.7&Prime; background_size=\u00a0\u00bbinitial\u00a0\u00bb background_position=\u00a0\u00bbtop_left\u00a0\u00bb background_repeat=\u00a0\u00bbrepeat\u00a0\u00bb make_fullwidth=\u00a0\u00bboff\u00a0\u00bb use_custom_width=\u00a0\u00bboff\u00a0\u00bb width_unit=\u00a0\u00bbon\u00a0\u00bb][et_pb_column type=\u00a0\u00bb3_5&Prime; _builder_version=\u00a0\u00bb3.25&Prime; custom_padding=\u00a0\u00bb|||\u00a0\u00bb custom_padding__hover=\u00a0\u00bb|||\u00a0\u00bb][et_pb_blurb title=\u00a0\u00bbUn programme d\u2019int\u00e9gration et d\u2019accompagnement\u00a0\u00bb icon_placement=\u00a0\u00bbleft\u00a0\u00bb admin_label=\u00a0\u00bbOverview Content 1&Prime; _builder_version=\u00a0\u00bb4.9.7&Prime; header_level=\u00a0\u00bbh2&Prime; header_font=\u00a0\u00bbRaleway|700|||||||\u00a0\u00bb header_text_align=\u00a0\u00bbleft\u00a0\u00bb header_text_color=\u00a0\u00bb#1c9576&Prime; header_font_size=\u00a0\u00bb21px\u00a0\u00bb body_font=\u00a0\u00bbSource Sans Pro||||||||\u00a0\u00bb body_text_align=\u00a0\u00bbleft\u00a0\u00bb body_text_color=\u00a0\u00bb#555556&Prime; body_font_size=\u00a0\u00bb18.75px\u00a0\u00bb background_size=\u00a0\u00bbinitial\u00a0\u00bb background_position=\u00a0\u00bbtop_left\u00a0\u00bb background_repeat=\u00a0\u00bbrepeat\u00a0\u00bb custom_margin=\u00a0\u00bb|10%|||false|false\u00a0\u00bb custom_css_blurb_content=\u00a0\u00bb max-width: 100%;\u00a0\u00bb use_border_color=\u00a0\u00bboff\u00a0\u00bb border_color=\u00a0\u00bb#ffffff\u00a0\u00bb border_style=\u00a0\u00bbsolid\u00a0\u00bb]<\/p>\n<p>&nbsp;<\/p>\n<p>Offrir \u00e0 nos \u00e9tudiants des programmes de formation en ligne au cours de l\u2019\u00e9t\u00e9 et de l\u2019ann\u00e9e acad\u00e9mique. Les programmes sont r\u00e9alis\u00e9s \u00e0 l\u2019aide des supports de LinkedIn Learning.<\/p>\n<p>Gr\u00e2ce au partenariat sign\u00e9 avec LinkedIn Learning (unique en Afrique), <strong>Edvantis<\/strong> propose aux \u00e9tudiants de l\u2019ISGA, des programmes de formation con\u00e7us autour de 3 comp\u00e9tences :<\/p>\n<p>[\/et_pb_blurb][\/et_pb_column][et_pb_column type=\u00a0\u00bb2_5&Prime; _builder_version=\u00a0\u00bb3.25&Prime; custom_padding=\u00a0\u00bb|||\u00a0\u00bb custom_padding__hover=\u00a0\u00bb|||\u00a0\u00bb][et_pb_image src=\u00a0\u00bbhttps:\/\/isga.ma\/isga\/wp-content\/uploads\/2022\/10\/IMG_6835-Modifier.webp\u00a0\u00bb alt=\u00a0\u00bbL\u2019ISGA franchit un nouveau cap et obtient la reconnaissance de l\u2019Etat pour tous ses campus\u00a0\u00bb title_text=\u00a0\u00bbL\u2019ISGA franchit un nouveau cap et obtient la reconnaissance de l\u2019Etat pour tous ses campus\u00a0\u00bb _builder_version=\u00a0\u00bb4.9.7&Prime; _module_preset=\u00a0\u00bbdefault\u00a0\u00bb][\/et_pb_image][\/et_pb_column][\/et_pb_row][et_pb_row admin_label=\u00a0\u00bbrow\u00a0\u00bb _builder_version=\u00a0\u00bb4.9.7&Prime; background_size=\u00a0\u00bbinitial\u00a0\u00bb background_position=\u00a0\u00bbtop_left\u00a0\u00bb background_repeat=\u00a0\u00bbrepeat\u00a0\u00bb make_fullwidth=\u00a0\u00bboff\u00a0\u00bb use_custom_width=\u00a0\u00bboff\u00a0\u00bb width_unit=\u00a0\u00bbon\u00a0\u00bb][et_pb_column type=\u00a0\u00bb4_4&Prime; _builder_version=\u00a0\u00bb3.25&Prime; custom_padding=\u00a0\u00bb|||\u00a0\u00bb custom_padding__hover=\u00a0\u00bb|||\u00a0\u00bb][et_pb_blurb title=\u00a0\u00bb3 comp\u00e9tences cl\u00e9s \u00a0\u00bb icon_placement=\u00a0\u00bbleft\u00a0\u00bb admin_label=\u00a0\u00bbOverview Content 1&Prime; _builder_version=\u00a0\u00bb4.9.7&Prime; header_level=\u00a0\u00bbh2&Prime; header_font=\u00a0\u00bbRaleway|700|||||||\u00a0\u00bb header_text_align=\u00a0\u00bbleft\u00a0\u00bb header_text_color=\u00a0\u00bb#1c9576&Prime; header_font_size=\u00a0\u00bb21px\u00a0\u00bb body_font=\u00a0\u00bbSource Sans Pro||||||||\u00a0\u00bb body_text_align=\u00a0\u00bbleft\u00a0\u00bb body_text_color=\u00a0\u00bb#555556&Prime; body_font_size=\u00a0\u00bb18.75px\u00a0\u00bb background_size=\u00a0\u00bbinitial\u00a0\u00bb background_position=\u00a0\u00bbtop_left\u00a0\u00bb background_repeat=\u00a0\u00bbrepeat\u00a0\u00bb custom_margin=\u00a0\u00bb|10%|||false|false\u00a0\u00bb custom_css_blurb_content=\u00a0\u00bb max-width: 100%;\u00a0\u00bb use_border_color=\u00a0\u00bboff\u00a0\u00bb border_color=\u00a0\u00bb#ffffff\u00a0\u00bb border_style=\u00a0\u00bbsolid\u00a0\u00bb]<\/p>\n<p>&nbsp;<\/p>\n<ul>\n<li><strong>Business :<\/strong> pour permettre aux \u00e9tudiants de d\u00e9velopper des soft skills tels que le leadership, la prise de parole en public, la gestion du temps, le marketing, les ressources humaines ou encore la vente ;<\/li>\n<li><strong>Cr\u00e9ativit\u00e9 :<\/strong> pour permettre aux \u00e9tudiants de d\u00e9velopper leurs comp\u00e9tences en photo, vid\u00e9o ou dessin 3D ;<\/li>\n<li><strong>Technologie :<\/strong> pour permettre aux \u00e9tudiants d\u2019approfondir leurs connaissances des langages informatiques (comme Python, SQL ou Java), la data science, la transformation digitale, l\u2019intelligence artificielle, &#8230;<\/li>\n<\/ul>\n<p>[\/et_pb_blurb][\/et_pb_column][\/et_pb_row][\/et_pb_section][et_pb_section fb_built=\u00a0\u00bb1&Prime; _builder_version=\u00a0\u00bb4.9.7&Prime; _module_preset=\u00a0\u00bbdefault\u00a0\u00bb background_color=\u00a0\u00bb#1c9576&Prime; locked=\u00a0\u00bboff\u00a0\u00bb][et_pb_row column_structure=\u00a0\u00bb2_5,3_5&Prime; _builder_version=\u00a0\u00bb4.9.7&Prime; _module_preset=\u00a0\u00bbdefault\u00a0\u00bb][et_pb_column type=\u00a0\u00bb2_5&Prime; _builder_version=\u00a0\u00bb4.9.7&Prime; _module_preset=\u00a0\u00bbdefault\u00a0\u00bb][et_pb_image alt=\u00a0\u00bbISGA | FORMER DES PROFILS\u00a0\u00bb title_text=\u00a0\u00bbISGA | FORMER DES PROFILS\u00a0\u00bb _builder_version=\u00a0\u00bb4.9.7&Prime; _module_preset=\u00a0\u00bbdefault\u00a0\u00bb][\/et_pb_image][et_pb_image src=\u00a0\u00bbhttps:\/\/isga.ma\/isga\/wp-content\/uploads\/2022\/10\/IMG_7844-Modifier.webp\u00a0\u00bb alt=\u00a0\u00bbISGA | FORMER DES PROFILS\u00a0\u00bb title_text=\u00a0\u00bbISGA | FORMER DES PROFILS\u00a0\u00bb _builder_version=\u00a0\u00bb4.9.7&Prime; _module_preset=\u00a0\u00bbdefault\u00a0\u00bb][\/et_pb_image][\/et_pb_column][et_pb_column type=\u00a0\u00bb3_5&Prime; _builder_version=\u00a0\u00bb4.9.7&Prime; _module_preset=\u00a0\u00bbdefault\u00a0\u00bb][et_pb_text admin_label=\u00a0\u00bbText\u00a0\u00bb _builder_version=\u00a0\u00bb4.9.7&Prime; _module_preset=\u00a0\u00bbdefault\u00a0\u00bb text_font=\u00a0\u00bbSource Sans Pro||||||||\u00a0\u00bb text_text_color=\u00a0\u00bb#565658&Prime; custom_margin=\u00a0\u00bb|10%|||false|false\u00a0\u00bb]<\/p>\n<p><strong><span style=\"color: #ffffff;\">Ces programmes de formation sont d\u00e9di\u00e9s \u00e0 deux types d\u2019\u00e9tudiants\u00a0:<\/span><\/strong><\/p>\n<p><span style=\"color: #ffffff;\">\u2192 Nouveaux \u00e9tudiants: (nouveaux inscrits)<\/span><\/p>\n<ul>\n<li><span style=\"color: #ffffff;\">D\u00e8s son inscription, l\u2019\u00e9tudiant est int\u00e9gr\u00e9 au programme \u00ab\u00a0Embarquer \u00e0 ISGA\u00a0\u00bb. Ce programme lui permettra de b\u00e9n\u00e9ficier d\u2019initiations dans plusieurs disciplines.<\/span><\/li>\n<\/ul>\n<p><span style=\"color: #ffffff;\">\u2192 Etudiants en cours de formation\u00a0: (d\u00e9j\u00e0 inscrits)<\/span><\/p>\n<p><span style=\"color: #ffffff;\">deux types de programme\u00a0:<\/span><\/p>\n<ul>\n<li><span style=\"color: #ffffff;\">En \u00e9t\u00e9 des programmes \u00ab\u00a0soft skills booster\u00bb, au cours desquels chaque \u00e9tudiant est invit\u00e9 \u00e0 suivre un programme en ligne de l\u2019ann\u00e9e acad\u00e9mique suivante.<\/span><\/li>\n<li><span style=\"color: #ffffff;\">Au cours de l&rsquo;ann\u00e9e acad\u00e9mique\u00a0des programmes de renforcement \u00ab\u00a0hardware skills\u00bb\u00a0:<\/span><\/li>\n<\/ul>\n<p><span style=\"color: #ffffff;\">Ces programmes sont propos\u00e9s compl\u00e8tent la formation acad\u00e9mique en cours.<\/span><\/p>\n<p>[\/et_pb_text][\/et_pb_column][\/et_pb_row][et_pb_row _builder_version=\u00a0\u00bb4.9.7&Prime; _module_preset=\u00a0\u00bbdefault\u00a0\u00bb][et_pb_column type=\u00a0\u00bb4_4&Prime; _builder_version=\u00a0\u00bb4.9.7&Prime; _module_preset=\u00a0\u00bbdefault\u00a0\u00bb][et_pb_text admin_label=\u00a0\u00bbText\u00a0\u00bb _builder_version=\u00a0\u00bb4.9.7&Prime; _module_preset=\u00a0\u00bbdefault\u00a0\u00bb text_font=\u00a0\u00bbSource Sans Pro||||||||\u00a0\u00bb text_text_color=\u00a0\u00bb#565658&Prime; custom_margin=\u00a0\u00bb|10%|||false|false\u00a0\u00bb]<span style=\"color: #ffffff;\">\u2192 Edvantis dispose de plusieurs plateformes d\u2019acad\u00e9mie de certification : Cisco, Huawei, RedHat, Oracle, Fortinet et Amazon. Ces acad\u00e9mies permettent aux \u00e9tudiants d\u2019Edvantis d\u2019acqu\u00e9rir des comp\u00e9tences dans diff\u00e9rentes disciplines valid\u00e9es par des certificats reconnus \u00e0 l\u2019\u00e9chelle internationale. <\/span><br \/>\n<span style=\"color: #ffffff;\">\u2192 L\u2019ISGA est un centre Pearson VUE dont l\u2019acc\u00e8s est ouvert \u00e0 tout public souhaitant se certifier.<\/span>[\/et_pb_text][\/et_pb_column][\/et_pb_row][\/et_pb_section]<\/p>\n","protected":false},"excerpt":{"rendered":"<p>[et_pb_section fb_built=\u00a0\u00bb1&Prime; fullwidth=\u00a0\u00bbon\u00a0\u00bb module_class=\u00a0\u00bbde-inner-page-header\u00a0\u00bb _builder_version=\u00a0\u00bb4.9.7&Prime; background_color=\u00a0\u00bbrgba(6,22,47,0.6)\u00a0\u00bb background_enable_color=\u00a0\u00bboff\u00a0\u00bb background_image=\u00a0\u00bbhttps:\/\/isga.ma\/isga\/wp-content\/uploads\/2021\/09\/12.png\u00a0\u00bb parallax=\u00a0\u00bbon\u00a0\u00bb][et_pb_fullwidth_post_title meta=\u00a0\u00bboff\u00a0\u00bb featured_image=\u00a0\u00bboff\u00a0\u00bb text_color=\u00a0\u00bblight\u00a0\u00bb admin_label=\u00a0\u00bbPage Title\u00a0\u00bb _builder_version=\u00a0\u00bb4.4.1&Prime; title_font=\u00a0\u00bb|300|||||||\u00a0\u00bb title_font_size=\u00a0\u00bb60px\u00a0\u00bb parallax=\u00a0\u00bbon\u00a0\u00bb parallax_method=\u00a0\u00bboff\u00a0\u00bb title_font_size_tablet=\u00a0\u00bb50px\u00a0\u00bb title_font_size_phone=\u00a0\u00bb40px\u00a0\u00bb title_font_size_last_edited=\u00a0\u00bbon|phone\u00a0\u00bb parallax_effect=\u00a0\u00bbon\u00a0\u00bb border_style=\u00a0\u00bbsolid\u00a0\u00bb][\/et_pb_fullwidth_post_title][\/et_pb_section][et_pb_section fb_built=\u00a0\u00bb1&Prime; admin_label=\u00a0\u00bbsection\u00a0\u00bb module_id=\u00a0\u00bbcourse-overview\u00a0\u00bb _builder_version=\u00a0\u00bb4.9.7&Prime; background_enable_color=\u00a0\u00bboff\u00a0\u00bb custom_css_main_element=\u00a0\u00bb box-shadow: 0px 0px 30px rgba(0, 0, 0, 0.2);\u00a0\u00bb transparent_background=\u00a0\u00bboff\u00a0\u00bb make_fullwidth=\u00a0\u00bboff\u00a0\u00bb use_custom_width=\u00a0\u00bboff\u00a0\u00bb width_unit=\u00a0\u00bbon\u00a0\u00bb][et_pb_row column_structure=\u00a0\u00bb3_5,2_5&Prime; admin_label=\u00a0\u00bbrow\u00a0\u00bb _builder_version=\u00a0\u00bb4.9.7&Prime; background_size=\u00a0\u00bbinitial\u00a0\u00bb background_position=\u00a0\u00bbtop_left\u00a0\u00bb background_repeat=\u00a0\u00bbrepeat\u00a0\u00bb make_fullwidth=\u00a0\u00bboff\u00a0\u00bb use_custom_width=\u00a0\u00bboff\u00a0\u00bb width_unit=\u00a0\u00bbon\u00a0\u00bb][et_pb_column type=\u00a0\u00bb3_5&Prime; _builder_version=\u00a0\u00bb3.25&Prime; custom_padding=\u00a0\u00bb|||\u00a0\u00bb custom_padding__hover=\u00a0\u00bb|||\u00a0\u00bb][et_pb_blurb [&hellip;]<\/p>\n","protected":false},"author":4,"featured_media":0,"parent":0,"menu_order":0,"comment_status":"closed","ping_status":"closed","template":"","meta":{"_et_pb_use_builder":"on","_et_pb_old_content":"","_et_gb_content_width":"","content-type":"","footnotes":""},"class_list":["post-9340","page","type-page","status-publish","hentry"],"yoast_head":"<!-- This site is optimized with the Yoast SEO plugin v27.5 - https:\/\/yoast.com\/product\/yoast-seo-wordpress\/ -->\n<title>Onboarding for ISGA - ISGA Institut Sup\u00e9rieur d&#039;Ing\u00e9nierie &amp; des Affaires<\/title>\n<meta name=\"description\" content=\"Offrir \u00e0 nos \u00e9tudiants des programmes de formation en ligne au cours de l\u2019\u00e9t\u00e9 et de l\u2019ann\u00e9e acad\u00e9mique. Les programmes sont r\u00e9alis\u00e9s \u00e0 l\u2019aide des supports de LinkedIn Learning.\" \/>\n<meta name=\"robots\" content=\"noindex, follow, max-snippet:-1, max-image-preview:large, max-video-preview:-1\" \/>\n<meta property=\"og:locale\" content=\"fr_FR\" \/>\n<meta property=\"og:type\" content=\"article\" \/>\n<meta property=\"og:title\" content=\"Onboarding for ISGA - ISGA Institut Sup\u00e9rieur d&#039;Ing\u00e9nierie &amp; des Affaires\" \/>\n<meta property=\"og:description\" content=\"Offrir \u00e0 nos \u00e9tudiants des programmes de formation en ligne au cours de l\u2019\u00e9t\u00e9 et de l\u2019ann\u00e9e acad\u00e9mique. Les programmes sont r\u00e9alis\u00e9s \u00e0 l\u2019aide des supports de LinkedIn Learning.\" \/>\n<meta property=\"og:url\" content=\"https:\/\/isga.ma\/isga\/onboarding-for-isga\/\" \/>\n<meta property=\"og:site_name\" content=\"ISGA Institut Sup\u00e9rieur d&#039;Ing\u00e9nierie &amp; des Affaires\" \/>\n<meta property=\"article:modified_time\" content=\"2022-12-07T14:52:19+00:00\" \/>\n<meta name=\"twitter:card\" content=\"summary_large_image\" \/>\n<meta name=\"twitter:label1\" content=\"Dur\u00e9e de lecture estim\u00e9e\" \/>\n\t<meta name=\"twitter:data1\" content=\"3 minutes\" \/>\n<script type=\"application\/ld+json\" class=\"yoast-schema-graph\">{\"@context\":\"https:\\\/\\\/schema.org\",\"@graph\":[{\"@type\":\"WebPage\",\"@id\":\"https:\\\/\\\/isga.ma\\\/isga\\\/onboarding-for-isga\\\/\",\"url\":\"https:\\\/\\\/isga.ma\\\/isga\\\/onboarding-for-isga\\\/\",\"name\":\"Onboarding for ISGA - ISGA Institut Sup\u00e9rieur d&#039;Ing\u00e9nierie &amp; des Affaires\",\"isPartOf\":{\"@id\":\"https:\\\/\\\/isga.ma\\\/isga\\\/#website\"},\"datePublished\":\"2022-12-07T14:39:28+00:00\",\"dateModified\":\"2022-12-07T14:52:19+00:00\",\"description\":\"Offrir \u00e0 nos \u00e9tudiants des programmes de formation en ligne au cours de l\u2019\u00e9t\u00e9 et de l\u2019ann\u00e9e acad\u00e9mique. Les programmes sont r\u00e9alis\u00e9s \u00e0 l\u2019aide des supports de LinkedIn Learning.\",\"breadcrumb\":{\"@id\":\"https:\\\/\\\/isga.ma\\\/isga\\\/onboarding-for-isga\\\/#breadcrumb\"},\"inLanguage\":\"fr-FR\",\"potentialAction\":[{\"@type\":\"ReadAction\",\"target\":[\"https:\\\/\\\/isga.ma\\\/isga\\\/onboarding-for-isga\\\/\"]}]},{\"@type\":\"BreadcrumbList\",\"@id\":\"https:\\\/\\\/isga.ma\\\/isga\\\/onboarding-for-isga\\\/#breadcrumb\",\"itemListElement\":[{\"@type\":\"ListItem\",\"position\":1,\"name\":\"Accueil\",\"item\":\"https:\\\/\\\/isga.ma\\\/isga\\\/\"},{\"@type\":\"ListItem\",\"position\":2,\"name\":\"Onboarding for ISGA\"}]},{\"@type\":\"WebSite\",\"@id\":\"https:\\\/\\\/isga.ma\\\/isga\\\/#website\",\"url\":\"https:\\\/\\\/isga.ma\\\/isga\\\/\",\"name\":\"ISGA Institut Sup\u00e9rieur d&#039;Ing\u00e9nierie &amp; des Affaires\",\"description\":\"Le chemin de la r\u00e9ussite depuis 1981\",\"potentialAction\":[{\"@type\":\"SearchAction\",\"target\":{\"@type\":\"EntryPoint\",\"urlTemplate\":\"https:\\\/\\\/isga.ma\\\/isga\\\/?s={search_term_string}\"},\"query-input\":{\"@type\":\"PropertyValueSpecification\",\"valueRequired\":true,\"valueName\":\"search_term_string\"}}],\"inLanguage\":\"fr-FR\"}]}<\/script>\n<!-- \/ Yoast SEO plugin. -->","yoast_head_json":{"title":"Onboarding for ISGA - ISGA Institut Sup\u00e9rieur d&#039;Ing\u00e9nierie &amp; des Affaires","description":"Offrir \u00e0 nos \u00e9tudiants des programmes de formation en ligne au cours de l\u2019\u00e9t\u00e9 et de l\u2019ann\u00e9e acad\u00e9mique. Les programmes sont r\u00e9alis\u00e9s \u00e0 l\u2019aide des supports de LinkedIn Learning.","robots":{"index":"noindex","follow":"follow","max-snippet":"max-snippet:-1","max-image-preview":"max-image-preview:large","max-video-preview":"max-video-preview:-1"},"og_locale":"fr_FR","og_type":"article","og_title":"Onboarding for ISGA - ISGA Institut Sup\u00e9rieur d&#039;Ing\u00e9nierie &amp; des Affaires","og_description":"Offrir \u00e0 nos \u00e9tudiants des programmes de formation en ligne au cours de l\u2019\u00e9t\u00e9 et de l\u2019ann\u00e9e acad\u00e9mique. Les programmes sont r\u00e9alis\u00e9s \u00e0 l\u2019aide des supports de LinkedIn Learning.","og_url":"https:\/\/isga.ma\/isga\/onboarding-for-isga\/","og_site_name":"ISGA Institut Sup\u00e9rieur d&#039;Ing\u00e9nierie &amp; des Affaires","article_modified_time":"2022-12-07T14:52:19+00:00","twitter_card":"summary_large_image","twitter_misc":{"Dur\u00e9e de lecture estim\u00e9e":"3 minutes"},"schema":{"@context":"https:\/\/schema.org","@graph":[{"@type":"WebPage","@id":"https:\/\/isga.ma\/isga\/onboarding-for-isga\/","url":"https:\/\/isga.ma\/isga\/onboarding-for-isga\/","name":"Onboarding for ISGA - ISGA Institut Sup\u00e9rieur d&#039;Ing\u00e9nierie &amp; des Affaires","isPartOf":{"@id":"https:\/\/isga.ma\/isga\/#website"},"datePublished":"2022-12-07T14:39:28+00:00","dateModified":"2022-12-07T14:52:19+00:00","description":"Offrir \u00e0 nos \u00e9tudiants des programmes de formation en ligne au cours de l\u2019\u00e9t\u00e9 et de l\u2019ann\u00e9e acad\u00e9mique. Les programmes sont r\u00e9alis\u00e9s \u00e0 l\u2019aide des supports de LinkedIn Learning.","breadcrumb":{"@id":"https:\/\/isga.ma\/isga\/onboarding-for-isga\/#breadcrumb"},"inLanguage":"fr-FR","potentialAction":[{"@type":"ReadAction","target":["https:\/\/isga.ma\/isga\/onboarding-for-isga\/"]}]},{"@type":"BreadcrumbList","@id":"https:\/\/isga.ma\/isga\/onboarding-for-isga\/#breadcrumb","itemListElement":[{"@type":"ListItem","position":1,"name":"Accueil","item":"https:\/\/isga.ma\/isga\/"},{"@type":"ListItem","position":2,"name":"Onboarding for ISGA"}]},{"@type":"WebSite","@id":"https:\/\/isga.ma\/isga\/#website","url":"https:\/\/isga.ma\/isga\/","name":"ISGA Institut Sup\u00e9rieur d&#039;Ing\u00e9nierie &amp; des Affaires","description":"Le chemin de la r\u00e9ussite depuis 1981","potentialAction":[{"@type":"SearchAction","target":{"@type":"EntryPoint","urlTemplate":"https:\/\/isga.ma\/isga\/?s={search_term_string}"},"query-input":{"@type":"PropertyValueSpecification","valueRequired":true,"valueName":"search_term_string"}}],"inLanguage":"fr-FR"}]}},"_links":{"self":[{"href":"https:\/\/isga.ma\/isga\/wp-json\/wp\/v2\/pages\/9340","targetHints":{"allow":["GET"]}}],"collection":[{"href":"https:\/\/isga.ma\/isga\/wp-json\/wp\/v2\/pages"}],"about":[{"href":"https:\/\/isga.ma\/isga\/wp-json\/wp\/v2\/types\/page"}],"author":[{"embeddable":true,"href":"https:\/\/isga.ma\/isga\/wp-json\/wp\/v2\/users\/4"}],"replies":[{"embeddable":true,"href":"https:\/\/isga.ma\/isga\/wp-json\/wp\/v2\/comments?post=9340"}],"version-history":[{"count":10,"href":"https:\/\/isga.ma\/isga\/wp-json\/wp\/v2\/pages\/9340\/revisions"}],"predecessor-version":[{"id":9359,"href":"https:\/\/isga.ma\/isga\/wp-json\/wp\/v2\/pages\/9340\/revisions\/9359"}],"wp:attachment":[{"href":"https:\/\/isga.ma\/isga\/wp-json\/wp\/v2\/media?parent=9340"}],"curies":[{"name":"wp","href":"https:\/\/api.w.org\/{rel}","templated":true}]}}