{"id":9367,"date":"2023-01-19T17:42:08","date_gmt":"2023-01-19T16:42:08","guid":{"rendered":"https:\/\/isga.ma\/isga\/?page_id=9367"},"modified":"2025-12-11T17:43:58","modified_gmt":"2025-12-11T16:43:58","slug":"des-projets-de-recherche-innovants-et-impactants","status":"publish","type":"page","link":"https:\/\/isga.ma\/isga\/des-projets-de-recherche-innovants-et-impactants\/","title":{"rendered":"Des projets de recherche innovants et impactants"},"content":{"rendered":"<p>[et_pb_section fb_built=\u00a0\u00bb1&Prime; fullwidth=\u00a0\u00bbon\u00a0\u00bb _builder_version=\u00a0\u00bb4.9.7&Prime; _module_preset=\u00a0\u00bbdefault\u00a0\u00bb background_image=\u00a0\u00bbhttps:\/\/isga.ma\/isga\/wp-content\/uploads\/2023\/01\/banner-recherche-1024&#215;682-1.webp\u00a0\u00bb][et_pb_fullwidth_post_title meta=\u00a0\u00bboff\u00a0\u00bb featured_image=\u00a0\u00bboff\u00a0\u00bb text_color=\u00a0\u00bblight\u00a0\u00bb _builder_version=\u00a0\u00bb4.9.7&Prime; _module_preset=\u00a0\u00bbdefault\u00a0\u00bb title_font=\u00a0\u00bb|300|||||||\u00a0\u00bb title_font_size=\u00a0\u00bb60px\u00a0\u00bb][\/et_pb_fullwidth_post_title][\/et_pb_section][et_pb_section fb_built=\u00a0\u00bb1&Prime; _builder_version=\u00a0\u00bb4.9.7&Prime; _module_preset=\u00a0\u00bbdefault\u00a0\u00bb][et_pb_row _builder_version=\u00a0\u00bb4.9.7&Prime; _module_preset=\u00a0\u00bbdefault\u00a0\u00bb][et_pb_column type=\u00a0\u00bb4_4&Prime; _builder_version=\u00a0\u00bb4.9.7&Prime; _module_preset=\u00a0\u00bbdefault\u00a0\u00bb][et_pb_blurb title=\u00a0\u00bbSyst\u00e8me Safe Mobility Day\u00a0\u00bb icon_placement=\u00a0\u00bbleft\u00a0\u00bb _builder_version=\u00a0\u00bb4.9.7&Prime; _module_preset=\u00a0\u00bbdefault\u00a0\u00bb header_level=\u00a0\u00bbh2&Prime; header_font=\u00a0\u00bbRaleway|900|||||||\u00a0\u00bb header_text_color=\u00a0\u00bb#317ac1&Prime; header_font_size=\u00a0\u00bb21px\u00a0\u00bb body_font=\u00a0\u00bbSource Sans Pro||||||||\u00a0\u00bb body_text_align=\u00a0\u00bbleft\u00a0\u00bb body_text_color=\u00a0\u00bb#555556&Prime; body_font_size=\u00a0\u00bb17px\u00a0\u00bb hover_enabled=\u00a0\u00bb0&Prime; custom_css_blurb_content=\u00a0\u00bb max-width: 100%;\u00a0\u00bb sticky_enabled=\u00a0\u00bb0&Prime;]Le 5 avril 2025, lors de la journ\u00e9e \u00ab\u00a0Embedded Systems for Safe Mobility Day\u00a0\u00bb organis\u00e9e par l&rsquo;\u00c9cole Nationale des Sciences Appliqu\u00e9es (ENSA) de Marrakech, nos \u00e9tudiants,  Zaid El Kounti, Abdelhaq Ouhassou et Oussama Tourahi, ont remport\u00e9 le 2e prix avec leur projet \u00ab\u00a0NARSATECH SAFEMOBILITY : MOTOSAFE+\u00a0\u00bb. Ce projet innovant, qui vise \u00e0 am\u00e9liorer la s\u00e9curit\u00e9 des motards, a \u00e9t\u00e9 pr\u00e9sent\u00e9 lors de cet \u00e9v\u00e9nement, en partenariat avec l&rsquo;ISGA et soutenu par l&rsquo;ENSA.[\/et_pb_blurb][et_pb_gallery gallery_ids=\u00a0\u00bb12320,12321&Prime; show_title_and_caption=\u00a0\u00bboff\u00a0\u00bb show_pagination=\u00a0\u00bboff\u00a0\u00bb _builder_version=\u00a0\u00bb4.9.7&Prime; _module_preset=\u00a0\u00bbdefault\u00a0\u00bb hover_enabled=\u00a0\u00bb0&Prime; custom_css_gallery_item=\u00a0\u00bbtext-align: center;||max-width: auto;\u00a0\u00bb sticky_enabled=\u00a0\u00bb0&Prime;][\/et_pb_gallery][\/et_pb_column][\/et_pb_row][\/et_pb_section][et_pb_section fb_built=\u00a0\u00bb1&Prime; _builder_version=\u00a0\u00bb4.9.7&Prime; _module_preset=\u00a0\u00bbdefault\u00a0\u00bb][et_pb_row _builder_version=\u00a0\u00bb4.9.7&Prime; _module_preset=\u00a0\u00bbdefault\u00a0\u00bb][et_pb_column type=\u00a0\u00bb4_4&Prime; _builder_version=\u00a0\u00bb4.9.7&Prime; _module_preset=\u00a0\u00bbdefault\u00a0\u00bb][et_pb_blurb title=\u00a0\u00bbDispositif m\u00e9catronique de d\u00e9sinfection intelligente de chariots par balayage\u00a0\u00bb icon_placement=\u00a0\u00bbleft\u00a0\u00bb _builder_version=\u00a0\u00bb4.9.7&Prime; _module_preset=\u00a0\u00bbdefault\u00a0\u00bb header_level=\u00a0\u00bbh2&Prime; header_font=\u00a0\u00bbRaleway|900|||||||\u00a0\u00bb header_text_color=\u00a0\u00bb#317ac1&Prime; header_font_size=\u00a0\u00bb21px\u00a0\u00bb body_font=\u00a0\u00bbSource Sans Pro||||||||\u00a0\u00bb body_text_align=\u00a0\u00bbleft\u00a0\u00bb body_text_color=\u00a0\u00bb#555556&Prime; body_font_size=\u00a0\u00bb17px\u00a0\u00bb custom_css_blurb_content=\u00a0\u00bb max-width: 100%;\u00a0\u00bb]<\/p>\n<p><strong>N\u00b0 de d\u00e9p\u00f4t de brevet :<\/strong> 55829\u00a0<strong> \u00a0|<\/strong>\u00a0 <strong>Date de d\u00e9p\u00f4t :<\/strong> 16\/02\/2022<strong>\u00a0 |<\/strong>\u00a0\u00a0<strong>Avis favorable OMPIC :<\/strong> 09\/08\/2022<\/p>\n<p>Dispositif intelligent, autonome qui auto-d\u00e9sinfecte par rayons UV les barres des chariots des grandes surfaces pour minimiser la probabilit\u00e9 de contamination des clients par les virus (Covid-19 ou autres).<\/p>\n<p>Il est compos\u00e9 d&rsquo;une unit\u00e9 centrale de traitement connect\u00e9e \u00e0 une multitude de capteurs et \u00e0 un syst\u00e8me \u00e9lectrom\u00e9canique qui g\u00e8re les d\u00e9placements automatiques du dispositif. Cette unit\u00e9 centrale permet de contr\u00f4ler le d\u00e9placement du syst\u00e8me de d\u00e9sinfection, de d\u00e9clencher la d\u00e9sinfection, de d\u00e9tecter la pr\u00e9sence ou l\u2019absence des mains sur la barre du chariot et de g\u00e9rer la distribution \u00e9nerg\u00e9tique gr\u00e2ce \u00e0 un syst\u00e8me de management de batterie.<\/p>\n<p>Le dispositif est aussi dot\u00e9 d\u2019un module de notification pour afficher l\u2019\u00e9tat de la batterie et le diagnostic des \u00e9l\u00e9ments de d\u00e9sinfection.<\/p>\n<p>[\/et_pb_blurb][et_pb_gallery gallery_ids=\u00a0\u00bb9374,9375,9380&Prime; show_title_and_caption=\u00a0\u00bboff\u00a0\u00bb show_pagination=\u00a0\u00bboff\u00a0\u00bb _builder_version=\u00a0\u00bb4.9.7&Prime; _module_preset=\u00a0\u00bbdefault\u00a0\u00bb custom_css_gallery_item=\u00a0\u00bbtext-align: center;||max-width: auto;\u00a0\u00bb][\/et_pb_gallery][\/et_pb_column][\/et_pb_row][\/et_pb_section][et_pb_section fb_built=\u00a0\u00bb1&Prime; _builder_version=\u00a0\u00bb4.9.7&Prime; _module_preset=\u00a0\u00bbdefault\u00a0\u00bb][et_pb_row column_structure=\u00a0\u00bb3_5,2_5&Prime; _builder_version=\u00a0\u00bb4.9.7&Prime; _module_preset=\u00a0\u00bbdefault\u00a0\u00bb][et_pb_column type=\u00a0\u00bb3_5&Prime; _builder_version=\u00a0\u00bb4.9.7&Prime; _module_preset=\u00a0\u00bbdefault\u00a0\u00bb][et_pb_blurb title=\u00a0\u00bbDispositif IoT multi-capteurs de contr\u00f4le de la qualit\u00e9 d\u2019air\u00a0\u00bb icon_placement=\u00a0\u00bbleft\u00a0\u00bb _builder_version=\u00a0\u00bb4.9.7&Prime; _module_preset=\u00a0\u00bbdefault\u00a0\u00bb header_level=\u00a0\u00bbh2&Prime; header_font=\u00a0\u00bbRaleway|900|||||||\u00a0\u00bb header_text_color=\u00a0\u00bb#317ac1&Prime; header_font_size=\u00a0\u00bb21px\u00a0\u00bb body_font=\u00a0\u00bbSource Sans Pro||||||||\u00a0\u00bb body_text_align=\u00a0\u00bbleft\u00a0\u00bb body_text_color=\u00a0\u00bb#555556&Prime; body_font_size=\u00a0\u00bb17px\u00a0\u00bb custom_css_blurb_content=\u00a0\u00bb max-width: 100%;\u00a0\u00bb]C\u2019est un dispositif intelligent dot\u00e9 de capteurs tr\u00e8s sensibles permettant de d\u00e9tecter les principaux polluants de l\u2019air commele CO<sub>2<\/sub>, le dioxyde de soufre, le dioxyde d\u2019azote, certains m\u00e9taux comme le plomb, le mercure,\u2026.<\/p>\n<p>Ces capteurs sont li\u00e9s \u00e0 un microcontr\u00f4leur pour permettre, selon un algorithme, de calculer le niveau de la qualit\u00e9 d\u2019air, et d\u2019en informer les responsables des lieux en cas de d\u00e9gradation s\u00e9v\u00e8re.<\/p>\n<p>Une version mobile de ce dispositif, en cours de r\u00e9alisation, permettra de r\u00e9aliser une sorte de cartographie de la qualit\u00e9 de l\u2019air d\u2019une ville ou d\u2019une r\u00e9gion avec des donn\u00e9es actualis\u00e9es en permanence.<br \/>\n[\/et_pb_blurb][\/et_pb_column][et_pb_column type=\u00a0\u00bb2_5&Prime; _builder_version=\u00a0\u00bb4.9.7&Prime; _module_preset=\u00a0\u00bbdefault\u00a0\u00bb][et_pb_gallery gallery_ids=\u00a0\u00bb9383&Prime; show_title_and_caption=\u00a0\u00bboff\u00a0\u00bb show_pagination=\u00a0\u00bboff\u00a0\u00bb _builder_version=\u00a0\u00bb4.9.7&Prime; _module_preset=\u00a0\u00bbdefault\u00a0\u00bb custom_css_gallery_item=\u00a0\u00bbtext-align: center;||max-width: auto;\u00a0\u00bb][\/et_pb_gallery][\/et_pb_column][\/et_pb_row][\/et_pb_section][et_pb_section fb_built=\u00a0\u00bb1&Prime; _builder_version=\u00a0\u00bb4.9.7&Prime; _module_preset=\u00a0\u00bbdefault\u00a0\u00bb][et_pb_row _builder_version=\u00a0\u00bb4.9.7&Prime; _module_preset=\u00a0\u00bbdefault\u00a0\u00bb][et_pb_column type=\u00a0\u00bb4_4&Prime; _builder_version=\u00a0\u00bb4.9.7&Prime; _module_preset=\u00a0\u00bbdefault\u00a0\u00bb][et_pb_blurb title=\u00a0\u00bbDispositif de g\u00e9olocalisation pour la notification des parents de la proximit\u00e9 du transport scolaire\u00a0\u00bb icon_placement=\u00a0\u00bbleft\u00a0\u00bb _builder_version=\u00a0\u00bb4.9.7&Prime; _module_preset=\u00a0\u00bbdefault\u00a0\u00bb header_level=\u00a0\u00bbh2&Prime; header_font=\u00a0\u00bbRaleway|900|||||||\u00a0\u00bb header_text_color=\u00a0\u00bb#317ac1&Prime; header_font_size=\u00a0\u00bb21px\u00a0\u00bb body_font=\u00a0\u00bbSource Sans Pro||||||||\u00a0\u00bb body_text_align=\u00a0\u00bbleft\u00a0\u00bb body_text_color=\u00a0\u00bb#555556&Prime; body_font_size=\u00a0\u00bb17px\u00a0\u00bb custom_css_blurb_content=\u00a0\u00bb max-width: 100%;\u00a0\u00bb]Dispositif intelligent de g\u00e9olocalisation fix\u00e9 sur le bus de transport aliment\u00e9 par l\u2019\u00e9nergie \u00e9lectrique disponible du v\u00e9hicule.<\/p>\n<p>Le dispositif envoie p\u00e9riodiquement sa localisation via GPRS au serveur distant. Une application mobile multiplateforme permet aux parents de s\u2019informer, en temps r\u00e9el, sur le d\u00e9placement du bus scolaire de leurs enfants. Une notification est envoy\u00e9e aux parents quand le bus est proche de leur domicile, r\u00e9duisant consid\u00e9rablement les temps d\u2019attente en ext\u00e9rieur.<br \/>\n[\/et_pb_blurb][et_pb_gallery gallery_ids=\u00a0\u00bb9386,9387,9388&Prime; show_title_and_caption=\u00a0\u00bboff\u00a0\u00bb show_pagination=\u00a0\u00bboff\u00a0\u00bb _builder_version=\u00a0\u00bb4.9.7&Prime; _module_preset=\u00a0\u00bbdefault\u00a0\u00bb custom_css_gallery_item=\u00a0\u00bbtext-align: center;||max-width: auto;\u00a0\u00bb][\/et_pb_gallery][\/et_pb_column][\/et_pb_row][\/et_pb_section]<\/p>\n","protected":false},"excerpt":{"rendered":"<p>[et_pb_section fb_built=\u00a0\u00bb1&Prime; fullwidth=\u00a0\u00bbon\u00a0\u00bb _builder_version=\u00a0\u00bb4.9.7&Prime; _module_preset=\u00a0\u00bbdefault\u00a0\u00bb background_image=\u00a0\u00bbhttps:\/\/isga.ma\/isga\/wp-content\/uploads\/2023\/01\/banner-recherche-1024&#215;682-1.webp\u00a0\u00bb][et_pb_fullwidth_post_title meta=\u00a0\u00bboff\u00a0\u00bb featured_image=\u00a0\u00bboff\u00a0\u00bb text_color=\u00a0\u00bblight\u00a0\u00bb _builder_version=\u00a0\u00bb4.9.7&Prime; _module_preset=\u00a0\u00bbdefault\u00a0\u00bb title_font=\u00a0\u00bb|300|||||||\u00a0\u00bb title_font_size=\u00a0\u00bb60px\u00a0\u00bb][\/et_pb_fullwidth_post_title][\/et_pb_section][et_pb_section fb_built=\u00a0\u00bb1&Prime; _builder_version=\u00a0\u00bb4.9.7&Prime; _module_preset=\u00a0\u00bbdefault\u00a0\u00bb][et_pb_row _builder_version=\u00a0\u00bb4.9.7&Prime; _module_preset=\u00a0\u00bbdefault\u00a0\u00bb][et_pb_column type=\u00a0\u00bb4_4&Prime; _builder_version=\u00a0\u00bb4.9.7&Prime; _module_preset=\u00a0\u00bbdefault\u00a0\u00bb][et_pb_blurb title=\u00a0\u00bbSyst\u00e8me Safe Mobility Day\u00a0\u00bb icon_placement=\u00a0\u00bbleft\u00a0\u00bb _builder_version=\u00a0\u00bb4.9.7&Prime; _module_preset=\u00a0\u00bbdefault\u00a0\u00bb header_level=\u00a0\u00bbh2&Prime; header_font=\u00a0\u00bbRaleway|900|||||||\u00a0\u00bb header_text_color=\u00a0\u00bb#317ac1&Prime; header_font_size=\u00a0\u00bb21px\u00a0\u00bb body_font=\u00a0\u00bbSource Sans Pro||||||||\u00a0\u00bb body_text_align=\u00a0\u00bbleft\u00a0\u00bb body_text_color=\u00a0\u00bb#555556&Prime; body_font_size=\u00a0\u00bb17px\u00a0\u00bb hover_enabled=\u00a0\u00bb0&Prime; custom_css_blurb_content=\u00a0\u00bb max-width: 100%;\u00a0\u00bb sticky_enabled=\u00a0\u00bb0&Prime;]Le 5 avril 2025, lors de la journ\u00e9e \u00ab\u00a0Embedded Systems for Safe Mobility [&hellip;]<\/p>\n","protected":false},"author":4,"featured_media":0,"parent":0,"menu_order":0,"comment_status":"closed","ping_status":"closed","template":"","meta":{"_et_pb_use_builder":"on","_et_pb_old_content":"","_et_gb_content_width":"","content-type":"","footnotes":""},"class_list":["post-9367","page","type-page","status-publish","hentry"],"yoast_head":"<!-- This site is optimized with the Yoast SEO plugin v27.5 - https:\/\/yoast.com\/product\/yoast-seo-wordpress\/ -->\n<title>Des projets de recherche innovants et impactants - ISGA Institut Sup\u00e9rieur d&#039;Ing\u00e9nierie &amp; des Affaires<\/title>\n<meta name=\"robots\" content=\"noindex, follow, max-snippet:-1, max-image-preview:large, max-video-preview:-1\" \/>\n<meta property=\"og:locale\" content=\"fr_FR\" \/>\n<meta property=\"og:type\" content=\"article\" \/>\n<meta property=\"og:title\" content=\"Des projets de recherche innovants et impactants - ISGA Institut Sup\u00e9rieur d&#039;Ing\u00e9nierie &amp; des Affaires\" \/>\n<meta property=\"og:description\" content=\"[et_pb_section fb_built=\u00a0\u00bb1&Prime; fullwidth=\u00a0\u00bbon\u00a0\u00bb _builder_version=\u00a0\u00bb4.9.7&Prime; _module_preset=\u00a0\u00bbdefault\u00a0\u00bb background_image=\u00a0\u00bbhttps:\/\/isga.ma\/isga\/wp-content\/uploads\/2023\/01\/banner-recherche-1024&#215;682-1.webp\u00a0\u00bb][et_pb_fullwidth_post_title meta=\u00a0\u00bboff\u00a0\u00bb featured_image=\u00a0\u00bboff\u00a0\u00bb text_color=\u00a0\u00bblight\u00a0\u00bb _builder_version=\u00a0\u00bb4.9.7&Prime; _module_preset=\u00a0\u00bbdefault\u00a0\u00bb title_font=\u00a0\u00bb|300|||||||\u00a0\u00bb title_font_size=\u00a0\u00bb60px\u00a0\u00bb][\/et_pb_fullwidth_post_title][\/et_pb_section][et_pb_section fb_built=\u00a0\u00bb1&Prime; _builder_version=\u00a0\u00bb4.9.7&Prime; _module_preset=\u00a0\u00bbdefault\u00a0\u00bb][et_pb_row _builder_version=\u00a0\u00bb4.9.7&Prime; _module_preset=\u00a0\u00bbdefault\u00a0\u00bb][et_pb_column type=\u00a0\u00bb4_4&Prime; _builder_version=\u00a0\u00bb4.9.7&Prime; _module_preset=\u00a0\u00bbdefault\u00a0\u00bb][et_pb_blurb title=\u00a0\u00bbSyst\u00e8me Safe Mobility Day\u00a0\u00bb icon_placement=\u00a0\u00bbleft\u00a0\u00bb _builder_version=\u00a0\u00bb4.9.7&Prime; _module_preset=\u00a0\u00bbdefault\u00a0\u00bb header_level=\u00a0\u00bbh2&Prime; header_font=\u00a0\u00bbRaleway|900|||||||\u00a0\u00bb header_text_color=\u00a0\u00bb#317ac1&Prime; header_font_size=\u00a0\u00bb21px\u00a0\u00bb body_font=\u00a0\u00bbSource Sans Pro||||||||\u00a0\u00bb body_text_align=\u00a0\u00bbleft\u00a0\u00bb body_text_color=\u00a0\u00bb#555556&Prime; body_font_size=\u00a0\u00bb17px\u00a0\u00bb hover_enabled=\u00a0\u00bb0&Prime; custom_css_blurb_content=\u00a0\u00bb max-width: 100%;\u00a0\u00bb sticky_enabled=\u00a0\u00bb0&Prime;]Le 5 avril 2025, lors de la journ\u00e9e \u00ab\u00a0Embedded Systems for Safe Mobility [&hellip;]\" \/>\n<meta property=\"og:url\" content=\"https:\/\/isga.ma\/isga\/des-projets-de-recherche-innovants-et-impactants\/\" \/>\n<meta property=\"og:site_name\" content=\"ISGA Institut Sup\u00e9rieur d&#039;Ing\u00e9nierie &amp; des Affaires\" \/>\n<meta property=\"article:modified_time\" content=\"2025-12-11T16:43:58+00:00\" \/>\n<meta name=\"twitter:card\" content=\"summary_large_image\" \/>\n<meta name=\"twitter:label1\" content=\"Dur\u00e9e de lecture estim\u00e9e\" \/>\n\t<meta name=\"twitter:data1\" content=\"4 minutes\" \/>\n<script type=\"application\/ld+json\" class=\"yoast-schema-graph\">{\"@context\":\"https:\\\/\\\/schema.org\",\"@graph\":[{\"@type\":\"WebPage\",\"@id\":\"https:\\\/\\\/isga.ma\\\/isga\\\/des-projets-de-recherche-innovants-et-impactants\\\/\",\"url\":\"https:\\\/\\\/isga.ma\\\/isga\\\/des-projets-de-recherche-innovants-et-impactants\\\/\",\"name\":\"Des projets de recherche innovants et impactants - ISGA Institut Sup\u00e9rieur d&#039;Ing\u00e9nierie &amp; des Affaires\",\"isPartOf\":{\"@id\":\"https:\\\/\\\/isga.ma\\\/isga\\\/#website\"},\"datePublished\":\"2023-01-19T16:42:08+00:00\",\"dateModified\":\"2025-12-11T16:43:58+00:00\",\"breadcrumb\":{\"@id\":\"https:\\\/\\\/isga.ma\\\/isga\\\/des-projets-de-recherche-innovants-et-impactants\\\/#breadcrumb\"},\"inLanguage\":\"fr-FR\",\"potentialAction\":[{\"@type\":\"ReadAction\",\"target\":[\"https:\\\/\\\/isga.ma\\\/isga\\\/des-projets-de-recherche-innovants-et-impactants\\\/\"]}]},{\"@type\":\"BreadcrumbList\",\"@id\":\"https:\\\/\\\/isga.ma\\\/isga\\\/des-projets-de-recherche-innovants-et-impactants\\\/#breadcrumb\",\"itemListElement\":[{\"@type\":\"ListItem\",\"position\":1,\"name\":\"Accueil\",\"item\":\"https:\\\/\\\/isga.ma\\\/isga\\\/\"},{\"@type\":\"ListItem\",\"position\":2,\"name\":\"Des projets de recherche innovants et impactants\"}]},{\"@type\":\"WebSite\",\"@id\":\"https:\\\/\\\/isga.ma\\\/isga\\\/#website\",\"url\":\"https:\\\/\\\/isga.ma\\\/isga\\\/\",\"name\":\"ISGA Institut Sup\u00e9rieur d&#039;Ing\u00e9nierie &amp; des Affaires\",\"description\":\"Le chemin de la r\u00e9ussite depuis 1981\",\"potentialAction\":[{\"@type\":\"SearchAction\",\"target\":{\"@type\":\"EntryPoint\",\"urlTemplate\":\"https:\\\/\\\/isga.ma\\\/isga\\\/?s={search_term_string}\"},\"query-input\":{\"@type\":\"PropertyValueSpecification\",\"valueRequired\":true,\"valueName\":\"search_term_string\"}}],\"inLanguage\":\"fr-FR\"}]}<\/script>\n<!-- \/ Yoast SEO plugin. -->","yoast_head_json":{"title":"Des projets de recherche innovants et impactants - ISGA Institut Sup\u00e9rieur d&#039;Ing\u00e9nierie &amp; des Affaires","robots":{"index":"noindex","follow":"follow","max-snippet":"max-snippet:-1","max-image-preview":"max-image-preview:large","max-video-preview":"max-video-preview:-1"},"og_locale":"fr_FR","og_type":"article","og_title":"Des projets de recherche innovants et impactants - ISGA Institut Sup\u00e9rieur d&#039;Ing\u00e9nierie &amp; des Affaires","og_description":"[et_pb_section fb_built=\u00a0\u00bb1&Prime; fullwidth=\u00a0\u00bbon\u00a0\u00bb _builder_version=\u00a0\u00bb4.9.7&Prime; _module_preset=\u00a0\u00bbdefault\u00a0\u00bb background_image=\u00a0\u00bbhttps:\/\/isga.ma\/isga\/wp-content\/uploads\/2023\/01\/banner-recherche-1024&#215;682-1.webp\u00a0\u00bb][et_pb_fullwidth_post_title meta=\u00a0\u00bboff\u00a0\u00bb featured_image=\u00a0\u00bboff\u00a0\u00bb text_color=\u00a0\u00bblight\u00a0\u00bb _builder_version=\u00a0\u00bb4.9.7&Prime; _module_preset=\u00a0\u00bbdefault\u00a0\u00bb title_font=\u00a0\u00bb|300|||||||\u00a0\u00bb title_font_size=\u00a0\u00bb60px\u00a0\u00bb][\/et_pb_fullwidth_post_title][\/et_pb_section][et_pb_section fb_built=\u00a0\u00bb1&Prime; _builder_version=\u00a0\u00bb4.9.7&Prime; _module_preset=\u00a0\u00bbdefault\u00a0\u00bb][et_pb_row _builder_version=\u00a0\u00bb4.9.7&Prime; _module_preset=\u00a0\u00bbdefault\u00a0\u00bb][et_pb_column type=\u00a0\u00bb4_4&Prime; _builder_version=\u00a0\u00bb4.9.7&Prime; _module_preset=\u00a0\u00bbdefault\u00a0\u00bb][et_pb_blurb title=\u00a0\u00bbSyst\u00e8me Safe Mobility Day\u00a0\u00bb icon_placement=\u00a0\u00bbleft\u00a0\u00bb _builder_version=\u00a0\u00bb4.9.7&Prime; _module_preset=\u00a0\u00bbdefault\u00a0\u00bb header_level=\u00a0\u00bbh2&Prime; header_font=\u00a0\u00bbRaleway|900|||||||\u00a0\u00bb header_text_color=\u00a0\u00bb#317ac1&Prime; header_font_size=\u00a0\u00bb21px\u00a0\u00bb body_font=\u00a0\u00bbSource Sans Pro||||||||\u00a0\u00bb body_text_align=\u00a0\u00bbleft\u00a0\u00bb body_text_color=\u00a0\u00bb#555556&Prime; body_font_size=\u00a0\u00bb17px\u00a0\u00bb hover_enabled=\u00a0\u00bb0&Prime; custom_css_blurb_content=\u00a0\u00bb max-width: 100%;\u00a0\u00bb sticky_enabled=\u00a0\u00bb0&Prime;]Le 5 avril 2025, lors de la journ\u00e9e \u00ab\u00a0Embedded Systems for Safe Mobility [&hellip;]","og_url":"https:\/\/isga.ma\/isga\/des-projets-de-recherche-innovants-et-impactants\/","og_site_name":"ISGA Institut Sup\u00e9rieur d&#039;Ing\u00e9nierie &amp; des Affaires","article_modified_time":"2025-12-11T16:43:58+00:00","twitter_card":"summary_large_image","twitter_misc":{"Dur\u00e9e de lecture estim\u00e9e":"4 minutes"},"schema":{"@context":"https:\/\/schema.org","@graph":[{"@type":"WebPage","@id":"https:\/\/isga.ma\/isga\/des-projets-de-recherche-innovants-et-impactants\/","url":"https:\/\/isga.ma\/isga\/des-projets-de-recherche-innovants-et-impactants\/","name":"Des projets de recherche innovants et impactants - ISGA Institut Sup\u00e9rieur d&#039;Ing\u00e9nierie &amp; des Affaires","isPartOf":{"@id":"https:\/\/isga.ma\/isga\/#website"},"datePublished":"2023-01-19T16:42:08+00:00","dateModified":"2025-12-11T16:43:58+00:00","breadcrumb":{"@id":"https:\/\/isga.ma\/isga\/des-projets-de-recherche-innovants-et-impactants\/#breadcrumb"},"inLanguage":"fr-FR","potentialAction":[{"@type":"ReadAction","target":["https:\/\/isga.ma\/isga\/des-projets-de-recherche-innovants-et-impactants\/"]}]},{"@type":"BreadcrumbList","@id":"https:\/\/isga.ma\/isga\/des-projets-de-recherche-innovants-et-impactants\/#breadcrumb","itemListElement":[{"@type":"ListItem","position":1,"name":"Accueil","item":"https:\/\/isga.ma\/isga\/"},{"@type":"ListItem","position":2,"name":"Des projets de recherche innovants et impactants"}]},{"@type":"WebSite","@id":"https:\/\/isga.ma\/isga\/#website","url":"https:\/\/isga.ma\/isga\/","name":"ISGA Institut Sup\u00e9rieur d&#039;Ing\u00e9nierie &amp; des Affaires","description":"Le chemin de la r\u00e9ussite depuis 1981","potentialAction":[{"@type":"SearchAction","target":{"@type":"EntryPoint","urlTemplate":"https:\/\/isga.ma\/isga\/?s={search_term_string}"},"query-input":{"@type":"PropertyValueSpecification","valueRequired":true,"valueName":"search_term_string"}}],"inLanguage":"fr-FR"}]}},"_links":{"self":[{"href":"https:\/\/isga.ma\/isga\/wp-json\/wp\/v2\/pages\/9367","targetHints":{"allow":["GET"]}}],"collection":[{"href":"https:\/\/isga.ma\/isga\/wp-json\/wp\/v2\/pages"}],"about":[{"href":"https:\/\/isga.ma\/isga\/wp-json\/wp\/v2\/types\/page"}],"author":[{"embeddable":true,"href":"https:\/\/isga.ma\/isga\/wp-json\/wp\/v2\/users\/4"}],"replies":[{"embeddable":true,"href":"https:\/\/isga.ma\/isga\/wp-json\/wp\/v2\/comments?post=9367"}],"version-history":[{"count":16,"href":"https:\/\/isga.ma\/isga\/wp-json\/wp\/v2\/pages\/9367\/revisions"}],"predecessor-version":[{"id":12322,"href":"https:\/\/isga.ma\/isga\/wp-json\/wp\/v2\/pages\/9367\/revisions\/12322"}],"wp:attachment":[{"href":"https:\/\/isga.ma\/isga\/wp-json\/wp\/v2\/media?parent=9367"}],"curies":[{"name":"wp","href":"https:\/\/api.w.org\/{rel}","templated":true}]}}